{"id":97,"date":"2025-07-27T16:56:19","date_gmt":"2025-07-27T16:56:19","guid":{"rendered":"https:\/\/gr.intertel.club\/nduvernois\/?page_id=97"},"modified":"2025-10-16T20:05:49","modified_gmt":"2025-10-16T20:05:49","slug":"economies-denergie-a-la-maison-le-complexe-des-radiateurs-electriques","status":"publish","type":"page","link":"https:\/\/gr.intertel.club\/nduvernois\/economies-denergie-a-la-maison-le-complexe-des-radiateurs-electriques\/","title":{"rendered":"Le complexe des radiateurs \u00e9lectriques"},"content":{"rendered":"\n<p><em>Y\u2019en a marre, tu ne dis rien sur les chauffages \u00e9lectriques<\/em><\/p>\n\n\n\n<p>Effectivement, c\u2019est un manque qu\u2019il faut combler. Toutefois, mon article sur l\u2019int\u00e9r\u00eat de rendre le chauffage intermittent (<a href=\"https:\/\/gr.intertel.club\/nduvernois\/economies-denergie-a-la-maison-chauffer-ou-ne-pas-chauffer-telle-est-la-question\/\">ici<\/a>) est parfaitement applicable aux diff\u00e9rents chauffages \u00e9lectriques.\u00a0:<\/p>\n\n\n\n<p>Regardons maintenant quelques moyens de chauffage \u00e9lectrique&nbsp;:<\/p>\n\n\n\n<ul class=\"wp-block-list\">\n<li>Les c\u00e2bles \u00e9lectriques noy\u00e9s dans le sol (fa\u00e7on plancher chauffant hydraulique)<\/li>\n<\/ul>\n\n\n\n<p>Je n\u2019en ai jamais vu, et j\u2019ai encore moins v\u00e9cu avec. De prime abord, \u00e0 part jouer avec l\u2019intermittence du chauffage, je ne vois pas quoi faire. J\u2019esp\u00e8re que les contr\u00f4leurs ont suffisamment de possibilit\u00e9s de programmation.<\/p>\n\n\n\n<ul class=\"wp-block-list\">\n<li>La chaudi\u00e8re \u00e9lectrique (qui remplace une chaudi\u00e8re gaz par exemple)<\/li>\n<\/ul>\n\n\n\n<p>Je passe, les articles sur les chauffages hydrauliques s\u2019appliquent (voir <a href=\"https:\/\/gr.intertel.club\/nduvernois\/economies-denergie-a-la-maison-radiateurs-a-eau-surface-ou-temperature-il-faut-choisir\/\">ici<\/a>, <a href=\"https:\/\/gr.intertel.club\/nduvernois\/economies-denergie-a-la-maison-vous-pompiez-jen-suis-fort-aise-eh-bien-regulez-maintenant\/\">l\u00e0<\/a> et <a href=\"https:\/\/gr.intertel.club\/nduvernois\/economies-denergie-a-la-maison-la-java-des-vannes-thermostatiques\/\">l\u00e0<\/a>). Mais bon, \u00e0 la premi\u00e8re occasion, passez \u00e0 une pompe \u00e0 chaleur. Quel type de pompe \u00e0 chaleur\u00a0? Bonne question, j\u2019en parlerai dans un autre article.<\/p>\n\n\n\n<ul class=\"wp-block-list\">\n<li>Les convecteurs, \u00e9galement surnomm\u00e9s grille-pains<\/li>\n<\/ul>\n\n\n\n<p>Ha\u00a0! La solution \u00e0 pas cher pour \u00e9quiper un logement (v\u00e9cu personnel)\u00a0! Et la mauvaise r\u00e9putation de qualit\u00e9 de chauffage (v\u00e9cu personnel aussi)\u00a0! Regardons cela d\u2019un peu plus pr\u00e8s (et je me r\u00e9f\u00e8re au livre Design \u00c9nerg\u00e9tique de Pascal Lenormand). Nous, humains, recevons (ou \u00e9mettons) du rayonnement infrarouge, nous \u00e9changeons de la chaleur par convection avec l\u2019air ambiant et par conduction avec les objets en contact avec le corps, sans compter le r\u00f4le de l\u2019\u00e9vaporation. Donc le confort thermique peut se comprendre comme un \u00e9quilibre de flux thermique. Soit, mais comment \u00e7a se r\u00e9partit tout cela\u00a0? Eh bien, suspense\u2026 la majorit\u00e9 des pertes thermiques se fait par rayonnement. Et un grille-pain, \u00e7a chauffe par convection, donc pour r\u00e9cup\u00e9rer une sensation de confort correcte, vous en venez immanquablement \u00e0 augmenter la consigne de temp\u00e9rature, la messe est dite.<\/p>\n\n\n\n<p>Une piste int\u00e9ressante d\u2019am\u00e9lioration consiste donc \u00e0 remplacer ces convecteurs par des \u00e9metteurs qui travaillent en rayonnement, donc soit des panneaux rayonnants (bof), soit des radiateurs qui ressemblent bigrement \u00e0 des radiateurs de chauffage central.<\/p>\n\n\n\n<p>\u00c0 tout hasard, regardez si les disjoncteurs et les sections des c\u00e2bles sont adapt\u00e9s (si vous ne voyez pas de quoi il retourne, c&rsquo;est que vous devez passer par un \u00e9lectricien).<\/p>\n\n\n\n<p>En bricolage, ce n\u2019est pas bien compliqu\u00e9, faites bien attention \u00e0 couper l\u2019alimentation avant de commencer, ne changez pas la puissance et r\u00e9fl\u00e9chissez \u00e0 vos fixations, car la masse \u00e0 tenir n\u2019est pas forc\u00e9ment la m\u00eame. Et profitez-en pour activer un pilotage correct du chauffage, avec toutes les options (d\u00e9tection de fen\u00eatre ouverte, \u2026). Rien ne vous oblige \u00e0 tout faire en une fois, vous pouvez \u00e9taler ce chantier dans le temps. Last but not least, une fois que tout est install\u00e9, oubliez tout ce que pensez savoir sur le r\u00e9glage qui permet d\u2019\u00eatre confortable, et repartez \u00e0 3-4\u00b0C \/ 1-2 niveau(x) de thermostat de moins.<\/p>\n\n\n\n<p>Le titre est emprunt\u00e9 aux Fr\u00e8res Jacques&nbsp;:<\/p>\n\n\n\n<figure class=\"wp-block-embed is-type-video is-provider-youtube wp-block-embed-youtube wp-embed-aspect-4-3 wp-has-aspect-ratio\"><div class=\"wp-block-embed__wrapper\">\n<iframe loading=\"lazy\" title=\"Le complexe de la truite   Les Fr\u00e8res Jacques\" width=\"500\" height=\"375\" src=\"https:\/\/www.youtube.com\/embed\/YC9AXob4zGE?feature=oembed\" frameborder=\"0\" allow=\"accelerometer; autoplay; clipboard-write; encrypted-media; gyroscope; picture-in-picture; web-share\" referrerpolicy=\"strict-origin-when-cross-origin\" allowfullscreen><\/iframe>\n<\/div><\/figure>\n","protected":false},"excerpt":{"rendered":"<p>Y\u2019en a marre, tu ne dis rien sur les chauffages \u00e9lectriques Effectivement, c\u2019est un manque qu\u2019il faut combler. Toutefois, mon article sur l\u2019int\u00e9r\u00eat de rendre le chauffage intermittent (ici) est parfaitement applicable aux diff\u00e9rents chauffages \u00e9lectriques.\u00a0: Regardons maintenant quelques moyens de chauffage \u00e9lectrique&nbsp;: Je n\u2019en ai jamais vu, et j\u2019ai encore moins v\u00e9cu avec. De [&hellip;]<\/p>\n","protected":false},"author":2,"featured_media":0,"parent":0,"menu_order":0,"comment_status":"closed","ping_status":"closed","template":"","meta":{"footnotes":""},"class_list":["post-97","page","type-page","status-publish","hentry"],"yoast_head":"<!-- This site is optimized with the Yoast SEO plugin v25.8 - https:\/\/yoast.com\/wordpress\/plugins\/seo\/ -->\n<title>Le complexe des radiateurs \u00e9lectriques - Nicolas Duvernois personal web site<\/title>\n<meta name=\"robots\" content=\"index, follow, max-snippet:-1, max-image-preview:large, max-video-preview:-1\" \/>\n<link rel=\"canonical\" href=\"https:\/\/gr.intertel.club\/nduvernois\/economies-denergie-a-la-maison-le-complexe-des-radiateurs-electriques\/\" \/>\n<meta property=\"og:locale\" content=\"fr_FR\" \/>\n<meta property=\"og:type\" content=\"article\" \/>\n<meta property=\"og:title\" content=\"Le complexe des radiateurs \u00e9lectriques - Nicolas Duvernois personal web site\" \/>\n<meta property=\"og:description\" content=\"Y\u2019en a marre, tu ne dis rien sur les chauffages \u00e9lectriques Effectivement, c\u2019est un manque qu\u2019il faut combler. Toutefois, mon article sur l\u2019int\u00e9r\u00eat de rendre le chauffage intermittent (ici) est parfaitement applicable aux diff\u00e9rents chauffages \u00e9lectriques.\u00a0: Regardons maintenant quelques moyens de chauffage \u00e9lectrique&nbsp;: Je n\u2019en ai jamais vu, et j\u2019ai encore moins v\u00e9cu avec. De [&hellip;]\" \/>\n<meta property=\"og:url\" content=\"https:\/\/gr.intertel.club\/nduvernois\/economies-denergie-a-la-maison-le-complexe-des-radiateurs-electriques\/\" \/>\n<meta property=\"og:site_name\" content=\"Nicolas Duvernois personal web site\" \/>\n<meta property=\"article:modified_time\" content=\"2025-10-16T20:05:49+00:00\" \/>\n<meta name=\"twitter:card\" content=\"summary_large_image\" \/>\n<meta name=\"twitter:label1\" content=\"Dur\u00e9e de lecture estim\u00e9e\" \/>\n\t<meta name=\"twitter:data1\" content=\"3 minutes\" \/>\n<script type=\"application\/ld+json\" class=\"yoast-schema-graph\">{\"@context\":\"https:\/\/schema.org\",\"@graph\":[{\"@type\":\"WebPage\",\"@id\":\"https:\/\/gr.intertel.club\/nduvernois\/economies-denergie-a-la-maison-le-complexe-des-radiateurs-electriques\/\",\"url\":\"https:\/\/gr.intertel.club\/nduvernois\/economies-denergie-a-la-maison-le-complexe-des-radiateurs-electriques\/\",\"name\":\"Le complexe des radiateurs \u00e9lectriques - Nicolas Duvernois personal web site\",\"isPartOf\":{\"@id\":\"https:\/\/gr.intertel.club\/nduvernois\/#website\"},\"datePublished\":\"2025-07-27T16:56:19+00:00\",\"dateModified\":\"2025-10-16T20:05:49+00:00\",\"breadcrumb\":{\"@id\":\"https:\/\/gr.intertel.club\/nduvernois\/economies-denergie-a-la-maison-le-complexe-des-radiateurs-electriques\/#breadcrumb\"},\"inLanguage\":\"fr-FR\",\"potentialAction\":[{\"@type\":\"ReadAction\",\"target\":[\"https:\/\/gr.intertel.club\/nduvernois\/economies-denergie-a-la-maison-le-complexe-des-radiateurs-electriques\/\"]}]},{\"@type\":\"BreadcrumbList\",\"@id\":\"https:\/\/gr.intertel.club\/nduvernois\/economies-denergie-a-la-maison-le-complexe-des-radiateurs-electriques\/#breadcrumb\",\"itemListElement\":[{\"@type\":\"ListItem\",\"position\":1,\"name\":\"Home\",\"item\":\"https:\/\/gr.intertel.club\/nduvernois\/\"},{\"@type\":\"ListItem\",\"position\":2,\"name\":\"Le complexe des radiateurs \u00e9lectriques\"}]},{\"@type\":\"WebSite\",\"@id\":\"https:\/\/gr.intertel.club\/nduvernois\/#website\",\"url\":\"https:\/\/gr.intertel.club\/nduvernois\/\",\"name\":\"Nicolas Duvernois personal web site\",\"description\":\"\",\"potentialAction\":[{\"@type\":\"SearchAction\",\"target\":{\"@type\":\"EntryPoint\",\"urlTemplate\":\"https:\/\/gr.intertel.club\/nduvernois\/?s={search_term_string}\"},\"query-input\":{\"@type\":\"PropertyValueSpecification\",\"valueRequired\":true,\"valueName\":\"search_term_string\"}}],\"inLanguage\":\"fr-FR\"}]}<\/script>\n<!-- \/ Yoast SEO plugin. -->","yoast_head_json":{"title":"Le complexe des radiateurs \u00e9lectriques - Nicolas Duvernois personal web site","robots":{"index":"index","follow":"follow","max-snippet":"max-snippet:-1","max-image-preview":"max-image-preview:large","max-video-preview":"max-video-preview:-1"},"canonical":"https:\/\/gr.intertel.club\/nduvernois\/economies-denergie-a-la-maison-le-complexe-des-radiateurs-electriques\/","og_locale":"fr_FR","og_type":"article","og_title":"Le complexe des radiateurs \u00e9lectriques - Nicolas Duvernois personal web site","og_description":"Y\u2019en a marre, tu ne dis rien sur les chauffages \u00e9lectriques Effectivement, c\u2019est un manque qu\u2019il faut combler. Toutefois, mon article sur l\u2019int\u00e9r\u00eat de rendre le chauffage intermittent (ici) est parfaitement applicable aux diff\u00e9rents chauffages \u00e9lectriques.\u00a0: Regardons maintenant quelques moyens de chauffage \u00e9lectrique&nbsp;: Je n\u2019en ai jamais vu, et j\u2019ai encore moins v\u00e9cu avec. De [&hellip;]","og_url":"https:\/\/gr.intertel.club\/nduvernois\/economies-denergie-a-la-maison-le-complexe-des-radiateurs-electriques\/","og_site_name":"Nicolas Duvernois personal web site","article_modified_time":"2025-10-16T20:05:49+00:00","twitter_card":"summary_large_image","twitter_misc":{"Dur\u00e9e de lecture estim\u00e9e":"3 minutes"},"schema":{"@context":"https:\/\/schema.org","@graph":[{"@type":"WebPage","@id":"https:\/\/gr.intertel.club\/nduvernois\/economies-denergie-a-la-maison-le-complexe-des-radiateurs-electriques\/","url":"https:\/\/gr.intertel.club\/nduvernois\/economies-denergie-a-la-maison-le-complexe-des-radiateurs-electriques\/","name":"Le complexe des radiateurs \u00e9lectriques - Nicolas Duvernois personal web site","isPartOf":{"@id":"https:\/\/gr.intertel.club\/nduvernois\/#website"},"datePublished":"2025-07-27T16:56:19+00:00","dateModified":"2025-10-16T20:05:49+00:00","breadcrumb":{"@id":"https:\/\/gr.intertel.club\/nduvernois\/economies-denergie-a-la-maison-le-complexe-des-radiateurs-electriques\/#breadcrumb"},"inLanguage":"fr-FR","potentialAction":[{"@type":"ReadAction","target":["https:\/\/gr.intertel.club\/nduvernois\/economies-denergie-a-la-maison-le-complexe-des-radiateurs-electriques\/"]}]},{"@type":"BreadcrumbList","@id":"https:\/\/gr.intertel.club\/nduvernois\/economies-denergie-a-la-maison-le-complexe-des-radiateurs-electriques\/#breadcrumb","itemListElement":[{"@type":"ListItem","position":1,"name":"Home","item":"https:\/\/gr.intertel.club\/nduvernois\/"},{"@type":"ListItem","position":2,"name":"Le complexe des radiateurs \u00e9lectriques"}]},{"@type":"WebSite","@id":"https:\/\/gr.intertel.club\/nduvernois\/#website","url":"https:\/\/gr.intertel.club\/nduvernois\/","name":"Nicolas Duvernois personal web site","description":"","potentialAction":[{"@type":"SearchAction","target":{"@type":"EntryPoint","urlTemplate":"https:\/\/gr.intertel.club\/nduvernois\/?s={search_term_string}"},"query-input":{"@type":"PropertyValueSpecification","valueRequired":true,"valueName":"search_term_string"}}],"inLanguage":"fr-FR"}]}},"_links":{"self":[{"href":"https:\/\/gr.intertel.club\/nduvernois\/wp-json\/wp\/v2\/pages\/97","targetHints":{"allow":["GET"]}}],"collection":[{"href":"https:\/\/gr.intertel.club\/nduvernois\/wp-json\/wp\/v2\/pages"}],"about":[{"href":"https:\/\/gr.intertel.club\/nduvernois\/wp-json\/wp\/v2\/types\/page"}],"author":[{"embeddable":true,"href":"https:\/\/gr.intertel.club\/nduvernois\/wp-json\/wp\/v2\/users\/2"}],"replies":[{"embeddable":true,"href":"https:\/\/gr.intertel.club\/nduvernois\/wp-json\/wp\/v2\/comments?post=97"}],"version-history":[{"count":2,"href":"https:\/\/gr.intertel.club\/nduvernois\/wp-json\/wp\/v2\/pages\/97\/revisions"}],"predecessor-version":[{"id":130,"href":"https:\/\/gr.intertel.club\/nduvernois\/wp-json\/wp\/v2\/pages\/97\/revisions\/130"}],"wp:attachment":[{"href":"https:\/\/gr.intertel.club\/nduvernois\/wp-json\/wp\/v2\/media?parent=97"}],"curies":[{"name":"wp","href":"https:\/\/api.w.org\/{rel}","templated":true}]}}