{"id":36,"date":"2025-05-05T08:48:41","date_gmt":"2025-05-05T08:48:41","guid":{"rendered":"https:\/\/gr.intertel.club\/nduvernois\/?page_id=36"},"modified":"2025-10-16T20:07:07","modified_gmt":"2025-10-16T20:07:07","slug":"economies-denergie-a-la-maison-thermodynamique-thermodynamique-est-ce-que-jai-une-tete-de-thermodynamique","status":"publish","type":"page","link":"https:\/\/gr.intertel.club\/nduvernois\/economies-denergie-a-la-maison-thermodynamique-thermodynamique-est-ce-que-jai-une-tete-de-thermodynamique\/","title":{"rendered":"Thermodynamique, thermodynamique, est-ce que j\u2019ai une t\u00eate de thermodynamique\u00a0?"},"content":{"rendered":"\n<figure class=\"wp-block-image size-large\"><img loading=\"lazy\" decoding=\"async\" width=\"1024\" height=\"576\" src=\"https:\/\/gr.intertel.club\/nduvernois\/wp-content\/uploads\/sites\/2\/2025\/05\/image-13-1024x576.png\" alt=\"\" class=\"wp-image-37\" srcset=\"https:\/\/gr.intertel.club\/nduvernois\/wp-content\/uploads\/sites\/2\/2025\/05\/image-13-1024x576.png 1024w, https:\/\/gr.intertel.club\/nduvernois\/wp-content\/uploads\/sites\/2\/2025\/05\/image-13-300x169.png 300w, https:\/\/gr.intertel.club\/nduvernois\/wp-content\/uploads\/sites\/2\/2025\/05\/image-13-768x432.png 768w, https:\/\/gr.intertel.club\/nduvernois\/wp-content\/uploads\/sites\/2\/2025\/05\/image-13.png 1280w\" sizes=\"auto, (max-width: 1024px) 100vw, 1024px\" \/><\/figure>\n\n\n\n<p id=\"ember53\">La thermodynamique est la science de la thermique et des \u00e9changes d\u2019\u00e9nergie, donc elle explique le comportement thermique d\u2019une maison. Voici donc une belle \u00e9quation (simplifi\u00e9e) qui va expliquer un certain nombre de choses (et elle s\u2019appelle le premier principe de la thermodynamique)\u00a0:<\/p>\n\n\n\n<figure class=\"wp-block-image\"><img decoding=\"async\" src=\"https:\/\/media.licdn.com\/dms\/image\/v2\/D4E12AQGeBfujn0YouQ\/article-inline_image-shrink_1500_2232\/B4EZWbxf0dHcAY-\/0\/1742075199190?e=1752105600&amp;v=beta&amp;t=Vcb8Ykjh8rHKXUZ8uslovXK0M9DjX6ESmBaTg43VlT8\" alt=\"Contenu de l\u2019article\" \/><\/figure>\n\n\n\n<p id=\"ember56\">Allons-y terme par terme.<\/p>\n\n\n\n<p id=\"ember57\">DT int\u00e9rieur\u00a0: variation de la temp\u00e9rature int\u00e9rieure. En gros, ce que vous voulez, c\u2019est stabiliser la temp\u00e9rature dans la maison, donc que ce nombre se rapproche de 0.<\/p>\n\n\n\n<p id=\"ember59\">M maison : plus il y a de masse dans le volume isol\u00e9 de la maison, plus la temp\u00e9rature sera stable. Souvent, vous entendez parler d\u2019inertie thermique, qu\u2019il ne faut surtout pas confondre avec l\u2019isolation&nbsp;: les gros murs de pierre bien \u00e9pais et non isol\u00e9s permettent certes de lisser la temp\u00e9rature en \u00e9t\u00e9, mais qu\u2019est-ce qu\u2019il faut chauffer en hiver\u2026<\/p>\n\n\n\n<p id=\"ember60\">S parois&nbsp;: votre besoin de vie, c\u2019est une surface int\u00e9rieure avec une \u00ab&nbsp;certaine&nbsp;\u00bb hauteur. Plus la surface ext\u00e9rieure est importante, plus vous aurez des apports ext\u00e9rieurs. Le solide qui permet d\u2019obtenir le plus faible ratio volume\/surface, c\u2019est la sph\u00e8re. Donc cette maison si jolie avec ses formes un peu biscornues, ce super appartement haussmannien avec sa belle hauteur sous plafond \u2026 il y a des cons\u00e9quences.<\/p>\n\n\n\n<p id=\"ember61\">C parois : coefficient de perm\u00e9abilit\u00e9 thermique des parois (Lambda pour les intimes). Je pr\u00e9f\u00e8re parler en coefficient d\u2019isolation, not\u00e9 R, et pour des maisons r\u00e9centes, cela vaut typiquement 6 \u00e0 8 en mur &amp; toiture. Mais ce qui compte, c\u2019est la moyenne entre les murs, la toiture, les portes, les fen\u00eatres et le sol (et les portes et fen\u00eatres sont diantrement moins bien isol\u00e9s que les murs et toitures, sans parler des soucis d\u2019\u00e9tanch\u00e9it\u00e9).<\/p>\n\n\n\n<p id=\"ember62\">(T ext\u00e9rieur &#8211; T int\u00e9rieur) : enfon\u00e7ons une porte ouverte&nbsp;: plus il fait froid dehors (= l\u00e0 o\u00f9 vous vivez, choix structurant) et plus vous voulez avoir chaud \u00e0 l\u2019int\u00e9rieur (= votre choix de r\u00e9glage, facile \u00e0 changer), plus vous allez consommer de chauffage.<\/p>\n\n\n\n<p id=\"ember63\">S vitres *<em> <\/em>K1 * Rayo solaire &nbsp;: en hiver, une grande surface vitr\u00e9e expos\u00e9e au soleil est un bon radiateur gratuit. Oui, mais en \u00e9t\u00e9, cela continue de chauffer (1 m\u00b2 fournit 700 W, disons le radiateur des toilettes). Vous allez donc vouloir diminuer en \u00e9t\u00e9 la surface vitr\u00e9e expos\u00e9e au soleil&nbsp;: volet, store ext\u00e9rieur, casquette, &#8230;<\/p>\n\n\n\n<p id=\"ember64\">S fuites : surface \u00e9quivalente des fuites thermiques&nbsp;: manques d\u2019\u00e9tanch\u00e9it\u00e9 \u00e0 l\u2019air, ponts thermiques, \u2026 Bon, il faut ajuster, jointoyer, \u2026 Savez-vous que, depuis la R\u00e9glementation Thermique 2012, les constructions neuves sont soumises \u00e0 un test obligatoire d\u2019\u00e9tanch\u00e9it\u00e9&nbsp;?<\/p>\n\n\n\n<p id=\"ember65\">D VMC : d\u00e9bit d\u2019air de la VMC. Oui, il faut renouveler l\u2019air, \u00e0 moins de vouloir absolument vivre dans une atmosph\u00e8re humide et charg\u00e9e en CO2. Mais pourquoi \u00e9tanch\u00e9ifier pour ensuite rajouter une VMC&nbsp;? \u00c0 cause du C comme contr\u00f4l\u00e9, contrairement aux fuites. Ne n\u00e9gligez pas le sujet du renouvellement d\u2019air et du contr\u00f4le de l\u2019humidit\u00e9, c\u2019est important et pas si simple.<\/p>\n\n\n\n<p id=\"ember66\">D VMC * C air * (T ext\u00e9rieur &#8211; T int\u00e9rieur)&nbsp;: oui, une VMC simple flux, cela fait rentrer de l\u2019air froid, mais ce n\u2019est pas la seule solution<\/p>\n\n\n\n<p id=\"ember67\">Q interne&nbsp;: le fait de vivre dans une maison la chauffe (un adulte au repos = environ 100 W). Tous vos appareils \u00e9lectriques \u00e9mettent de la chaleur, vos plaques de cuisson aussi, hiver comme \u00e9t\u00e9. Donc, en \u00e9t\u00e9, peut-\u00eatre pouvez-vous choisir \u00e0 quelle heure vous r\u00e9alisez certaines activit\u00e9s.<\/p>\n\n\n\n<p id=\"ember68\">Q chauffage : voil\u00e0, une fois que vous avez r\u00e9fl\u00e9chi \u00e0 votre besoin de chauffage, que vous avez r\u00e9duit les d\u00e9perditions et que vous avez r\u00e9cup\u00e9r\u00e9 la chaleur \u00ab&nbsp;gratuite&nbsp;\u00bb, vous pouvez songer au syst\u00e8me de chauffage. C\u2019est vraiment dans cet ordre qu\u2019il faut r\u00e9fl\u00e9chir.<\/p>\n\n\n\n<p id=\"ember69\">Les autres choses que je n\u2019ai pas expliqu\u00e9es&nbsp;? Des coefficients en tout genre, passons.<\/p>\n\n\n\n<p id=\"ember71\">\u00ab <em>Et comment je sais quelles sont les pertes les plus importantes <\/em>?&nbsp;\u00bb Pour une r\u00e9ponse pr\u00e9cise, il faut faire r\u00e9aliser une \u00e9tude par un bureau d\u2019\u00e9tude thermique ou faire r\u00e9aliser un \u00ab\u00a0audit \u00e9nerg\u00e9tique\u00a0\u00bb. Mais pour un point de d\u00e9part, lisez attentivement le DPE de votre logement, toutes ces pages apr\u00e8s la page titre qui vous donne la fameuse lettre. Oui, il y a des d\u00e9bats sur l\u2019(in)ad\u00e9quation de la m\u00e9thode utilis\u00e9e dans le DPE, mais prenez ces r\u00e9sultats comme des ordres de grandeur, ce sera d\u00e9j\u00e0 pas si mal.<\/p>\n\n\n\n<p id=\"ember73\">\u00ab <em>Et avec tout cela, je vais \u00eatre confortable dans ma maison et faire des \u00e9conomies d\u2019\u00e9nergie&nbsp;?<\/em> \u00bb Euh\u2026 c\u2019est un peu plus compliqu\u00e9 que cela, mais ce sera pour une autre fois. Par exemple, quand j\u2019ai \u00e9crit \u00ab&nbsp; En gros, ce que vous voulez, c\u2019est stabiliser la temp\u00e9rature dans la maison&nbsp;\u00bb, disons que c\u2019est un raccourci pr\u00e9somptueux.<\/p>\n\n\n\n<p id=\"ember74\">Et pour la version originelle avec Arletty, c&rsquo;est ici par exemple : <a href=\"https:\/\/www.youtube.com\/watch?v=KYic1U1a6yw\">https:\/\/www.youtube.com\/watch?v=KYic1U1a6yw<\/a><\/p>\n","protected":false},"excerpt":{"rendered":"<p>La thermodynamique est la science de la thermique et des \u00e9changes d\u2019\u00e9nergie, donc elle explique le comportement thermique d\u2019une maison. Voici donc une belle \u00e9quation (simplifi\u00e9e) qui va expliquer un certain nombre de choses (et elle s\u2019appelle le premier principe de la thermodynamique)\u00a0: Allons-y terme par terme. DT int\u00e9rieur\u00a0: variation de la temp\u00e9rature int\u00e9rieure. En [&hellip;]<\/p>\n","protected":false},"author":1,"featured_media":0,"parent":0,"menu_order":0,"comment_status":"closed","ping_status":"closed","template":"","meta":{"footnotes":""},"class_list":["post-36","page","type-page","status-publish","hentry"],"yoast_head":"<!-- This site is optimized with the Yoast SEO plugin v25.8 - https:\/\/yoast.com\/wordpress\/plugins\/seo\/ -->\n<title>Thermodynamique, thermodynamique, est-ce que j\u2019ai une t\u00eate de thermodynamique\u00a0? - Nicolas Duvernois personal web site<\/title>\n<meta name=\"robots\" content=\"index, follow, max-snippet:-1, max-image-preview:large, max-video-preview:-1\" \/>\n<link rel=\"canonical\" href=\"https:\/\/gr.intertel.club\/nduvernois\/economies-denergie-a-la-maison-thermodynamique-thermodynamique-est-ce-que-jai-une-tete-de-thermodynamique\/\" \/>\n<meta property=\"og:locale\" content=\"fr_FR\" \/>\n<meta property=\"og:type\" content=\"article\" \/>\n<meta property=\"og:title\" content=\"Thermodynamique, thermodynamique, est-ce que j\u2019ai une t\u00eate de thermodynamique\u00a0? - Nicolas Duvernois personal web site\" \/>\n<meta property=\"og:description\" content=\"La thermodynamique est la science de la thermique et des \u00e9changes d\u2019\u00e9nergie, donc elle explique le comportement thermique d\u2019une maison. Voici donc une belle \u00e9quation (simplifi\u00e9e) qui va expliquer un certain nombre de choses (et elle s\u2019appelle le premier principe de la thermodynamique)\u00a0: Allons-y terme par terme. DT int\u00e9rieur\u00a0: variation de la temp\u00e9rature int\u00e9rieure. En [&hellip;]\" \/>\n<meta property=\"og:url\" content=\"https:\/\/gr.intertel.club\/nduvernois\/economies-denergie-a-la-maison-thermodynamique-thermodynamique-est-ce-que-jai-une-tete-de-thermodynamique\/\" \/>\n<meta property=\"og:site_name\" content=\"Nicolas Duvernois personal web site\" \/>\n<meta property=\"article:modified_time\" content=\"2025-10-16T20:07:07+00:00\" \/>\n<meta property=\"og:image\" content=\"https:\/\/gr.intertel.club\/nduvernois\/wp-content\/uploads\/sites\/2\/2025\/05\/image-13.png\" \/>\n\t<meta property=\"og:image:width\" content=\"1280\" \/>\n\t<meta property=\"og:image:height\" content=\"720\" \/>\n\t<meta property=\"og:image:type\" content=\"image\/png\" \/>\n<meta name=\"twitter:card\" content=\"summary_large_image\" \/>\n<meta name=\"twitter:label1\" content=\"Dur\u00e9e de lecture estim\u00e9e\" \/>\n\t<meta name=\"twitter:data1\" content=\"5 minutes\" \/>\n<script type=\"application\/ld+json\" class=\"yoast-schema-graph\">{\"@context\":\"https:\/\/schema.org\",\"@graph\":[{\"@type\":\"WebPage\",\"@id\":\"https:\/\/gr.intertel.club\/nduvernois\/economies-denergie-a-la-maison-thermodynamique-thermodynamique-est-ce-que-jai-une-tete-de-thermodynamique\/\",\"url\":\"https:\/\/gr.intertel.club\/nduvernois\/economies-denergie-a-la-maison-thermodynamique-thermodynamique-est-ce-que-jai-une-tete-de-thermodynamique\/\",\"name\":\"Thermodynamique, thermodynamique, est-ce que j\u2019ai une t\u00eate de thermodynamique\u00a0? - Nicolas Duvernois personal web site\",\"isPartOf\":{\"@id\":\"https:\/\/gr.intertel.club\/nduvernois\/#website\"},\"primaryImageOfPage\":{\"@id\":\"https:\/\/gr.intertel.club\/nduvernois\/economies-denergie-a-la-maison-thermodynamique-thermodynamique-est-ce-que-jai-une-tete-de-thermodynamique\/#primaryimage\"},\"image\":{\"@id\":\"https:\/\/gr.intertel.club\/nduvernois\/economies-denergie-a-la-maison-thermodynamique-thermodynamique-est-ce-que-jai-une-tete-de-thermodynamique\/#primaryimage\"},\"thumbnailUrl\":\"https:\/\/gr.intertel.club\/nduvernois\/wp-content\/uploads\/sites\/2\/2025\/05\/image-13-1024x576.png\",\"datePublished\":\"2025-05-05T08:48:41+00:00\",\"dateModified\":\"2025-10-16T20:07:07+00:00\",\"breadcrumb\":{\"@id\":\"https:\/\/gr.intertel.club\/nduvernois\/economies-denergie-a-la-maison-thermodynamique-thermodynamique-est-ce-que-jai-une-tete-de-thermodynamique\/#breadcrumb\"},\"inLanguage\":\"fr-FR\",\"potentialAction\":[{\"@type\":\"ReadAction\",\"target\":[\"https:\/\/gr.intertel.club\/nduvernois\/economies-denergie-a-la-maison-thermodynamique-thermodynamique-est-ce-que-jai-une-tete-de-thermodynamique\/\"]}]},{\"@type\":\"ImageObject\",\"inLanguage\":\"fr-FR\",\"@id\":\"https:\/\/gr.intertel.club\/nduvernois\/economies-denergie-a-la-maison-thermodynamique-thermodynamique-est-ce-que-jai-une-tete-de-thermodynamique\/#primaryimage\",\"url\":\"https:\/\/gr.intertel.club\/nduvernois\/wp-content\/uploads\/sites\/2\/2025\/05\/image-13.png\",\"contentUrl\":\"https:\/\/gr.intertel.club\/nduvernois\/wp-content\/uploads\/sites\/2\/2025\/05\/image-13.png\",\"width\":1280,\"height\":720},{\"@type\":\"BreadcrumbList\",\"@id\":\"https:\/\/gr.intertel.club\/nduvernois\/economies-denergie-a-la-maison-thermodynamique-thermodynamique-est-ce-que-jai-une-tete-de-thermodynamique\/#breadcrumb\",\"itemListElement\":[{\"@type\":\"ListItem\",\"position\":1,\"name\":\"Home\",\"item\":\"https:\/\/gr.intertel.club\/nduvernois\/\"},{\"@type\":\"ListItem\",\"position\":2,\"name\":\"Thermodynamique, thermodynamique, est-ce que j\u2019ai une t\u00eate de thermodynamique\u00a0?\"}]},{\"@type\":\"WebSite\",\"@id\":\"https:\/\/gr.intertel.club\/nduvernois\/#website\",\"url\":\"https:\/\/gr.intertel.club\/nduvernois\/\",\"name\":\"Nicolas Duvernois personal web site\",\"description\":\"\",\"potentialAction\":[{\"@type\":\"SearchAction\",\"target\":{\"@type\":\"EntryPoint\",\"urlTemplate\":\"https:\/\/gr.intertel.club\/nduvernois\/?s={search_term_string}\"},\"query-input\":{\"@type\":\"PropertyValueSpecification\",\"valueRequired\":true,\"valueName\":\"search_term_string\"}}],\"inLanguage\":\"fr-FR\"}]}<\/script>\n<!-- \/ Yoast SEO plugin. -->","yoast_head_json":{"title":"Thermodynamique, thermodynamique, est-ce que j\u2019ai une t\u00eate de thermodynamique\u00a0? - Nicolas Duvernois personal web site","robots":{"index":"index","follow":"follow","max-snippet":"max-snippet:-1","max-image-preview":"max-image-preview:large","max-video-preview":"max-video-preview:-1"},"canonical":"https:\/\/gr.intertel.club\/nduvernois\/economies-denergie-a-la-maison-thermodynamique-thermodynamique-est-ce-que-jai-une-tete-de-thermodynamique\/","og_locale":"fr_FR","og_type":"article","og_title":"Thermodynamique, thermodynamique, est-ce que j\u2019ai une t\u00eate de thermodynamique\u00a0? - Nicolas Duvernois personal web site","og_description":"La thermodynamique est la science de la thermique et des \u00e9changes d\u2019\u00e9nergie, donc elle explique le comportement thermique d\u2019une maison. Voici donc une belle \u00e9quation (simplifi\u00e9e) qui va expliquer un certain nombre de choses (et elle s\u2019appelle le premier principe de la thermodynamique)\u00a0: Allons-y terme par terme. DT int\u00e9rieur\u00a0: variation de la temp\u00e9rature int\u00e9rieure. En [&hellip;]","og_url":"https:\/\/gr.intertel.club\/nduvernois\/economies-denergie-a-la-maison-thermodynamique-thermodynamique-est-ce-que-jai-une-tete-de-thermodynamique\/","og_site_name":"Nicolas Duvernois personal web site","article_modified_time":"2025-10-16T20:07:07+00:00","og_image":[{"width":1280,"height":720,"url":"https:\/\/gr.intertel.club\/nduvernois\/wp-content\/uploads\/sites\/2\/2025\/05\/image-13.png","type":"image\/png"}],"twitter_card":"summary_large_image","twitter_misc":{"Dur\u00e9e de lecture estim\u00e9e":"5 minutes"},"schema":{"@context":"https:\/\/schema.org","@graph":[{"@type":"WebPage","@id":"https:\/\/gr.intertel.club\/nduvernois\/economies-denergie-a-la-maison-thermodynamique-thermodynamique-est-ce-que-jai-une-tete-de-thermodynamique\/","url":"https:\/\/gr.intertel.club\/nduvernois\/economies-denergie-a-la-maison-thermodynamique-thermodynamique-est-ce-que-jai-une-tete-de-thermodynamique\/","name":"Thermodynamique, thermodynamique, est-ce que j\u2019ai une t\u00eate de thermodynamique\u00a0? - Nicolas Duvernois personal web site","isPartOf":{"@id":"https:\/\/gr.intertel.club\/nduvernois\/#website"},"primaryImageOfPage":{"@id":"https:\/\/gr.intertel.club\/nduvernois\/economies-denergie-a-la-maison-thermodynamique-thermodynamique-est-ce-que-jai-une-tete-de-thermodynamique\/#primaryimage"},"image":{"@id":"https:\/\/gr.intertel.club\/nduvernois\/economies-denergie-a-la-maison-thermodynamique-thermodynamique-est-ce-que-jai-une-tete-de-thermodynamique\/#primaryimage"},"thumbnailUrl":"https:\/\/gr.intertel.club\/nduvernois\/wp-content\/uploads\/sites\/2\/2025\/05\/image-13-1024x576.png","datePublished":"2025-05-05T08:48:41+00:00","dateModified":"2025-10-16T20:07:07+00:00","breadcrumb":{"@id":"https:\/\/gr.intertel.club\/nduvernois\/economies-denergie-a-la-maison-thermodynamique-thermodynamique-est-ce-que-jai-une-tete-de-thermodynamique\/#breadcrumb"},"inLanguage":"fr-FR","potentialAction":[{"@type":"ReadAction","target":["https:\/\/gr.intertel.club\/nduvernois\/economies-denergie-a-la-maison-thermodynamique-thermodynamique-est-ce-que-jai-une-tete-de-thermodynamique\/"]}]},{"@type":"ImageObject","inLanguage":"fr-FR","@id":"https:\/\/gr.intertel.club\/nduvernois\/economies-denergie-a-la-maison-thermodynamique-thermodynamique-est-ce-que-jai-une-tete-de-thermodynamique\/#primaryimage","url":"https:\/\/gr.intertel.club\/nduvernois\/wp-content\/uploads\/sites\/2\/2025\/05\/image-13.png","contentUrl":"https:\/\/gr.intertel.club\/nduvernois\/wp-content\/uploads\/sites\/2\/2025\/05\/image-13.png","width":1280,"height":720},{"@type":"BreadcrumbList","@id":"https:\/\/gr.intertel.club\/nduvernois\/economies-denergie-a-la-maison-thermodynamique-thermodynamique-est-ce-que-jai-une-tete-de-thermodynamique\/#breadcrumb","itemListElement":[{"@type":"ListItem","position":1,"name":"Home","item":"https:\/\/gr.intertel.club\/nduvernois\/"},{"@type":"ListItem","position":2,"name":"Thermodynamique, thermodynamique, est-ce que j\u2019ai une t\u00eate de thermodynamique\u00a0?"}]},{"@type":"WebSite","@id":"https:\/\/gr.intertel.club\/nduvernois\/#website","url":"https:\/\/gr.intertel.club\/nduvernois\/","name":"Nicolas Duvernois personal web site","description":"","potentialAction":[{"@type":"SearchAction","target":{"@type":"EntryPoint","urlTemplate":"https:\/\/gr.intertel.club\/nduvernois\/?s={search_term_string}"},"query-input":{"@type":"PropertyValueSpecification","valueRequired":true,"valueName":"search_term_string"}}],"inLanguage":"fr-FR"}]}},"_links":{"self":[{"href":"https:\/\/gr.intertel.club\/nduvernois\/wp-json\/wp\/v2\/pages\/36","targetHints":{"allow":["GET"]}}],"collection":[{"href":"https:\/\/gr.intertel.club\/nduvernois\/wp-json\/wp\/v2\/pages"}],"about":[{"href":"https:\/\/gr.intertel.club\/nduvernois\/wp-json\/wp\/v2\/types\/page"}],"author":[{"embeddable":true,"href":"https:\/\/gr.intertel.club\/nduvernois\/wp-json\/wp\/v2\/users\/1"}],"replies":[{"embeddable":true,"href":"https:\/\/gr.intertel.club\/nduvernois\/wp-json\/wp\/v2\/comments?post=36"}],"version-history":[{"count":2,"href":"https:\/\/gr.intertel.club\/nduvernois\/wp-json\/wp\/v2\/pages\/36\/revisions"}],"predecessor-version":[{"id":134,"href":"https:\/\/gr.intertel.club\/nduvernois\/wp-json\/wp\/v2\/pages\/36\/revisions\/134"}],"wp:attachment":[{"href":"https:\/\/gr.intertel.club\/nduvernois\/wp-json\/wp\/v2\/media?parent=36"}],"curies":[{"name":"wp","href":"https:\/\/api.w.org\/{rel}","templated":true}]}}