{"id":29,"date":"2025-05-05T08:45:02","date_gmt":"2025-05-05T08:45:02","guid":{"rendered":"https:\/\/gr.intertel.club\/nduvernois\/?page_id=29"},"modified":"2025-10-16T19:59:52","modified_gmt":"2025-10-16T19:59:52","slug":"economies-denergie-a-la-maison-la-java-des-vannes-thermostatiques","status":"publish","type":"page","link":"https:\/\/gr.intertel.club\/nduvernois\/economies-denergie-a-la-maison-la-java-des-vannes-thermostatiques\/","title":{"rendered":"La java des vannes thermostatiques"},"content":{"rendered":"\n<figure class=\"wp-block-image size-full\"><img loading=\"lazy\" decoding=\"async\" width=\"1024\" height=\"1024\" src=\"https:\/\/gr.intertel.club\/nduvernois\/wp-content\/uploads\/sites\/2\/2025\/10\/250320-java-des-vannes-thermostatiques.webp\" alt=\"\" class=\"wp-image-127\" srcset=\"https:\/\/gr.intertel.club\/nduvernois\/wp-content\/uploads\/sites\/2\/2025\/10\/250320-java-des-vannes-thermostatiques.webp 1024w, https:\/\/gr.intertel.club\/nduvernois\/wp-content\/uploads\/sites\/2\/2025\/10\/250320-java-des-vannes-thermostatiques-300x300.webp 300w, https:\/\/gr.intertel.club\/nduvernois\/wp-content\/uploads\/sites\/2\/2025\/10\/250320-java-des-vannes-thermostatiques-150x150.webp 150w, https:\/\/gr.intertel.club\/nduvernois\/wp-content\/uploads\/sites\/2\/2025\/10\/250320-java-des-vannes-thermostatiques-768x768.webp 768w\" sizes=\"auto, (max-width: 1024px) 100vw, 1024px\" \/><\/figure>\n\n\n\n<p id=\"ember7240\">Sur tous les radiateurs \u00e0 eau, vous avez une vanne de r\u00e9glage. Il y a 2 types de vannes&nbsp;: les manuelles et les thermostatiques.<\/p>\n\n\n\n\n\n<p id=\"ember7241\">Les vannes servent \u00e0 diminuer le d\u00e9bit qui passe dans le radiateur pour ajuster la chaleur d\u00e9gag\u00e9e par le radiateur. Bien, mais comment choisir de combien il faut ouvrir ou fermer cette vanne&nbsp;?<\/p>\n\n\n\n<p id=\"ember7242\">Pour la suite, je vais utiliser le mot \u00ab&nbsp;chaudi\u00e8re&nbsp;\u00bb plut\u00f4t que l\u2019expression ampoul\u00e9e \u00ab&nbsp;g\u00e9n\u00e9rateur de chaleur&nbsp;\u00bb (qui permet d\u2019inclure les pompes \u00e0 chaleur).<\/p>\n\n\n\n<p id=\"ember7243\">Version 1&nbsp;: vous avez des vannes manuelles partout. Dans ce cas, j\u2019esp\u00e8re que vous avez un thermostat d\u2019ambiance, disons dans la pi\u00e8ce principale, connect\u00e9 \u00e0 la chaudi\u00e8re. Vous allez donc ajuster chaque vanne de mani\u00e8re \u00e0 assurer une temp\u00e9rature similaire dans chaque pi\u00e8ce. Et vous allez esp\u00e9rer que ce r\u00e9glage est suffisamment robuste pour que, lorsque la chaudi\u00e8re va ajuster son fonctionnement, les temp\u00e9ratures dans les pi\u00e8ces sont suivre. L&rsquo;image qui suit, prise sur un site connu de bricolage, repr\u00e9sente une vanne manuelle (je r\u00e9p\u00e8te ce que j&rsquo;ai indiqu\u00e9 dans mon 1er article : les images de cet article sont pr\u00e9sentes \u00e0 titre d&rsquo;illustration, pas de pr\u00e9conisation ni de publicit\u00e9).<\/p>\n\n\n\n<figure class=\"wp-block-image aligncenter size-full is-resized has-custom-border\"><img loading=\"lazy\" decoding=\"async\" width=\"239\" height=\"227\" src=\"https:\/\/gr.intertel.club\/nduvernois\/wp-content\/uploads\/sites\/2\/2025\/05\/image-10.png\" alt=\"\" class=\"wp-image-30\" style=\"border-width:1px;width:497px;height:auto\" \/><figcaption class=\"wp-element-caption\">Cr\u00e9dits : Manomano<\/figcaption><\/figure>\n\n\n\n<p>Version 2 : vous avez des vannes thermostatiques. Dans ce cas, vous allez ajuster chaque vanne pour r\u00e9gler une temp\u00e9rature dans chaque pi\u00e8ce, et cette temp\u00e9rature restera stable tant que la chaudi\u00e8re fournira la puissance thermique suffisante. Souvent, la vanne porte des inscriptions 1, 2, 3, 4 et 5, et non des temp\u00e9ratures. Pourquoi ? La vanne mesure la temp\u00e9rature l\u00e0 o\u00f9 elle est, sauf que cette mesure n\u2019est pas forc\u00e9ment repr\u00e9sentative de ce qui se passe dans le reste de la pi\u00e8ce. Indiquer des vraies temp\u00e9ratures pourrait donc pr\u00eater \u00e0 confusion. Toujours issu du m\u00eame site de bricolage, voici une vanne thermostatique.<\/p>\n\n\n\n<figure class=\"wp-block-image aligncenter size-full is-resized has-custom-border\"><img loading=\"lazy\" decoding=\"async\" width=\"234\" height=\"225\" src=\"https:\/\/gr.intertel.club\/nduvernois\/wp-content\/uploads\/sites\/2\/2025\/05\/image-11.png\" alt=\"\" class=\"wp-image-31\" style=\"border-width:1px;width:567px;height:auto\" \/><figcaption class=\"wp-element-caption\">Cr\u00e9dits : Manomano<\/figcaption><\/figure>\n\n\n\n<p id=\"ember7250\">La version 2 est nettement plus performante que la version 1, et si ce n\u2019est pas fait, je vous recommande d\u2019y passer.<\/p>\n\n\n\n<p id=\"ember7251\">Ce bricolage est assez simple (\u00e0 r\u00e9aliser en \u00e9t\u00e9 \u00e9videmment\u2026)&nbsp;: il faut vidanger les radiateurs concern\u00e9s, d\u00e9monter le corps de vanne, monter un corps de vanne thermostatique puis la vanne thermostatique. Il faut \u00eatre tr\u00e8s soigneux sur l\u2019\u00e9tanch\u00e9it\u00e9 (filasse ou PTFE). Et ensuite remettre la circulation d\u2019eau en route, purger l\u2019air et bien regarder si tout cela est \u00e9tanche.<\/p>\n\n\n\n<p id=\"ember7252\">Attention&nbsp;: il y a des pi\u00e8ges \u00e0 \u00e9viter&nbsp;:<\/p>\n\n\n\n<p id=\"ember7253\">&#8211; il ne faut surtout pas mettre de vanne thermostatique sur les radiateurs de la pi\u00e8ce \u00e9quip\u00e9e d\u2019un thermostat d\u2019ambiance, sinon ces 2 modes de r\u00e9gulation vont \u00ab&nbsp;se marcher sur les pieds&nbsp;\u00bb, et le r\u00e9sultat risque d\u2019\u00eatre assez d\u00e9sagr\u00e9able.<\/p>\n\n\n\n<p id=\"ember7254\">&#8211; si vous avez une pompe de circulation d\u2019eau sans variation de vitesse, alors il faut absolument laisser au moins 1 vanne simple dans le circuit (sinon, en demi-saison, la pression dans le circuit va augmenter, et \u00e7a risque de fuir quelque part).<\/p>\n\n\n\n<p id=\"ember7255\">&#8211; si vos radiateurs sont mont\u00e9s en s\u00e9rie et non en parall\u00e8le (oui, \u00e7a s\u2019est fait \u00e0 une certaine \u00e9poque), alors l\u00e0 aussi il ne faut surtout pas monter de vanne thermostatique, sauf \u00e0 utiliser un montage ad hoc pour qui transforme ce circuit s\u00e9rie en simili-circuit parall\u00e8le. L\u00e0, je vous conseille de v\u00e9rifier la situation avec votre chauffagiste pr\u00e9f\u00e9r\u00e9.<\/p>\n\n\n\n<p id=\"ember7257\">Ah, au fait, si cet article vous a convaincu d\u2019installer des vannes thermostatiques, attendez donc l\u2019article suivant pour en acheter.<\/p>\n\n\n\n<p id=\"ember7258\">Et pour ce qui est du titre, profitez-en pour vous souvenir de Boris Vian et de Serge Reggiani<\/p>\n\n\n\n<figure class=\"wp-block-embed is-type-video is-provider-youtube wp-block-embed-youtube wp-embed-aspect-4-3 wp-has-aspect-ratio\"><div class=\"wp-block-embed__wrapper\">\n<iframe loading=\"lazy\" title=\"Serge Reggiani &quot;La java des bombes atomiques&quot; de Boris Vian | Archive INA\" width=\"500\" height=\"375\" src=\"https:\/\/www.youtube.com\/embed\/kX-Rlrr9r0Y?feature=oembed\" frameborder=\"0\" allow=\"accelerometer; autoplay; clipboard-write; encrypted-media; gyroscope; picture-in-picture; web-share\" referrerpolicy=\"strict-origin-when-cross-origin\" allowfullscreen><\/iframe>\n<\/div><\/figure>\n","protected":false},"excerpt":{"rendered":"<p>Sur tous les radiateurs \u00e0 eau, vous avez une vanne de r\u00e9glage. Il y a 2 types de vannes&nbsp;: les manuelles et les thermostatiques. Les vannes servent \u00e0 diminuer le d\u00e9bit qui passe dans le radiateur pour ajuster la chaleur d\u00e9gag\u00e9e par le radiateur. Bien, mais comment choisir de combien il faut ouvrir ou fermer [&hellip;]<\/p>\n","protected":false},"author":1,"featured_media":0,"parent":0,"menu_order":0,"comment_status":"closed","ping_status":"closed","template":"","meta":{"footnotes":""},"class_list":["post-29","page","type-page","status-publish","hentry"],"yoast_head":"<!-- This site is optimized with the Yoast SEO plugin v25.8 - https:\/\/yoast.com\/wordpress\/plugins\/seo\/ -->\n<title>La java des vannes thermostatiques - Nicolas Duvernois personal web site<\/title>\n<meta name=\"robots\" content=\"index, follow, max-snippet:-1, max-image-preview:large, max-video-preview:-1\" \/>\n<link rel=\"canonical\" href=\"https:\/\/gr.intertel.club\/nduvernois\/economies-denergie-a-la-maison-la-java-des-vannes-thermostatiques\/\" \/>\n<meta property=\"og:locale\" content=\"fr_FR\" \/>\n<meta property=\"og:type\" content=\"article\" \/>\n<meta property=\"og:title\" content=\"La java des vannes thermostatiques - Nicolas Duvernois personal web site\" \/>\n<meta property=\"og:description\" content=\"Sur tous les radiateurs \u00e0 eau, vous avez une vanne de r\u00e9glage. Il y a 2 types de vannes&nbsp;: les manuelles et les thermostatiques. Les vannes servent \u00e0 diminuer le d\u00e9bit qui passe dans le radiateur pour ajuster la chaleur d\u00e9gag\u00e9e par le radiateur. Bien, mais comment choisir de combien il faut ouvrir ou fermer [&hellip;]\" \/>\n<meta property=\"og:url\" content=\"https:\/\/gr.intertel.club\/nduvernois\/economies-denergie-a-la-maison-la-java-des-vannes-thermostatiques\/\" \/>\n<meta property=\"og:site_name\" content=\"Nicolas Duvernois personal web site\" \/>\n<meta property=\"article:modified_time\" content=\"2025-10-16T19:59:52+00:00\" \/>\n<meta property=\"og:image\" content=\"https:\/\/gr.intertel.club\/nduvernois\/wp-content\/uploads\/sites\/2\/2025\/10\/250320-java-des-vannes-thermostatiques.webp\" \/>\n\t<meta property=\"og:image:width\" content=\"1024\" \/>\n\t<meta property=\"og:image:height\" content=\"1024\" \/>\n\t<meta property=\"og:image:type\" content=\"image\/webp\" \/>\n<meta name=\"twitter:card\" content=\"summary_large_image\" \/>\n<meta name=\"twitter:label1\" content=\"Dur\u00e9e de lecture estim\u00e9e\" \/>\n\t<meta name=\"twitter:data1\" content=\"4 minutes\" \/>\n<script type=\"application\/ld+json\" class=\"yoast-schema-graph\">{\"@context\":\"https:\/\/schema.org\",\"@graph\":[{\"@type\":\"WebPage\",\"@id\":\"https:\/\/gr.intertel.club\/nduvernois\/economies-denergie-a-la-maison-la-java-des-vannes-thermostatiques\/\",\"url\":\"https:\/\/gr.intertel.club\/nduvernois\/economies-denergie-a-la-maison-la-java-des-vannes-thermostatiques\/\",\"name\":\"La java des vannes thermostatiques - Nicolas Duvernois personal web site\",\"isPartOf\":{\"@id\":\"https:\/\/gr.intertel.club\/nduvernois\/#website\"},\"primaryImageOfPage\":{\"@id\":\"https:\/\/gr.intertel.club\/nduvernois\/economies-denergie-a-la-maison-la-java-des-vannes-thermostatiques\/#primaryimage\"},\"image\":{\"@id\":\"https:\/\/gr.intertel.club\/nduvernois\/economies-denergie-a-la-maison-la-java-des-vannes-thermostatiques\/#primaryimage\"},\"thumbnailUrl\":\"https:\/\/gr.intertel.club\/nduvernois\/wp-content\/uploads\/sites\/2\/2025\/10\/250320-java-des-vannes-thermostatiques.webp\",\"datePublished\":\"2025-05-05T08:45:02+00:00\",\"dateModified\":\"2025-10-16T19:59:52+00:00\",\"breadcrumb\":{\"@id\":\"https:\/\/gr.intertel.club\/nduvernois\/economies-denergie-a-la-maison-la-java-des-vannes-thermostatiques\/#breadcrumb\"},\"inLanguage\":\"fr-FR\",\"potentialAction\":[{\"@type\":\"ReadAction\",\"target\":[\"https:\/\/gr.intertel.club\/nduvernois\/economies-denergie-a-la-maison-la-java-des-vannes-thermostatiques\/\"]}]},{\"@type\":\"ImageObject\",\"inLanguage\":\"fr-FR\",\"@id\":\"https:\/\/gr.intertel.club\/nduvernois\/economies-denergie-a-la-maison-la-java-des-vannes-thermostatiques\/#primaryimage\",\"url\":\"https:\/\/gr.intertel.club\/nduvernois\/wp-content\/uploads\/sites\/2\/2025\/10\/250320-java-des-vannes-thermostatiques.webp\",\"contentUrl\":\"https:\/\/gr.intertel.club\/nduvernois\/wp-content\/uploads\/sites\/2\/2025\/10\/250320-java-des-vannes-thermostatiques.webp\",\"width\":1024,\"height\":1024},{\"@type\":\"BreadcrumbList\",\"@id\":\"https:\/\/gr.intertel.club\/nduvernois\/economies-denergie-a-la-maison-la-java-des-vannes-thermostatiques\/#breadcrumb\",\"itemListElement\":[{\"@type\":\"ListItem\",\"position\":1,\"name\":\"Home\",\"item\":\"https:\/\/gr.intertel.club\/nduvernois\/\"},{\"@type\":\"ListItem\",\"position\":2,\"name\":\"La java des vannes thermostatiques\"}]},{\"@type\":\"WebSite\",\"@id\":\"https:\/\/gr.intertel.club\/nduvernois\/#website\",\"url\":\"https:\/\/gr.intertel.club\/nduvernois\/\",\"name\":\"Nicolas Duvernois personal web site\",\"description\":\"\",\"potentialAction\":[{\"@type\":\"SearchAction\",\"target\":{\"@type\":\"EntryPoint\",\"urlTemplate\":\"https:\/\/gr.intertel.club\/nduvernois\/?s={search_term_string}\"},\"query-input\":{\"@type\":\"PropertyValueSpecification\",\"valueRequired\":true,\"valueName\":\"search_term_string\"}}],\"inLanguage\":\"fr-FR\"}]}<\/script>\n<!-- \/ Yoast SEO plugin. -->","yoast_head_json":{"title":"La java des vannes thermostatiques - Nicolas Duvernois personal web site","robots":{"index":"index","follow":"follow","max-snippet":"max-snippet:-1","max-image-preview":"max-image-preview:large","max-video-preview":"max-video-preview:-1"},"canonical":"https:\/\/gr.intertel.club\/nduvernois\/economies-denergie-a-la-maison-la-java-des-vannes-thermostatiques\/","og_locale":"fr_FR","og_type":"article","og_title":"La java des vannes thermostatiques - Nicolas Duvernois personal web site","og_description":"Sur tous les radiateurs \u00e0 eau, vous avez une vanne de r\u00e9glage. Il y a 2 types de vannes&nbsp;: les manuelles et les thermostatiques. Les vannes servent \u00e0 diminuer le d\u00e9bit qui passe dans le radiateur pour ajuster la chaleur d\u00e9gag\u00e9e par le radiateur. Bien, mais comment choisir de combien il faut ouvrir ou fermer [&hellip;]","og_url":"https:\/\/gr.intertel.club\/nduvernois\/economies-denergie-a-la-maison-la-java-des-vannes-thermostatiques\/","og_site_name":"Nicolas Duvernois personal web site","article_modified_time":"2025-10-16T19:59:52+00:00","og_image":[{"width":1024,"height":1024,"url":"https:\/\/gr.intertel.club\/nduvernois\/wp-content\/uploads\/sites\/2\/2025\/10\/250320-java-des-vannes-thermostatiques.webp","type":"image\/webp"}],"twitter_card":"summary_large_image","twitter_misc":{"Dur\u00e9e de lecture estim\u00e9e":"4 minutes"},"schema":{"@context":"https:\/\/schema.org","@graph":[{"@type":"WebPage","@id":"https:\/\/gr.intertel.club\/nduvernois\/economies-denergie-a-la-maison-la-java-des-vannes-thermostatiques\/","url":"https:\/\/gr.intertel.club\/nduvernois\/economies-denergie-a-la-maison-la-java-des-vannes-thermostatiques\/","name":"La java des vannes thermostatiques - Nicolas Duvernois personal web site","isPartOf":{"@id":"https:\/\/gr.intertel.club\/nduvernois\/#website"},"primaryImageOfPage":{"@id":"https:\/\/gr.intertel.club\/nduvernois\/economies-denergie-a-la-maison-la-java-des-vannes-thermostatiques\/#primaryimage"},"image":{"@id":"https:\/\/gr.intertel.club\/nduvernois\/economies-denergie-a-la-maison-la-java-des-vannes-thermostatiques\/#primaryimage"},"thumbnailUrl":"https:\/\/gr.intertel.club\/nduvernois\/wp-content\/uploads\/sites\/2\/2025\/10\/250320-java-des-vannes-thermostatiques.webp","datePublished":"2025-05-05T08:45:02+00:00","dateModified":"2025-10-16T19:59:52+00:00","breadcrumb":{"@id":"https:\/\/gr.intertel.club\/nduvernois\/economies-denergie-a-la-maison-la-java-des-vannes-thermostatiques\/#breadcrumb"},"inLanguage":"fr-FR","potentialAction":[{"@type":"ReadAction","target":["https:\/\/gr.intertel.club\/nduvernois\/economies-denergie-a-la-maison-la-java-des-vannes-thermostatiques\/"]}]},{"@type":"ImageObject","inLanguage":"fr-FR","@id":"https:\/\/gr.intertel.club\/nduvernois\/economies-denergie-a-la-maison-la-java-des-vannes-thermostatiques\/#primaryimage","url":"https:\/\/gr.intertel.club\/nduvernois\/wp-content\/uploads\/sites\/2\/2025\/10\/250320-java-des-vannes-thermostatiques.webp","contentUrl":"https:\/\/gr.intertel.club\/nduvernois\/wp-content\/uploads\/sites\/2\/2025\/10\/250320-java-des-vannes-thermostatiques.webp","width":1024,"height":1024},{"@type":"BreadcrumbList","@id":"https:\/\/gr.intertel.club\/nduvernois\/economies-denergie-a-la-maison-la-java-des-vannes-thermostatiques\/#breadcrumb","itemListElement":[{"@type":"ListItem","position":1,"name":"Home","item":"https:\/\/gr.intertel.club\/nduvernois\/"},{"@type":"ListItem","position":2,"name":"La java des vannes thermostatiques"}]},{"@type":"WebSite","@id":"https:\/\/gr.intertel.club\/nduvernois\/#website","url":"https:\/\/gr.intertel.club\/nduvernois\/","name":"Nicolas Duvernois personal web site","description":"","potentialAction":[{"@type":"SearchAction","target":{"@type":"EntryPoint","urlTemplate":"https:\/\/gr.intertel.club\/nduvernois\/?s={search_term_string}"},"query-input":{"@type":"PropertyValueSpecification","valueRequired":true,"valueName":"search_term_string"}}],"inLanguage":"fr-FR"}]}},"_links":{"self":[{"href":"https:\/\/gr.intertel.club\/nduvernois\/wp-json\/wp\/v2\/pages\/29","targetHints":{"allow":["GET"]}}],"collection":[{"href":"https:\/\/gr.intertel.club\/nduvernois\/wp-json\/wp\/v2\/pages"}],"about":[{"href":"https:\/\/gr.intertel.club\/nduvernois\/wp-json\/wp\/v2\/types\/page"}],"author":[{"embeddable":true,"href":"https:\/\/gr.intertel.club\/nduvernois\/wp-json\/wp\/v2\/users\/1"}],"replies":[{"embeddable":true,"href":"https:\/\/gr.intertel.club\/nduvernois\/wp-json\/wp\/v2\/comments?post=29"}],"version-history":[{"count":4,"href":"https:\/\/gr.intertel.club\/nduvernois\/wp-json\/wp\/v2\/pages\/29\/revisions"}],"predecessor-version":[{"id":128,"href":"https:\/\/gr.intertel.club\/nduvernois\/wp-json\/wp\/v2\/pages\/29\/revisions\/128"}],"wp:attachment":[{"href":"https:\/\/gr.intertel.club\/nduvernois\/wp-json\/wp\/v2\/media?parent=29"}],"curies":[{"name":"wp","href":"https:\/\/api.w.org\/{rel}","templated":true}]}}