{"id":26,"date":"2025-05-05T08:42:22","date_gmt":"2025-05-05T08:42:22","guid":{"rendered":"https:\/\/gr.intertel.club\/nduvernois\/?page_id=26"},"modified":"2025-10-16T19:57:06","modified_gmt":"2025-10-16T19:57:06","slug":"economies-denergie-a-la-maison-chauffer-ou-ne-pas-chauffer-telle-est-la-question","status":"publish","type":"page","link":"https:\/\/gr.intertel.club\/nduvernois\/economies-denergie-a-la-maison-chauffer-ou-ne-pas-chauffer-telle-est-la-question\/","title":{"rendered":"Chauffer ou ne pas chauffer, telle est la question"},"content":{"rendered":"\n<p id=\"ember6562\"><\/p>\n\n\n\n<figure class=\"wp-block-image size-large\"><img loading=\"lazy\" decoding=\"async\" width=\"1024\" height=\"576\" src=\"https:\/\/gr.intertel.club\/nduvernois\/wp-content\/uploads\/sites\/2\/2025\/05\/image-9-1024x576.png\" alt=\"\" class=\"wp-image-27\" srcset=\"https:\/\/gr.intertel.club\/nduvernois\/wp-content\/uploads\/sites\/2\/2025\/05\/image-9-1024x576.png 1024w, https:\/\/gr.intertel.club\/nduvernois\/wp-content\/uploads\/sites\/2\/2025\/05\/image-9-300x169.png 300w, https:\/\/gr.intertel.club\/nduvernois\/wp-content\/uploads\/sites\/2\/2025\/05\/image-9-768x432.png 768w, https:\/\/gr.intertel.club\/nduvernois\/wp-content\/uploads\/sites\/2\/2025\/05\/image-9.png 1280w\" sizes=\"auto, (max-width: 1024px) 100vw, 1024px\" \/><\/figure>\n\n\n\n<p id=\"ember6563\">Revenons \u00e0 une base ind\u00e9modable de l\u2019ing\u00e9nierie\u00a0: quel est le besoin\u00a0? Il est d\u2019obtenir une temp\u00e9rature \u00ab\u00a0de confort\u00a0\u00bb (qui d\u00e9pend de beaucoup de facteurs, voir les articles pr\u00e9c\u00e9dents) \u2026 lorsque vous \u00eates \u00e0 la maison. Et lorsque vous n\u2019y \u00eates pas\u00a0? Et le besoin est-il le m\u00eame dans toute la maison\u00a0?<\/p>\n\n\n\n<p id=\"ember6563\">Certains disent\u00a0: inutile de r\u00e9duire la temp\u00e9rature de la maison quand vous n\u2019y \u00eates pas, parce que vous allez d\u00e9penser au moins autant pour remonter en temp\u00e9rature.<\/p>\n\n\n\n<p id=\"ember6564\">D\u2019autres disent&nbsp;: oui, c\u2019est int\u00e9ressant de r\u00e9duire la temp\u00e9rature de 2 ou 3 degr\u00e9s quand vous n\u2019y \u00eates pas, mais pas plus parce que sinon, vous allez d\u00e9penser au moins autant pour remonter en temp\u00e9rature.<\/p>\n\n\n\n<p id=\"ember6565\">Et enfin&nbsp;: oui, mais ma maison a beaucoup d\u2019inertie thermique, donc \u00e7a va tellement d\u00e9penser d\u2019\u00e9nergie pour remonter en temp\u00e9rature que \u00e7a n\u2019en vaut pas la peine.<\/p>\n\n\n\n<p id=\"ember6566\">Ce que j\u2019en dit, apr\u00e8s avoir test\u00e9 et mesur\u00e9 au travail&nbsp;: vous pouvez r\u00e9duire le chauffage autant que vous voulez, en restant \u00e9videmment en hors gel, la vraie question est de garantir que la temp\u00e9rature sera suffisamment confortable en rentrant. Pourquoi&nbsp;? J\u2019emprunte ici une analogie que je crois avoir lue sous LinkedIn&nbsp;: votre maison est similaire \u00e0 une passoire de cuisine, votre installation de chauffage \u00e0 un robinet, et la temp\u00e9rature int\u00e9rieure \u00e0 un niveau d\u2019eau que vous maintenez dans la passoire sous le robinet. Plus votre maison a de fuites thermiques, moins elle est isol\u00e9e, plus il y a de trous. Le volume d\u2019eau qui passe par les trous, c\u2019est votre consommation d\u2019\u00e9nergie. Le d\u00e9bit du robinet, c\u2019est la puissance du chauffage.<\/p>\n\n\n\n<p id=\"ember6567\">Donc&nbsp;: en r\u00e9duisant le niveau d\u2019eau dans la passoire, vous r\u00e9duisez le volume d\u2019eau consomm\u00e9, quoi qu\u2019il arrive. Pour remonter le niveau d\u2019eau, il faut effectivement ouvrir le robinet \u00e0 fond, mais l\u2019eau qui n\u2019a pas coul\u00e9 lorsque le niveau \u00e9tait bas est d\u00e9finitivement \u00e9conomis\u00e9e. La vraie question est de d\u00e9terminer \u00e0 quel moment il faut remettre le chauffage en route pour que la temp\u00e9rature soit au niveau requis lorsque c\u2019est n\u00e9cessaire.<\/p>\n\n\n\n<p id=\"ember6568\">Techniquement, je ne vois que 3 solutions&nbsp;: soit vous acceptez un certain inconfort au moment o\u00f9 vous remettez manuellement la consigne en mode normal, soit vous avez un elfe de maison qui va g\u00e9rer les r\u00e9glages sans intervention de votre part, soit vous programmez un automatisme. La troisi\u00e8me solution me semble la plus r\u00e9aliste.<\/p>\n\n\n\n<p id=\"ember6569\">En pratique, comment faire&nbsp;?<\/p>\n\n\n\n<p id=\"ember6570\">&#8211; commencez par lire, ligne \u00e0 ligne, les documentations de vos appareils de chauffage. Oui, c\u2019est r\u00e9barbatif, mais personne ne le fera \u00e0 votre place. Avec un peu de chance, vous avez d\u00e9j\u00e0 la fonctionnalit\u00e9. Attention, sur des chaudi\u00e8res et pompes \u00e0 chaleur, potentiellement, le mode \u00ab&nbsp;\u00e9co&nbsp;\u00bb permet de diminuer la temp\u00e9rature de sortie de l\u2019eau chaude, donc de diminuer la puissance de chauffage, ce qui n\u2019est pas la m\u00eame chose que r\u00e9duire la temp\u00e9rature ambiante. Si vous avez un thermostat d\u2019ambiance, le mode \u00ab&nbsp;\u00e9co&nbsp;\u00bb r\u00e9glera la temp\u00e9rature de cette pi\u00e8ce, en esp\u00e9rant que les autres suivent.<\/p>\n\n\n\n<p id=\"ember6571\">&#8211; si vous avez des radiateurs \u00e9lectriques, il existe des bo\u00eetiers qui s\u2019installent entre la prise au mur et le radiateur, auxquels il faut rajouter un module de centralisation que vous pouvez param\u00e9trer via une application. Il existe plusieurs marques, comme par exemple Legrand Netatmo, Schneider Electric Wiser, Delta Dore Tybox, Hager EK (en me limitant \u00e0 des marques fran\u00e7aises grand public). Le montage me semble basique, mais je r\u00e9p\u00e8te mes mises en garde sur la s\u00e9curit\u00e9 \u00e9lectrique.<\/p>\n\n\n\n<p id=\"ember6572\">&#8211; si vous avez des radiateurs \u00e0 eau \u00e9quip\u00e9s de vannes thermostatiques, vous pouvez passer \u00e0 des vannes thermostatiques programmables. L\u00e0 aussi, plusieurs marques comme Legrand Netatmo, Schneider Electric Wiser, Delta Dore TRV, ou d\u2019autres, avec ou sans centrale. Le montage est tr\u00e8s simple (avec une pince \u00e0 prises multiples), mais vous pouvez rencontrer la difficult\u00e9 de trouver le bon adaptateur car il existe plusieurs standards d\u2019interface. V\u00e9rifiez bien la r\u00e9putation des produits, j\u2019ai eu de mauvaises surprises de fiabilit\u00e9. Autre gag&nbsp;: souvent, le corps de vanne oriente la vanne perpendiculairement au mur&nbsp;; les vannes programmables sont plus volumineuses que les m\u00e9caniques, donc si la vanne est dans un endroit passant, quelqu\u2019un risque de l\u2019arracher. La solution consiste alors \u00e0 utiliser un corps de vanne orient\u00e9 dans le prolongement du radiateur. Dur\u00e9e de vie des piles&nbsp;: comptez 2 ans.<\/p>\n\n\n\n<p id=\"ember6573\">&#8211; si vous avez un chauffage au sol \u00e0 eau chaude, il vous faut trouver le r\u00e9partiteur, probablement dot\u00e9 de bouchons de r\u00e9glage de d\u00e9bit. Il s\u2019agira donc de remplacer ces bouchons par des mini-moteurs qui seront pilot\u00e9s en fonction de la temp\u00e9rature mesur\u00e9e dans chacune des pi\u00e8ces concern\u00e9es. Ceci suppose \u00e9videmment que vous avez identifi\u00e9 quel d\u00e9part correspond \u00e0 quelle pi\u00e8ce. Comme vous avez probablement aussi des radiateurs, il vous reste \u00e0 choisir un syst\u00e8me qui sache piloter le plancher chauffant et les radiateurs.<\/p>\n\n\n\n<p id=\"ember6574\">&#8211; dans tous les cas, lisez soigneusement la notice avant d\u2019acheter&nbsp;: en effet, il est pr\u00e9f\u00e9rable de choisir un mod\u00e8le qui va calculer la vitesse de mont\u00e9e en temp\u00e9rature, ce qui vous permettra d\u2019indiquer l\u2019heure \u00e0 laquelle vous voulez qu\u2019il fasse chaud, et non l\u2019heure de d\u00e9but de chauffe que vous esp\u00e9rez suffisante. La nuance est importante, en confort et en consommation.<\/p>\n\n\n\n<p id=\"ember6575\">Au fait, une fois que vous avez les moyens de programmer une temp\u00e9rature par pi\u00e8ce et de cr\u00e9er un calendrier d\u2019occupation par pi\u00e8ce, vous pouvez les diff\u00e9rencier au sein d\u2019une m\u00eame journ\u00e9e. Ceci exige \u00e9videmment d\u2019\u00eatre rigoureux sur la fermeture des portes (que vous aurez d\u00e9talonn\u00e9es pour la circulation d\u2019air de la VMC).<\/p>\n\n\n\n<p id=\"ember6576\">Last but not least&nbsp;: le jeu en vaut-il la chandelle&nbsp;? Au travail, j\u2019ai pass\u00e9 un b\u00e2timent en vannes thermostatiques programmables. Entre le fait que la temp\u00e9rature est vraiment contr\u00f4l\u00e9e et la gestion de la bascule entre modes confort et \u00e9co, le gain est d\u2019environ 40&nbsp;%. Je ne vous promets pas le m\u00eame gain \u00e0 la maison car le profil d\u2019utilisation n\u2019est pas le m\u00eame, mais je suis convaincu qu\u2019il y a beaucoup \u00e0 gratter.<\/p>\n\n\n\n<p id=\"ember6577\">\u00c9videmment, plus votre maison a d\u2019inertie thermique, moins ce sera int\u00e9ressant de jouer avec un mode \u00e9co pour des petites dur\u00e9es.<\/p>\n\n\n\n<p id=\"ember6578\">Ah, au fait, le d\u00e9cret 2023-444 du 7 juin 2023 vous impose de vous \u00e9quiper avec ce genre d\u2019\u00e9quipement d\u2019ici le 1er janvier 2027, voir le d\u00e9cret ici&nbsp;:<\/p>\n\n\n\n<p><a href=\"https:\/\/www.legifrance.gouv.fr\/loda\/id\/JORFTEXT000047650450\/2027-02-28\">https:\/\/www.legifrance.gouv.fr\/loda\/id\/JORFTEXT000047650450\/2027-02-28<\/a><\/p>\n\n\n\n<p id=\"ember6580\">et le d\u00e9tail sur la r\u00e9gulation ici&nbsp;:<\/p>\n\n\n\n<p><a href=\"https:\/\/www.legifrance.gouv.fr\/codes\/id\/LEGISCTA000047651278\/2027-01-01\">https:\/\/www.legifrance.gouv.fr\/codes\/id\/LEGISCTA000047651278\/2027-01-01<\/a><\/p>\n\n\n\n<p id=\"ember6582\">Et rendons finalement hommage \u00e0 Shakespeare :<\/p>\n\n\n\n<figure class=\"wp-block-embed is-type-video is-provider-youtube wp-block-embed-youtube wp-embed-aspect-16-9 wp-has-aspect-ratio\"><div class=\"wp-block-embed__wrapper\">\n<iframe loading=\"lazy\" title=\"Hamlet - \u00catre ou ne pas \u00eatre (Fandub ft. Jefon Martinez)\" width=\"500\" height=\"281\" src=\"https:\/\/www.youtube.com\/embed\/y9M42Et47X8?feature=oembed\" frameborder=\"0\" allow=\"accelerometer; autoplay; clipboard-write; encrypted-media; gyroscope; picture-in-picture; web-share\" referrerpolicy=\"strict-origin-when-cross-origin\" allowfullscreen><\/iframe>\n<\/div><\/figure>\n","protected":false},"excerpt":{"rendered":"<p>Revenons \u00e0 une base ind\u00e9modable de l\u2019ing\u00e9nierie\u00a0: quel est le besoin\u00a0? Il est d\u2019obtenir une temp\u00e9rature \u00ab\u00a0de confort\u00a0\u00bb (qui d\u00e9pend de beaucoup de facteurs, voir les articles pr\u00e9c\u00e9dents) \u2026 lorsque vous \u00eates \u00e0 la maison. Et lorsque vous n\u2019y \u00eates pas\u00a0? Et le besoin est-il le m\u00eame dans toute la maison\u00a0? Certains disent\u00a0: inutile de [&hellip;]<\/p>\n","protected":false},"author":1,"featured_media":0,"parent":0,"menu_order":0,"comment_status":"closed","ping_status":"closed","template":"","meta":{"footnotes":""},"class_list":["post-26","page","type-page","status-publish","hentry"],"yoast_head":"<!-- This site is optimized with the Yoast SEO plugin v25.8 - https:\/\/yoast.com\/wordpress\/plugins\/seo\/ -->\n<title>Chauffer ou ne pas chauffer, telle est la question - Nicolas Duvernois personal web site<\/title>\n<meta name=\"robots\" content=\"index, follow, max-snippet:-1, max-image-preview:large, max-video-preview:-1\" \/>\n<link rel=\"canonical\" href=\"https:\/\/gr.intertel.club\/nduvernois\/economies-denergie-a-la-maison-chauffer-ou-ne-pas-chauffer-telle-est-la-question\/\" \/>\n<meta property=\"og:locale\" content=\"fr_FR\" \/>\n<meta property=\"og:type\" content=\"article\" \/>\n<meta property=\"og:title\" content=\"Chauffer ou ne pas chauffer, telle est la question - Nicolas Duvernois personal web site\" \/>\n<meta property=\"og:description\" content=\"Revenons \u00e0 une base ind\u00e9modable de l\u2019ing\u00e9nierie\u00a0: quel est le besoin\u00a0? Il est d\u2019obtenir une temp\u00e9rature \u00ab\u00a0de confort\u00a0\u00bb (qui d\u00e9pend de beaucoup de facteurs, voir les articles pr\u00e9c\u00e9dents) \u2026 lorsque vous \u00eates \u00e0 la maison. Et lorsque vous n\u2019y \u00eates pas\u00a0? Et le besoin est-il le m\u00eame dans toute la maison\u00a0? Certains disent\u00a0: inutile de [&hellip;]\" \/>\n<meta property=\"og:url\" content=\"https:\/\/gr.intertel.club\/nduvernois\/economies-denergie-a-la-maison-chauffer-ou-ne-pas-chauffer-telle-est-la-question\/\" \/>\n<meta property=\"og:site_name\" content=\"Nicolas Duvernois personal web site\" \/>\n<meta property=\"article:modified_time\" content=\"2025-10-16T19:57:06+00:00\" \/>\n<meta property=\"og:image\" content=\"https:\/\/gr.intertel.club\/nduvernois\/wp-content\/uploads\/sites\/2\/2025\/05\/image-9.png\" \/>\n\t<meta property=\"og:image:width\" content=\"1280\" \/>\n\t<meta property=\"og:image:height\" content=\"720\" \/>\n\t<meta property=\"og:image:type\" content=\"image\/png\" \/>\n<meta name=\"twitter:card\" content=\"summary_large_image\" \/>\n<meta name=\"twitter:label1\" content=\"Dur\u00e9e de lecture estim\u00e9e\" \/>\n\t<meta name=\"twitter:data1\" content=\"6 minutes\" \/>\n<script type=\"application\/ld+json\" class=\"yoast-schema-graph\">{\"@context\":\"https:\/\/schema.org\",\"@graph\":[{\"@type\":\"WebPage\",\"@id\":\"https:\/\/gr.intertel.club\/nduvernois\/economies-denergie-a-la-maison-chauffer-ou-ne-pas-chauffer-telle-est-la-question\/\",\"url\":\"https:\/\/gr.intertel.club\/nduvernois\/economies-denergie-a-la-maison-chauffer-ou-ne-pas-chauffer-telle-est-la-question\/\",\"name\":\"Chauffer ou ne pas chauffer, telle est la question - Nicolas Duvernois personal web site\",\"isPartOf\":{\"@id\":\"https:\/\/gr.intertel.club\/nduvernois\/#website\"},\"primaryImageOfPage\":{\"@id\":\"https:\/\/gr.intertel.club\/nduvernois\/economies-denergie-a-la-maison-chauffer-ou-ne-pas-chauffer-telle-est-la-question\/#primaryimage\"},\"image\":{\"@id\":\"https:\/\/gr.intertel.club\/nduvernois\/economies-denergie-a-la-maison-chauffer-ou-ne-pas-chauffer-telle-est-la-question\/#primaryimage\"},\"thumbnailUrl\":\"https:\/\/gr.intertel.club\/nduvernois\/wp-content\/uploads\/sites\/2\/2025\/05\/image-9-1024x576.png\",\"datePublished\":\"2025-05-05T08:42:22+00:00\",\"dateModified\":\"2025-10-16T19:57:06+00:00\",\"breadcrumb\":{\"@id\":\"https:\/\/gr.intertel.club\/nduvernois\/economies-denergie-a-la-maison-chauffer-ou-ne-pas-chauffer-telle-est-la-question\/#breadcrumb\"},\"inLanguage\":\"fr-FR\",\"potentialAction\":[{\"@type\":\"ReadAction\",\"target\":[\"https:\/\/gr.intertel.club\/nduvernois\/economies-denergie-a-la-maison-chauffer-ou-ne-pas-chauffer-telle-est-la-question\/\"]}]},{\"@type\":\"ImageObject\",\"inLanguage\":\"fr-FR\",\"@id\":\"https:\/\/gr.intertel.club\/nduvernois\/economies-denergie-a-la-maison-chauffer-ou-ne-pas-chauffer-telle-est-la-question\/#primaryimage\",\"url\":\"https:\/\/gr.intertel.club\/nduvernois\/wp-content\/uploads\/sites\/2\/2025\/05\/image-9.png\",\"contentUrl\":\"https:\/\/gr.intertel.club\/nduvernois\/wp-content\/uploads\/sites\/2\/2025\/05\/image-9.png\",\"width\":1280,\"height\":720},{\"@type\":\"BreadcrumbList\",\"@id\":\"https:\/\/gr.intertel.club\/nduvernois\/economies-denergie-a-la-maison-chauffer-ou-ne-pas-chauffer-telle-est-la-question\/#breadcrumb\",\"itemListElement\":[{\"@type\":\"ListItem\",\"position\":1,\"name\":\"Home\",\"item\":\"https:\/\/gr.intertel.club\/nduvernois\/\"},{\"@type\":\"ListItem\",\"position\":2,\"name\":\"Chauffer ou ne pas chauffer, telle est la question\"}]},{\"@type\":\"WebSite\",\"@id\":\"https:\/\/gr.intertel.club\/nduvernois\/#website\",\"url\":\"https:\/\/gr.intertel.club\/nduvernois\/\",\"name\":\"Nicolas Duvernois personal web site\",\"description\":\"\",\"potentialAction\":[{\"@type\":\"SearchAction\",\"target\":{\"@type\":\"EntryPoint\",\"urlTemplate\":\"https:\/\/gr.intertel.club\/nduvernois\/?s={search_term_string}\"},\"query-input\":{\"@type\":\"PropertyValueSpecification\",\"valueRequired\":true,\"valueName\":\"search_term_string\"}}],\"inLanguage\":\"fr-FR\"}]}<\/script>\n<!-- \/ Yoast SEO plugin. -->","yoast_head_json":{"title":"Chauffer ou ne pas chauffer, telle est la question - Nicolas Duvernois personal web site","robots":{"index":"index","follow":"follow","max-snippet":"max-snippet:-1","max-image-preview":"max-image-preview:large","max-video-preview":"max-video-preview:-1"},"canonical":"https:\/\/gr.intertel.club\/nduvernois\/economies-denergie-a-la-maison-chauffer-ou-ne-pas-chauffer-telle-est-la-question\/","og_locale":"fr_FR","og_type":"article","og_title":"Chauffer ou ne pas chauffer, telle est la question - Nicolas Duvernois personal web site","og_description":"Revenons \u00e0 une base ind\u00e9modable de l\u2019ing\u00e9nierie\u00a0: quel est le besoin\u00a0? Il est d\u2019obtenir une temp\u00e9rature \u00ab\u00a0de confort\u00a0\u00bb (qui d\u00e9pend de beaucoup de facteurs, voir les articles pr\u00e9c\u00e9dents) \u2026 lorsque vous \u00eates \u00e0 la maison. Et lorsque vous n\u2019y \u00eates pas\u00a0? Et le besoin est-il le m\u00eame dans toute la maison\u00a0? Certains disent\u00a0: inutile de [&hellip;]","og_url":"https:\/\/gr.intertel.club\/nduvernois\/economies-denergie-a-la-maison-chauffer-ou-ne-pas-chauffer-telle-est-la-question\/","og_site_name":"Nicolas Duvernois personal web site","article_modified_time":"2025-10-16T19:57:06+00:00","og_image":[{"width":1280,"height":720,"url":"https:\/\/gr.intertel.club\/nduvernois\/wp-content\/uploads\/sites\/2\/2025\/05\/image-9.png","type":"image\/png"}],"twitter_card":"summary_large_image","twitter_misc":{"Dur\u00e9e de lecture estim\u00e9e":"6 minutes"},"schema":{"@context":"https:\/\/schema.org","@graph":[{"@type":"WebPage","@id":"https:\/\/gr.intertel.club\/nduvernois\/economies-denergie-a-la-maison-chauffer-ou-ne-pas-chauffer-telle-est-la-question\/","url":"https:\/\/gr.intertel.club\/nduvernois\/economies-denergie-a-la-maison-chauffer-ou-ne-pas-chauffer-telle-est-la-question\/","name":"Chauffer ou ne pas chauffer, telle est la question - Nicolas Duvernois personal web site","isPartOf":{"@id":"https:\/\/gr.intertel.club\/nduvernois\/#website"},"primaryImageOfPage":{"@id":"https:\/\/gr.intertel.club\/nduvernois\/economies-denergie-a-la-maison-chauffer-ou-ne-pas-chauffer-telle-est-la-question\/#primaryimage"},"image":{"@id":"https:\/\/gr.intertel.club\/nduvernois\/economies-denergie-a-la-maison-chauffer-ou-ne-pas-chauffer-telle-est-la-question\/#primaryimage"},"thumbnailUrl":"https:\/\/gr.intertel.club\/nduvernois\/wp-content\/uploads\/sites\/2\/2025\/05\/image-9-1024x576.png","datePublished":"2025-05-05T08:42:22+00:00","dateModified":"2025-10-16T19:57:06+00:00","breadcrumb":{"@id":"https:\/\/gr.intertel.club\/nduvernois\/economies-denergie-a-la-maison-chauffer-ou-ne-pas-chauffer-telle-est-la-question\/#breadcrumb"},"inLanguage":"fr-FR","potentialAction":[{"@type":"ReadAction","target":["https:\/\/gr.intertel.club\/nduvernois\/economies-denergie-a-la-maison-chauffer-ou-ne-pas-chauffer-telle-est-la-question\/"]}]},{"@type":"ImageObject","inLanguage":"fr-FR","@id":"https:\/\/gr.intertel.club\/nduvernois\/economies-denergie-a-la-maison-chauffer-ou-ne-pas-chauffer-telle-est-la-question\/#primaryimage","url":"https:\/\/gr.intertel.club\/nduvernois\/wp-content\/uploads\/sites\/2\/2025\/05\/image-9.png","contentUrl":"https:\/\/gr.intertel.club\/nduvernois\/wp-content\/uploads\/sites\/2\/2025\/05\/image-9.png","width":1280,"height":720},{"@type":"BreadcrumbList","@id":"https:\/\/gr.intertel.club\/nduvernois\/economies-denergie-a-la-maison-chauffer-ou-ne-pas-chauffer-telle-est-la-question\/#breadcrumb","itemListElement":[{"@type":"ListItem","position":1,"name":"Home","item":"https:\/\/gr.intertel.club\/nduvernois\/"},{"@type":"ListItem","position":2,"name":"Chauffer ou ne pas chauffer, telle est la question"}]},{"@type":"WebSite","@id":"https:\/\/gr.intertel.club\/nduvernois\/#website","url":"https:\/\/gr.intertel.club\/nduvernois\/","name":"Nicolas Duvernois personal web site","description":"","potentialAction":[{"@type":"SearchAction","target":{"@type":"EntryPoint","urlTemplate":"https:\/\/gr.intertel.club\/nduvernois\/?s={search_term_string}"},"query-input":{"@type":"PropertyValueSpecification","valueRequired":true,"valueName":"search_term_string"}}],"inLanguage":"fr-FR"}]}},"_links":{"self":[{"href":"https:\/\/gr.intertel.club\/nduvernois\/wp-json\/wp\/v2\/pages\/26","targetHints":{"allow":["GET"]}}],"collection":[{"href":"https:\/\/gr.intertel.club\/nduvernois\/wp-json\/wp\/v2\/pages"}],"about":[{"href":"https:\/\/gr.intertel.club\/nduvernois\/wp-json\/wp\/v2\/types\/page"}],"author":[{"embeddable":true,"href":"https:\/\/gr.intertel.club\/nduvernois\/wp-json\/wp\/v2\/users\/1"}],"replies":[{"embeddable":true,"href":"https:\/\/gr.intertel.club\/nduvernois\/wp-json\/wp\/v2\/comments?post=26"}],"version-history":[{"count":3,"href":"https:\/\/gr.intertel.club\/nduvernois\/wp-json\/wp\/v2\/pages\/26\/revisions"}],"predecessor-version":[{"id":121,"href":"https:\/\/gr.intertel.club\/nduvernois\/wp-json\/wp\/v2\/pages\/26\/revisions\/121"}],"wp:attachment":[{"href":"https:\/\/gr.intertel.club\/nduvernois\/wp-json\/wp\/v2\/media?parent=26"}],"curies":[{"name":"wp","href":"https:\/\/api.w.org\/{rel}","templated":true}]}}