{"id":23,"date":"2025-05-05T08:40:44","date_gmt":"2025-05-05T08:40:44","guid":{"rendered":"https:\/\/gr.intertel.club\/nduvernois\/?page_id=23"},"modified":"2025-10-16T19:58:12","modified_gmt":"2025-10-16T19:58:12","slug":"economies-denergie-a-la-maison-lesprit-des-lois-deau","status":"publish","type":"page","link":"https:\/\/gr.intertel.club\/nduvernois\/economies-denergie-a-la-maison-lesprit-des-lois-deau\/","title":{"rendered":"L&rsquo;esprit des lois d&rsquo;eau"},"content":{"rendered":"\n<p id=\"ember5795\">Cet article s\u2019applique uniquement aux syst\u00e8mes de chauffage avec circulation d\u2019eau chaude.<\/p>\n\n\n\n<figure class=\"wp-block-image size-large\"><img loading=\"lazy\" decoding=\"async\" width=\"1024\" height=\"576\" src=\"https:\/\/gr.intertel.club\/nduvernois\/wp-content\/uploads\/sites\/2\/2025\/05\/image-8-1024x576.png\" alt=\"\" class=\"wp-image-24\" srcset=\"https:\/\/gr.intertel.club\/nduvernois\/wp-content\/uploads\/sites\/2\/2025\/05\/image-8-1024x576.png 1024w, https:\/\/gr.intertel.club\/nduvernois\/wp-content\/uploads\/sites\/2\/2025\/05\/image-8-300x169.png 300w, https:\/\/gr.intertel.club\/nduvernois\/wp-content\/uploads\/sites\/2\/2025\/05\/image-8-768x432.png 768w, https:\/\/gr.intertel.club\/nduvernois\/wp-content\/uploads\/sites\/2\/2025\/05\/image-8.png 1280w\" sizes=\"auto, (max-width: 1024px) 100vw, 1024px\" \/><\/figure>\n\n\n\n<p id=\"ember5796\">Revenons \u00e0 l\u2019\u00e9quation de l\u2019article sur la thermodynamique, et simplifions-la encore un peu. La puissance de chauffage n\u00e9cessaire \u00e0 maintenir la temp\u00e9rature dans un logement est proportionnelle \u00e0 la diff\u00e9rence de temp\u00e9rature entre l\u2019int\u00e9rieur et l\u2019ext\u00e9rieur.<\/p>\n\n\n\n<p id=\"ember5798\">La puissance de chauffage d\u00e9livr\u00e9e par votre g\u00e9n\u00e9rateur de chaleur (chaudi\u00e8re, pompe \u00e0 chaleur) est proportionnelle \u00e0 la temp\u00e9rature de l\u2019eau. En revanche, le rendement de votre g\u00e9n\u00e9rateur de chaleur diminue lorsque la temp\u00e9rature augmente (surtout pour les pompes \u00e0 chaleur).<\/p>\n\n\n\n<p id=\"ember5799\">Dans le r\u00e9seau de distribution de la chaleur, plus ou moins isol\u00e9, les pertes thermiques sont proportionnelles \u00e0 la diff\u00e9rence de temp\u00e9rature entre la temp\u00e9rature de l\u2019eau et celle de la pi\u00e8ce o\u00f9 passe le r\u00e9seau de distribution de chaleur.<\/p>\n\n\n\n<p id=\"ember5800\">Moralit\u00e9&nbsp;: vous avez besoin d\u2019une puissance maximale pour le jour o\u00f9 il fait vraiment froid, mais le reste du temps, vous pouvez vous permettre de diminuer la puissance du g\u00e9n\u00e9rateur de chaleur, et d\u2019am\u00e9liorer ainsi le rendement de votre installation. Tout ceci n\u2019est pas neuf, c\u2019est connu depuis \u00ab&nbsp;au moins \u00e7a, voire plus&nbsp;\u00bb.<\/p>\n\n\n\n<p id=\"ember5801\">Des gens ont donc r\u00e9fl\u00e9chi et trouv\u00e9 une solution simple&nbsp;: il suffit d\u2019installer un capteur de temp\u00e9rature ext\u00e9rieure et de faire varier la temp\u00e9rature d\u2019eau en fonction de la temp\u00e9rature ext\u00e9rieure. Cela s\u2019appelle une loi d\u2019eau. Sur les chaudi\u00e8res et pompes \u00e0 chaleur, c\u2019est habituellement mat\u00e9rialis\u00e9 par un bouton (gradu\u00e9 de 0 \u00e0 5 par exemple) ou par un petit graphique sur un \u00e9cran (avec une droite qui penche en bas \u00e0 droite).<\/p>\n\n\n\n<p id=\"ember5802\">Et donc que faire&nbsp;?<\/p>\n\n\n\n<p id=\"ember5803\">1) Lisez tr\u00e8s attentivement la documentation de votre chaudi\u00e8re ou pompe \u00e0 chaleur pour savoir si elle permet l\u2019utilisation d\u2019un capteur de temp\u00e9rature ext\u00e9rieure et pour savoir comment ajuster la loi d\u2019eau<\/p>\n\n\n\n<p id=\"ember5804\">2) Si c\u2019est bon, alors v\u00e9rifiez que vous avez bien un capteur de temp\u00e9rature ext\u00e9rieure<\/p>\n\n\n\n<p id=\"ember5805\">3) Si vous n\u2019en avez pas, c\u2019est le moment de vous en payer un. Soit vous \u00eates suffisamment bricoleur pour l\u2019installer vous-m\u00eame (\u00e0 l\u2019abri du soleil et attention \u00e0 la s\u00e9curit\u00e9 \u00e9lectrique), soit vous le demandez \u00e0 votre chauffagiste pr\u00e9f\u00e9r\u00e9, ce qui vous permettra de passer \u00e0 l\u2019\u00e9tape suivante. Attention&nbsp;: il y a une grande diversit\u00e9 de capteurs, le capteur de l\u2019appareil X est probablement inadapt\u00e9 pour l\u2019appareil Y.<\/p>\n\n\n\n<p id=\"ember5806\">4) Si vous en avez un, il vous reste \u00e0 t\u00e2tonner pour optimiser le r\u00e9glage. Pour cela, utilisez les mois les plus froids, et allez-y progressivement en vous laissant quelques jours entre chaque nouveau r\u00e9glage. Il faut donc r\u00e9duire progressivement le r\u00e9glage de la loi d&rsquo;eau (en tournant le bouton vers le 0, en couchant la pente de la droite sur l&rsquo;\u00e9cran). Un petit peu pour commencer, attendre pour voir si le chauffage arrive \u00e0 suivre, recommencer, etc&#8230; et arr\u00eater lorsqu&rsquo;il faut r\u00e9solument trop froid. Pas le choix, il va falloir le faire vous-m\u00eame car aucun chauffagiste ne va s\u2019amuser \u00e0 retourner chez son client toutes les semaines pour ce genre d\u2019ajustement. Alors, \u00e9videmment, les radiateurs vont \u00eatre moins chauds et c&rsquo;est un peu contre-intuitif d&rsquo;essayer de se chauffer avec des radiateurs \u00ab\u00a0relativement froids\u00a0\u00bb, mais c&rsquo;est bien cela qu&rsquo;il faut viser.<\/p>\n\n\n\n<p id=\"ember5808\">Le jeu en vaut-il la chandelle&nbsp;? Un ordre de grandeur classique est qu\u2019entre un syst\u00e8me qui tourne tout le temps \u00e0 temp\u00e9rature maximale, et le m\u00eame avec une loi d\u2019eau ajust\u00e9e au plus pr\u00e8s, vous pouvez esp\u00e9rer 15 \u00e0 20&nbsp;% de gain de consommation, pour un investissement nul ou tr\u00e8s limit\u00e9.<\/p>\n\n\n\n<p id=\"ember5809\">Une autre fois, je vous parlerai de petits travaux permettant de diminuer encore la loi d\u2019eau.<\/p>\n\n\n\n<p id=\"ember5811\">Et pour changer des vid\u00e9os, voici, sur le site Gallica, une vieille \u00e9dition du vrai esprit des Lois, de Montesquieu.<\/p>\n\n\n\n<p><a href=\"https:\/\/archivesetmanuscrits.bnf.fr\/ark:\/12148\/cc11816d\/ca100\">https:\/\/archivesetmanuscrits.bnf.fr\/ark:\/12148\/cc11816d\/ca100<\/a><\/p>\n","protected":false},"excerpt":{"rendered":"<p>Cet article s\u2019applique uniquement aux syst\u00e8mes de chauffage avec circulation d\u2019eau chaude. Revenons \u00e0 l\u2019\u00e9quation de l\u2019article sur la thermodynamique, et simplifions-la encore un peu. La puissance de chauffage n\u00e9cessaire \u00e0 maintenir la temp\u00e9rature dans un logement est proportionnelle \u00e0 la diff\u00e9rence de temp\u00e9rature entre l\u2019int\u00e9rieur et l\u2019ext\u00e9rieur. La puissance de chauffage d\u00e9livr\u00e9e par votre [&hellip;]<\/p>\n","protected":false},"author":1,"featured_media":0,"parent":0,"menu_order":0,"comment_status":"closed","ping_status":"closed","template":"","meta":{"footnotes":""},"class_list":["post-23","page","type-page","status-publish","hentry"],"yoast_head":"<!-- This site is optimized with the Yoast SEO plugin v25.8 - https:\/\/yoast.com\/wordpress\/plugins\/seo\/ -->\n<title>L&#039;esprit des lois d&#039;eau - Nicolas Duvernois personal web site<\/title>\n<meta name=\"robots\" content=\"index, follow, max-snippet:-1, max-image-preview:large, max-video-preview:-1\" \/>\n<link rel=\"canonical\" href=\"https:\/\/gr.intertel.club\/nduvernois\/economies-denergie-a-la-maison-lesprit-des-lois-deau\/\" \/>\n<meta property=\"og:locale\" content=\"fr_FR\" \/>\n<meta property=\"og:type\" content=\"article\" \/>\n<meta property=\"og:title\" content=\"L&#039;esprit des lois d&#039;eau - Nicolas Duvernois personal web site\" \/>\n<meta property=\"og:description\" content=\"Cet article s\u2019applique uniquement aux syst\u00e8mes de chauffage avec circulation d\u2019eau chaude. Revenons \u00e0 l\u2019\u00e9quation de l\u2019article sur la thermodynamique, et simplifions-la encore un peu. La puissance de chauffage n\u00e9cessaire \u00e0 maintenir la temp\u00e9rature dans un logement est proportionnelle \u00e0 la diff\u00e9rence de temp\u00e9rature entre l\u2019int\u00e9rieur et l\u2019ext\u00e9rieur. La puissance de chauffage d\u00e9livr\u00e9e par votre [&hellip;]\" \/>\n<meta property=\"og:url\" content=\"https:\/\/gr.intertel.club\/nduvernois\/economies-denergie-a-la-maison-lesprit-des-lois-deau\/\" \/>\n<meta property=\"og:site_name\" content=\"Nicolas Duvernois personal web site\" \/>\n<meta property=\"article:modified_time\" content=\"2025-10-16T19:58:12+00:00\" \/>\n<meta property=\"og:image\" content=\"https:\/\/gr.intertel.club\/nduvernois\/wp-content\/uploads\/sites\/2\/2025\/05\/image-8.png\" \/>\n\t<meta property=\"og:image:width\" content=\"1280\" \/>\n\t<meta property=\"og:image:height\" content=\"720\" \/>\n\t<meta property=\"og:image:type\" content=\"image\/png\" \/>\n<meta name=\"twitter:card\" content=\"summary_large_image\" \/>\n<meta name=\"twitter:label1\" content=\"Dur\u00e9e de lecture estim\u00e9e\" \/>\n\t<meta name=\"twitter:data1\" content=\"4 minutes\" \/>\n<script type=\"application\/ld+json\" class=\"yoast-schema-graph\">{\"@context\":\"https:\/\/schema.org\",\"@graph\":[{\"@type\":\"WebPage\",\"@id\":\"https:\/\/gr.intertel.club\/nduvernois\/economies-denergie-a-la-maison-lesprit-des-lois-deau\/\",\"url\":\"https:\/\/gr.intertel.club\/nduvernois\/economies-denergie-a-la-maison-lesprit-des-lois-deau\/\",\"name\":\"L'esprit des lois d'eau - Nicolas Duvernois personal web site\",\"isPartOf\":{\"@id\":\"https:\/\/gr.intertel.club\/nduvernois\/#website\"},\"primaryImageOfPage\":{\"@id\":\"https:\/\/gr.intertel.club\/nduvernois\/economies-denergie-a-la-maison-lesprit-des-lois-deau\/#primaryimage\"},\"image\":{\"@id\":\"https:\/\/gr.intertel.club\/nduvernois\/economies-denergie-a-la-maison-lesprit-des-lois-deau\/#primaryimage\"},\"thumbnailUrl\":\"https:\/\/gr.intertel.club\/nduvernois\/wp-content\/uploads\/sites\/2\/2025\/05\/image-8-1024x576.png\",\"datePublished\":\"2025-05-05T08:40:44+00:00\",\"dateModified\":\"2025-10-16T19:58:12+00:00\",\"breadcrumb\":{\"@id\":\"https:\/\/gr.intertel.club\/nduvernois\/economies-denergie-a-la-maison-lesprit-des-lois-deau\/#breadcrumb\"},\"inLanguage\":\"fr-FR\",\"potentialAction\":[{\"@type\":\"ReadAction\",\"target\":[\"https:\/\/gr.intertel.club\/nduvernois\/economies-denergie-a-la-maison-lesprit-des-lois-deau\/\"]}]},{\"@type\":\"ImageObject\",\"inLanguage\":\"fr-FR\",\"@id\":\"https:\/\/gr.intertel.club\/nduvernois\/economies-denergie-a-la-maison-lesprit-des-lois-deau\/#primaryimage\",\"url\":\"https:\/\/gr.intertel.club\/nduvernois\/wp-content\/uploads\/sites\/2\/2025\/05\/image-8.png\",\"contentUrl\":\"https:\/\/gr.intertel.club\/nduvernois\/wp-content\/uploads\/sites\/2\/2025\/05\/image-8.png\",\"width\":1280,\"height\":720},{\"@type\":\"BreadcrumbList\",\"@id\":\"https:\/\/gr.intertel.club\/nduvernois\/economies-denergie-a-la-maison-lesprit-des-lois-deau\/#breadcrumb\",\"itemListElement\":[{\"@type\":\"ListItem\",\"position\":1,\"name\":\"Home\",\"item\":\"https:\/\/gr.intertel.club\/nduvernois\/\"},{\"@type\":\"ListItem\",\"position\":2,\"name\":\"L&rsquo;esprit des lois d&rsquo;eau\"}]},{\"@type\":\"WebSite\",\"@id\":\"https:\/\/gr.intertel.club\/nduvernois\/#website\",\"url\":\"https:\/\/gr.intertel.club\/nduvernois\/\",\"name\":\"Nicolas Duvernois personal web site\",\"description\":\"\",\"potentialAction\":[{\"@type\":\"SearchAction\",\"target\":{\"@type\":\"EntryPoint\",\"urlTemplate\":\"https:\/\/gr.intertel.club\/nduvernois\/?s={search_term_string}\"},\"query-input\":{\"@type\":\"PropertyValueSpecification\",\"valueRequired\":true,\"valueName\":\"search_term_string\"}}],\"inLanguage\":\"fr-FR\"}]}<\/script>\n<!-- \/ Yoast SEO plugin. -->","yoast_head_json":{"title":"L'esprit des lois d'eau - Nicolas Duvernois personal web site","robots":{"index":"index","follow":"follow","max-snippet":"max-snippet:-1","max-image-preview":"max-image-preview:large","max-video-preview":"max-video-preview:-1"},"canonical":"https:\/\/gr.intertel.club\/nduvernois\/economies-denergie-a-la-maison-lesprit-des-lois-deau\/","og_locale":"fr_FR","og_type":"article","og_title":"L'esprit des lois d'eau - Nicolas Duvernois personal web site","og_description":"Cet article s\u2019applique uniquement aux syst\u00e8mes de chauffage avec circulation d\u2019eau chaude. Revenons \u00e0 l\u2019\u00e9quation de l\u2019article sur la thermodynamique, et simplifions-la encore un peu. La puissance de chauffage n\u00e9cessaire \u00e0 maintenir la temp\u00e9rature dans un logement est proportionnelle \u00e0 la diff\u00e9rence de temp\u00e9rature entre l\u2019int\u00e9rieur et l\u2019ext\u00e9rieur. La puissance de chauffage d\u00e9livr\u00e9e par votre [&hellip;]","og_url":"https:\/\/gr.intertel.club\/nduvernois\/economies-denergie-a-la-maison-lesprit-des-lois-deau\/","og_site_name":"Nicolas Duvernois personal web site","article_modified_time":"2025-10-16T19:58:12+00:00","og_image":[{"width":1280,"height":720,"url":"https:\/\/gr.intertel.club\/nduvernois\/wp-content\/uploads\/sites\/2\/2025\/05\/image-8.png","type":"image\/png"}],"twitter_card":"summary_large_image","twitter_misc":{"Dur\u00e9e de lecture estim\u00e9e":"4 minutes"},"schema":{"@context":"https:\/\/schema.org","@graph":[{"@type":"WebPage","@id":"https:\/\/gr.intertel.club\/nduvernois\/economies-denergie-a-la-maison-lesprit-des-lois-deau\/","url":"https:\/\/gr.intertel.club\/nduvernois\/economies-denergie-a-la-maison-lesprit-des-lois-deau\/","name":"L'esprit des lois d'eau - Nicolas Duvernois personal web site","isPartOf":{"@id":"https:\/\/gr.intertel.club\/nduvernois\/#website"},"primaryImageOfPage":{"@id":"https:\/\/gr.intertel.club\/nduvernois\/economies-denergie-a-la-maison-lesprit-des-lois-deau\/#primaryimage"},"image":{"@id":"https:\/\/gr.intertel.club\/nduvernois\/economies-denergie-a-la-maison-lesprit-des-lois-deau\/#primaryimage"},"thumbnailUrl":"https:\/\/gr.intertel.club\/nduvernois\/wp-content\/uploads\/sites\/2\/2025\/05\/image-8-1024x576.png","datePublished":"2025-05-05T08:40:44+00:00","dateModified":"2025-10-16T19:58:12+00:00","breadcrumb":{"@id":"https:\/\/gr.intertel.club\/nduvernois\/economies-denergie-a-la-maison-lesprit-des-lois-deau\/#breadcrumb"},"inLanguage":"fr-FR","potentialAction":[{"@type":"ReadAction","target":["https:\/\/gr.intertel.club\/nduvernois\/economies-denergie-a-la-maison-lesprit-des-lois-deau\/"]}]},{"@type":"ImageObject","inLanguage":"fr-FR","@id":"https:\/\/gr.intertel.club\/nduvernois\/economies-denergie-a-la-maison-lesprit-des-lois-deau\/#primaryimage","url":"https:\/\/gr.intertel.club\/nduvernois\/wp-content\/uploads\/sites\/2\/2025\/05\/image-8.png","contentUrl":"https:\/\/gr.intertel.club\/nduvernois\/wp-content\/uploads\/sites\/2\/2025\/05\/image-8.png","width":1280,"height":720},{"@type":"BreadcrumbList","@id":"https:\/\/gr.intertel.club\/nduvernois\/economies-denergie-a-la-maison-lesprit-des-lois-deau\/#breadcrumb","itemListElement":[{"@type":"ListItem","position":1,"name":"Home","item":"https:\/\/gr.intertel.club\/nduvernois\/"},{"@type":"ListItem","position":2,"name":"L&rsquo;esprit des lois d&rsquo;eau"}]},{"@type":"WebSite","@id":"https:\/\/gr.intertel.club\/nduvernois\/#website","url":"https:\/\/gr.intertel.club\/nduvernois\/","name":"Nicolas Duvernois personal web site","description":"","potentialAction":[{"@type":"SearchAction","target":{"@type":"EntryPoint","urlTemplate":"https:\/\/gr.intertel.club\/nduvernois\/?s={search_term_string}"},"query-input":{"@type":"PropertyValueSpecification","valueRequired":true,"valueName":"search_term_string"}}],"inLanguage":"fr-FR"}]}},"_links":{"self":[{"href":"https:\/\/gr.intertel.club\/nduvernois\/wp-json\/wp\/v2\/pages\/23","targetHints":{"allow":["GET"]}}],"collection":[{"href":"https:\/\/gr.intertel.club\/nduvernois\/wp-json\/wp\/v2\/pages"}],"about":[{"href":"https:\/\/gr.intertel.club\/nduvernois\/wp-json\/wp\/v2\/types\/page"}],"author":[{"embeddable":true,"href":"https:\/\/gr.intertel.club\/nduvernois\/wp-json\/wp\/v2\/users\/1"}],"replies":[{"embeddable":true,"href":"https:\/\/gr.intertel.club\/nduvernois\/wp-json\/wp\/v2\/comments?post=23"}],"version-history":[{"count":3,"href":"https:\/\/gr.intertel.club\/nduvernois\/wp-json\/wp\/v2\/pages\/23\/revisions"}],"predecessor-version":[{"id":124,"href":"https:\/\/gr.intertel.club\/nduvernois\/wp-json\/wp\/v2\/pages\/23\/revisions\/124"}],"wp:attachment":[{"href":"https:\/\/gr.intertel.club\/nduvernois\/wp-json\/wp\/v2\/media?parent=23"}],"curies":[{"name":"wp","href":"https:\/\/api.w.org\/{rel}","templated":true}]}}