{"id":20,"date":"2025-05-05T08:38:55","date_gmt":"2025-05-05T08:38:55","guid":{"rendered":"https:\/\/gr.intertel.club\/nduvernois\/?page_id=20"},"modified":"2025-10-16T20:06:07","modified_gmt":"2025-10-16T20:06:07","slug":"economies-denergie-a-la-maison-le-marteau-pilon-et-la-mouche","status":"publish","type":"page","link":"https:\/\/gr.intertel.club\/nduvernois\/economies-denergie-a-la-maison-le-marteau-pilon-et-la-mouche\/","title":{"rendered":"Le marteau-pilon et la mouche"},"content":{"rendered":"\n<figure class=\"wp-block-image\"><img decoding=\"async\" src=\"https:\/\/media.licdn.com\/dms\/image\/v2\/D4E12AQFGCKep445LLQ\/article-cover_image-shrink_720_1280\/B4EZZTUqNiH0AI-\/0\/1745154648992?e=1752105600&amp;v=beta&amp;t=f8ACBwTITqkI5ggGNiO8RAZ_B8O5oClRVW5uiE_QpdI\" alt=\"\" \/><\/figure>\n\n\n\n<p id=\"ember5139\">R\u00e9p\u00e9tons-le&nbsp;: il ne faut surtout pas commencer des travaux d\u2019efficacit\u00e9 \u00e9nerg\u00e9tique par un changement de chaudi\u00e8re ou de pompe \u00e0 chaleur. Il faut d\u2019abord r\u00e9duire les besoins.<\/p>\n\n\n\n<p id=\"ember5140\">Supposons que ce soit fait et que vous ayez besoin de changer votre source de chaleur pour une raison X. Vous allez voir une entreprise de chauffage qui va vous proposer un \u00e9quipement d\u2019une certaine puissance, disons un peu plus que votre source actuelle pour \u00eatre s\u00fbr de ne pas se tromper. De toute fa\u00e7on, qui peut le plus peut le moins. Et il ne faudrait pas que votre source de chaleur fonctionne tout le temps \u00e0 fond, ce ne serait pas tr\u00e8s bon.<\/p>\n\n\n\n<p id=\"ember5141\">Dans un article pr\u00e9c\u00e9dent (<a href=\"https:\/\/gr.intertel.club\/nduvernois\/economies-denergie-a-la-maison-au-commencement-etait-la-mesure\/\">ici<\/a>), j\u2019ai parl\u00e9 de l\u2019int\u00e9r\u00eat de relever les consommations avec une p\u00e9riodicit\u00e9 suffisamment faible. Voici ce \u00e0 quoi cela peut servir. Je vais reprendre les donn\u00e9es de F, qui se reconna\u00eetra. Il a une chaudi\u00e8re de 20 kW (sans modulation de puissance) qui est en train de l\u00e2cher. Nous avons extrait les donn\u00e9es de son compteur Gazpar, donc juste des consommations journali\u00e8res qui correspondent \u00e0 ses plaques de cuisson, \u00e0 la production d\u2019eau chaude et au chauffage. Divisons ces consommations par 24, ce qui permet de calculer une puissance moyenne journali\u00e8re.<\/p>\n\n\n\n<p id=\"ember5142\">Ensuite, sur 1 an, il faut classer ces puissances moyennes journali\u00e8res et compter le nombre de fois o\u00f9 elles sont entre 0 et 0,2 kW, entre 0,2 et 0,4 kW, etc. Repr\u00e9sentons le tout sur un graphique&nbsp;:<\/p>\n\n\n\n<figure class=\"wp-block-image aligncenter size-full\"><img loading=\"lazy\" decoding=\"async\" width=\"498\" height=\"254\" src=\"https:\/\/gr.intertel.club\/nduvernois\/wp-content\/uploads\/sites\/2\/2025\/05\/image-7.png\" alt=\"\" class=\"wp-image-21\" srcset=\"https:\/\/gr.intertel.club\/nduvernois\/wp-content\/uploads\/sites\/2\/2025\/05\/image-7.png 498w, https:\/\/gr.intertel.club\/nduvernois\/wp-content\/uploads\/sites\/2\/2025\/05\/image-7-300x153.png 300w\" sizes=\"auto, (max-width: 498px) 100vw, 498px\" \/><\/figure>\n\n\n\n<p id=\"ember5145\">Pour interpr\u00e9ter ce graphique, il faut rester prudent car nous avons ici une puissance moyenne journali\u00e8re, et pas horaire par exemple, ce qui permettrait d\u2019\u00eatre beaucoup plus pr\u00e9cis. Par analogie avec ce que j\u2019ai mesur\u00e9 au travail, j\u2019estime qu\u2019il faut rajouter en gros 10&nbsp;% de la puissance maximum (= 2 kW dans ce cas) pour passer des puissances moyennes journali\u00e8res \u00e0 des puissances moyennes horaires.<\/p>\n\n\n\n<p id=\"ember5146\">Donc, sur la moiti\u00e9 de l\u2019ann\u00e9e (niveau 50%), la chaudi\u00e8re ne sert \u00e0 qu\u2019\u00e0 chauffer l\u2019eau, avec une puissance horaire qui ne d\u00e9passe probablement gu\u00e8re les 4 kW. Ensuite, le chauffage se met en route, et la puissance moyenne journali\u00e8re monte \u00e0 environ 11 kW, donc peut-\u00eatre 13 ou 14 kW de puissance moyenne horaire (pour un maximum \u00e0 20 kW, je rappelle). Attention encore, il n\u2019y a qu\u2019une seule ann\u00e9e de donn\u00e9es, et ce n\u2019est peut-\u00eatre pas l\u2019hiver le plus froid.<\/p>\n\n\n\n<p id=\"ember5147\">Mais bon, en voyant ce graphique, que pensez-vous de la proposition de son chauffagiste sur une chaudi\u00e8re de 35 kW qui sait moduler jusqu\u2019\u00e0 5 kW, et donc va passer au moins la moiti\u00e9 de l\u2019ann\u00e9e \u00e0 fonctionner en on\/off&nbsp;?<\/p>\n\n\n\n<p id=\"ember5149\">Pour revenir sur les affirmations initiales&nbsp;:<\/p>\n\n\n\n<p id=\"ember5150\">&#8211; qui peut le plus peut le moins&nbsp;: oui, certes, mais surdimensionner pour cr\u00e9er du fonctionnement hach\u00e9, cela n\u2019a jamais \u00e9t\u00e9 bon pour la m\u00e9canique, et pas davantage pour le rendement.<\/p>\n\n\n\n<p id=\"ember5151\">&#8211; il ne faudrait pas que votre source de chaleur fonctionne tout le temps \u00e0 fond&nbsp;: pas d\u2019inqui\u00e9tude, il y a vraiment peu de risque que cela arrive.<\/p>\n\n\n\n<p id=\"ember5152\">Mais surtout&nbsp;:<\/p>\n\n\n\n<p id=\"ember5153\">&#8211; essayez d\u2019avoir des donn\u00e9es horaires, en gaz ou en chaleur (donc visez une pr\u00e9cision de mesure \u00e0 0,1 kWh, au pire \u00e0 1 kWh)<\/p>\n\n\n\n<p id=\"ember5154\">&#8211; pr\u00e9parez votre changement de source de chaleur avec quelques ann\u00e9es d\u2019avance (pour essayer d\u2019avoir quelques jours vraiment froids et \u00e9valuer au mieux le besoin dans ces cas \u00ab&nbsp;extr\u00eames&nbsp;\u00bb)<\/p>\n\n\n\n<p id=\"ember5155\">&#8211; oui la puissance maximum doit \u00eatre assur\u00e9e<\/p>\n\n\n\n<p id=\"ember5156\">&#8211; mais pendant quelque chose comme 99&nbsp;% du temps, votre source de chaleur fonctionnera \u00e0 charge partielle, donc c\u2019est la capacit\u00e9 de votre source de chaleur \u00e0 fonctionner \u00e0 charge partielle qui va d\u00e9terminer le rendement r\u00e9el de votre installation en fonctionnement.<\/p>\n\n\n\n<p id=\"ember5157\">Le titre est \u00e9videmment une r\u00e9f\u00e9rence au marteau-pilon du Creusot, et si vous voulez en savoir plus, commencez donc par ceci : <a href=\"https:\/\/fr.wikipedia.org\/wiki\/Marteau-pilon_du_Creusot\">https:\/\/fr.wikipedia.org\/wiki\/Marteau-pilon_du_Creusot<\/a>.<\/p>\n","protected":false},"excerpt":{"rendered":"<p>R\u00e9p\u00e9tons-le&nbsp;: il ne faut surtout pas commencer des travaux d\u2019efficacit\u00e9 \u00e9nerg\u00e9tique par un changement de chaudi\u00e8re ou de pompe \u00e0 chaleur. Il faut d\u2019abord r\u00e9duire les besoins. Supposons que ce soit fait et que vous ayez besoin de changer votre source de chaleur pour une raison X. Vous allez voir une entreprise de chauffage qui [&hellip;]<\/p>\n","protected":false},"author":1,"featured_media":0,"parent":0,"menu_order":0,"comment_status":"closed","ping_status":"closed","template":"","meta":{"footnotes":""},"class_list":["post-20","page","type-page","status-publish","hentry"],"yoast_head":"<!-- This site is optimized with the Yoast SEO plugin v25.8 - https:\/\/yoast.com\/wordpress\/plugins\/seo\/ -->\n<title>Le marteau-pilon et la mouche - Nicolas Duvernois personal web site<\/title>\n<meta name=\"robots\" content=\"index, follow, max-snippet:-1, max-image-preview:large, max-video-preview:-1\" \/>\n<link rel=\"canonical\" href=\"https:\/\/gr.intertel.club\/nduvernois\/economies-denergie-a-la-maison-le-marteau-pilon-et-la-mouche\/\" \/>\n<meta property=\"og:locale\" content=\"fr_FR\" \/>\n<meta property=\"og:type\" content=\"article\" \/>\n<meta property=\"og:title\" content=\"Le marteau-pilon et la mouche - Nicolas Duvernois personal web site\" \/>\n<meta property=\"og:description\" content=\"R\u00e9p\u00e9tons-le&nbsp;: il ne faut surtout pas commencer des travaux d\u2019efficacit\u00e9 \u00e9nerg\u00e9tique par un changement de chaudi\u00e8re ou de pompe \u00e0 chaleur. Il faut d\u2019abord r\u00e9duire les besoins. Supposons que ce soit fait et que vous ayez besoin de changer votre source de chaleur pour une raison X. Vous allez voir une entreprise de chauffage qui [&hellip;]\" \/>\n<meta property=\"og:url\" content=\"https:\/\/gr.intertel.club\/nduvernois\/economies-denergie-a-la-maison-le-marteau-pilon-et-la-mouche\/\" \/>\n<meta property=\"og:site_name\" content=\"Nicolas Duvernois personal web site\" \/>\n<meta property=\"article:modified_time\" content=\"2025-10-16T20:06:07+00:00\" \/>\n<meta property=\"og:image\" content=\"https:\/\/media.licdn.com\/dms\/image\/v2\/D4E12AQFGCKep445LLQ\/article-cover_image-shrink_720_1280\/B4EZZTUqNiH0AI-\/0\/1745154648992?e=1752105600&amp;v=beta&amp;t=f8ACBwTITqkI5ggGNiO8RAZ_B8O5oClRVW5uiE_QpdI\" \/>\n<meta name=\"twitter:card\" content=\"summary_large_image\" \/>\n<meta name=\"twitter:label1\" content=\"Dur\u00e9e de lecture estim\u00e9e\" \/>\n\t<meta name=\"twitter:data1\" content=\"4 minutes\" \/>\n<script type=\"application\/ld+json\" class=\"yoast-schema-graph\">{\"@context\":\"https:\/\/schema.org\",\"@graph\":[{\"@type\":\"WebPage\",\"@id\":\"https:\/\/gr.intertel.club\/nduvernois\/economies-denergie-a-la-maison-le-marteau-pilon-et-la-mouche\/\",\"url\":\"https:\/\/gr.intertel.club\/nduvernois\/economies-denergie-a-la-maison-le-marteau-pilon-et-la-mouche\/\",\"name\":\"Le marteau-pilon et la mouche - Nicolas Duvernois personal web site\",\"isPartOf\":{\"@id\":\"https:\/\/gr.intertel.club\/nduvernois\/#website\"},\"primaryImageOfPage\":{\"@id\":\"https:\/\/gr.intertel.club\/nduvernois\/economies-denergie-a-la-maison-le-marteau-pilon-et-la-mouche\/#primaryimage\"},\"image\":{\"@id\":\"https:\/\/gr.intertel.club\/nduvernois\/economies-denergie-a-la-maison-le-marteau-pilon-et-la-mouche\/#primaryimage\"},\"thumbnailUrl\":\"https:\/\/media.licdn.com\/dms\/image\/v2\/D4E12AQFGCKep445LLQ\/article-cover_image-shrink_720_1280\/B4EZZTUqNiH0AI-\/0\/1745154648992?e=1752105600&amp;v=beta&amp;t=f8ACBwTITqkI5ggGNiO8RAZ_B8O5oClRVW5uiE_QpdI\",\"datePublished\":\"2025-05-05T08:38:55+00:00\",\"dateModified\":\"2025-10-16T20:06:07+00:00\",\"breadcrumb\":{\"@id\":\"https:\/\/gr.intertel.club\/nduvernois\/economies-denergie-a-la-maison-le-marteau-pilon-et-la-mouche\/#breadcrumb\"},\"inLanguage\":\"fr-FR\",\"potentialAction\":[{\"@type\":\"ReadAction\",\"target\":[\"https:\/\/gr.intertel.club\/nduvernois\/economies-denergie-a-la-maison-le-marteau-pilon-et-la-mouche\/\"]}]},{\"@type\":\"ImageObject\",\"inLanguage\":\"fr-FR\",\"@id\":\"https:\/\/gr.intertel.club\/nduvernois\/economies-denergie-a-la-maison-le-marteau-pilon-et-la-mouche\/#primaryimage\",\"url\":\"https:\/\/media.licdn.com\/dms\/image\/v2\/D4E12AQFGCKep445LLQ\/article-cover_image-shrink_720_1280\/B4EZZTUqNiH0AI-\/0\/1745154648992?e=1752105600&amp;v=beta&amp;t=f8ACBwTITqkI5ggGNiO8RAZ_B8O5oClRVW5uiE_QpdI\",\"contentUrl\":\"https:\/\/media.licdn.com\/dms\/image\/v2\/D4E12AQFGCKep445LLQ\/article-cover_image-shrink_720_1280\/B4EZZTUqNiH0AI-\/0\/1745154648992?e=1752105600&amp;v=beta&amp;t=f8ACBwTITqkI5ggGNiO8RAZ_B8O5oClRVW5uiE_QpdI\"},{\"@type\":\"BreadcrumbList\",\"@id\":\"https:\/\/gr.intertel.club\/nduvernois\/economies-denergie-a-la-maison-le-marteau-pilon-et-la-mouche\/#breadcrumb\",\"itemListElement\":[{\"@type\":\"ListItem\",\"position\":1,\"name\":\"Home\",\"item\":\"https:\/\/gr.intertel.club\/nduvernois\/\"},{\"@type\":\"ListItem\",\"position\":2,\"name\":\"Le marteau-pilon et la mouche\"}]},{\"@type\":\"WebSite\",\"@id\":\"https:\/\/gr.intertel.club\/nduvernois\/#website\",\"url\":\"https:\/\/gr.intertel.club\/nduvernois\/\",\"name\":\"Nicolas Duvernois personal web site\",\"description\":\"\",\"potentialAction\":[{\"@type\":\"SearchAction\",\"target\":{\"@type\":\"EntryPoint\",\"urlTemplate\":\"https:\/\/gr.intertel.club\/nduvernois\/?s={search_term_string}\"},\"query-input\":{\"@type\":\"PropertyValueSpecification\",\"valueRequired\":true,\"valueName\":\"search_term_string\"}}],\"inLanguage\":\"fr-FR\"}]}<\/script>\n<!-- \/ Yoast SEO plugin. -->","yoast_head_json":{"title":"Le marteau-pilon et la mouche - Nicolas Duvernois personal web site","robots":{"index":"index","follow":"follow","max-snippet":"max-snippet:-1","max-image-preview":"max-image-preview:large","max-video-preview":"max-video-preview:-1"},"canonical":"https:\/\/gr.intertel.club\/nduvernois\/economies-denergie-a-la-maison-le-marteau-pilon-et-la-mouche\/","og_locale":"fr_FR","og_type":"article","og_title":"Le marteau-pilon et la mouche - Nicolas Duvernois personal web site","og_description":"R\u00e9p\u00e9tons-le&nbsp;: il ne faut surtout pas commencer des travaux d\u2019efficacit\u00e9 \u00e9nerg\u00e9tique par un changement de chaudi\u00e8re ou de pompe \u00e0 chaleur. Il faut d\u2019abord r\u00e9duire les besoins. Supposons que ce soit fait et que vous ayez besoin de changer votre source de chaleur pour une raison X. Vous allez voir une entreprise de chauffage qui [&hellip;]","og_url":"https:\/\/gr.intertel.club\/nduvernois\/economies-denergie-a-la-maison-le-marteau-pilon-et-la-mouche\/","og_site_name":"Nicolas Duvernois personal web site","article_modified_time":"2025-10-16T20:06:07+00:00","og_image":[{"url":"https:\/\/media.licdn.com\/dms\/image\/v2\/D4E12AQFGCKep445LLQ\/article-cover_image-shrink_720_1280\/B4EZZTUqNiH0AI-\/0\/1745154648992?e=1752105600&amp;v=beta&amp;t=f8ACBwTITqkI5ggGNiO8RAZ_B8O5oClRVW5uiE_QpdI","type":"","width":"","height":""}],"twitter_card":"summary_large_image","twitter_misc":{"Dur\u00e9e de lecture estim\u00e9e":"4 minutes"},"schema":{"@context":"https:\/\/schema.org","@graph":[{"@type":"WebPage","@id":"https:\/\/gr.intertel.club\/nduvernois\/economies-denergie-a-la-maison-le-marteau-pilon-et-la-mouche\/","url":"https:\/\/gr.intertel.club\/nduvernois\/economies-denergie-a-la-maison-le-marteau-pilon-et-la-mouche\/","name":"Le marteau-pilon et la mouche - Nicolas Duvernois personal web site","isPartOf":{"@id":"https:\/\/gr.intertel.club\/nduvernois\/#website"},"primaryImageOfPage":{"@id":"https:\/\/gr.intertel.club\/nduvernois\/economies-denergie-a-la-maison-le-marteau-pilon-et-la-mouche\/#primaryimage"},"image":{"@id":"https:\/\/gr.intertel.club\/nduvernois\/economies-denergie-a-la-maison-le-marteau-pilon-et-la-mouche\/#primaryimage"},"thumbnailUrl":"https:\/\/media.licdn.com\/dms\/image\/v2\/D4E12AQFGCKep445LLQ\/article-cover_image-shrink_720_1280\/B4EZZTUqNiH0AI-\/0\/1745154648992?e=1752105600&amp;v=beta&amp;t=f8ACBwTITqkI5ggGNiO8RAZ_B8O5oClRVW5uiE_QpdI","datePublished":"2025-05-05T08:38:55+00:00","dateModified":"2025-10-16T20:06:07+00:00","breadcrumb":{"@id":"https:\/\/gr.intertel.club\/nduvernois\/economies-denergie-a-la-maison-le-marteau-pilon-et-la-mouche\/#breadcrumb"},"inLanguage":"fr-FR","potentialAction":[{"@type":"ReadAction","target":["https:\/\/gr.intertel.club\/nduvernois\/economies-denergie-a-la-maison-le-marteau-pilon-et-la-mouche\/"]}]},{"@type":"ImageObject","inLanguage":"fr-FR","@id":"https:\/\/gr.intertel.club\/nduvernois\/economies-denergie-a-la-maison-le-marteau-pilon-et-la-mouche\/#primaryimage","url":"https:\/\/media.licdn.com\/dms\/image\/v2\/D4E12AQFGCKep445LLQ\/article-cover_image-shrink_720_1280\/B4EZZTUqNiH0AI-\/0\/1745154648992?e=1752105600&amp;v=beta&amp;t=f8ACBwTITqkI5ggGNiO8RAZ_B8O5oClRVW5uiE_QpdI","contentUrl":"https:\/\/media.licdn.com\/dms\/image\/v2\/D4E12AQFGCKep445LLQ\/article-cover_image-shrink_720_1280\/B4EZZTUqNiH0AI-\/0\/1745154648992?e=1752105600&amp;v=beta&amp;t=f8ACBwTITqkI5ggGNiO8RAZ_B8O5oClRVW5uiE_QpdI"},{"@type":"BreadcrumbList","@id":"https:\/\/gr.intertel.club\/nduvernois\/economies-denergie-a-la-maison-le-marteau-pilon-et-la-mouche\/#breadcrumb","itemListElement":[{"@type":"ListItem","position":1,"name":"Home","item":"https:\/\/gr.intertel.club\/nduvernois\/"},{"@type":"ListItem","position":2,"name":"Le marteau-pilon et la mouche"}]},{"@type":"WebSite","@id":"https:\/\/gr.intertel.club\/nduvernois\/#website","url":"https:\/\/gr.intertel.club\/nduvernois\/","name":"Nicolas Duvernois personal web site","description":"","potentialAction":[{"@type":"SearchAction","target":{"@type":"EntryPoint","urlTemplate":"https:\/\/gr.intertel.club\/nduvernois\/?s={search_term_string}"},"query-input":{"@type":"PropertyValueSpecification","valueRequired":true,"valueName":"search_term_string"}}],"inLanguage":"fr-FR"}]}},"_links":{"self":[{"href":"https:\/\/gr.intertel.club\/nduvernois\/wp-json\/wp\/v2\/pages\/20","targetHints":{"allow":["GET"]}}],"collection":[{"href":"https:\/\/gr.intertel.club\/nduvernois\/wp-json\/wp\/v2\/pages"}],"about":[{"href":"https:\/\/gr.intertel.club\/nduvernois\/wp-json\/wp\/v2\/types\/page"}],"author":[{"embeddable":true,"href":"https:\/\/gr.intertel.club\/nduvernois\/wp-json\/wp\/v2\/users\/1"}],"replies":[{"embeddable":true,"href":"https:\/\/gr.intertel.club\/nduvernois\/wp-json\/wp\/v2\/comments?post=20"}],"version-history":[{"count":3,"href":"https:\/\/gr.intertel.club\/nduvernois\/wp-json\/wp\/v2\/pages\/20\/revisions"}],"predecessor-version":[{"id":131,"href":"https:\/\/gr.intertel.club\/nduvernois\/wp-json\/wp\/v2\/pages\/20\/revisions\/131"}],"wp:attachment":[{"href":"https:\/\/gr.intertel.club\/nduvernois\/wp-json\/wp\/v2\/media?parent=20"}],"curies":[{"name":"wp","href":"https:\/\/api.w.org\/{rel}","templated":true}]}}