{"id":152,"date":"2026-01-23T23:17:27","date_gmt":"2026-01-23T23:17:27","guid":{"rendered":"https:\/\/gr.intertel.club\/nduvernois\/?page_id=152"},"modified":"2026-01-23T23:17:28","modified_gmt":"2026-01-23T23:17:28","slug":"peut-on-faire-des-economies-denergie-en-cochant-des-cases","status":"publish","type":"page","link":"https:\/\/gr.intertel.club\/nduvernois\/peut-on-faire-des-economies-denergie-en-cochant-des-cases\/","title":{"rendered":"Peut-on faire des \u00e9conomies d\u2019\u00e9nergie en cochant des cases\u00a0?"},"content":{"rendered":"\n\n\n<p id=\"ember53\">Dans l\u2019industrie, et probablement ailleurs, nous aimons bien les listes de choses \u00e0 faire, avec des cases \u00e0 cocher pour s\u2019assurer que tout ce qui est n\u00e9cessaire a bien \u00e9t\u00e9 r\u00e9alis\u00e9. D\u2019aucuns appellent cela une \u00ab&nbsp;check-list&nbsp;\u00bb. C\u2019est un moyen valid\u00e9 de transmettre une certaine exp\u00e9rience, un standard.<\/p>\n\n\n\n<p id=\"ember54\">Soit, mais quel standard&nbsp;? S\u2019il s\u2019agit de choses standard, du genre&nbsp;: passer l\u2019\u00e9clairage en LED, \u00e9teindre les lumi\u00e8res en sortant des pi\u00e8ces, \u2026 j\u2019exprime un gros doute. Oui, assur\u00e9ment, cela fournit un pense-b\u00eate, un point de d\u00e9part, surtout si vous d\u00e9marrez de z\u00e9ro sur les \u00e9conomies d\u2019\u00e9nergie. Oui, assur\u00e9ment, sur les postes consid\u00e9r\u00e9s, cela peut repr\u00e9senter des \u00e9conomies substantielles.<\/p>\n\n\n\n<p id=\"ember55\">Mais que ferez-vous une fois la liste enti\u00e8rement coch\u00e9e&nbsp;? Vous permettra-t-elle d\u2019atteindre vos objectifs&nbsp;? Dans quelle mesure cette liste peut correspondre \u00e0 l\u2019ensemble des situations de votre cas particulier&nbsp;? Face \u00e0 des circonstances ou des installations non r\u00e9pertori\u00e9es, que va pr\u00e9coniser la liste&nbsp;?<\/p>\n\n\n\n<p id=\"ember56\">Je pense que l\u2019essentiel n\u2019est pas dans la liste de prescriptions standardis\u00e9es. Ce qui importe est plus de savoir regarder et comprendre ce qui est sous ses yeux. En soi, cela peut \u00eatre un standard, mais pas du tout dans le m\u00eame esprit.<\/p>\n","protected":false},"excerpt":{"rendered":"<p>Dans l\u2019industrie, et probablement ailleurs, nous aimons bien les listes de choses \u00e0 faire, avec des cases \u00e0 cocher pour s\u2019assurer que tout ce qui est n\u00e9cessaire a bien \u00e9t\u00e9 r\u00e9alis\u00e9. D\u2019aucuns appellent cela une \u00ab&nbsp;check-list&nbsp;\u00bb. C\u2019est un moyen valid\u00e9 de transmettre une certaine exp\u00e9rience, un standard. Soit, mais quel standard&nbsp;? S\u2019il s\u2019agit de choses [&hellip;]<\/p>\n","protected":false},"author":2,"featured_media":0,"parent":0,"menu_order":0,"comment_status":"closed","ping_status":"closed","template":"","meta":{"footnotes":""},"class_list":["post-152","page","type-page","status-publish","hentry"],"yoast_head":"<!-- This site is optimized with the Yoast SEO plugin v25.8 - https:\/\/yoast.com\/wordpress\/plugins\/seo\/ -->\n<title>Peut-on faire des \u00e9conomies d\u2019\u00e9nergie en cochant des cases\u00a0? - Nicolas Duvernois personal web site<\/title>\n<meta name=\"robots\" content=\"index, follow, max-snippet:-1, max-image-preview:large, max-video-preview:-1\" \/>\n<link rel=\"canonical\" href=\"https:\/\/gr.intertel.club\/nduvernois\/peut-on-faire-des-economies-denergie-en-cochant-des-cases\/\" \/>\n<meta property=\"og:locale\" content=\"fr_FR\" \/>\n<meta property=\"og:type\" content=\"article\" \/>\n<meta property=\"og:title\" content=\"Peut-on faire des \u00e9conomies d\u2019\u00e9nergie en cochant des cases\u00a0? - Nicolas Duvernois personal web site\" \/>\n<meta property=\"og:description\" content=\"Dans l\u2019industrie, et probablement ailleurs, nous aimons bien les listes de choses \u00e0 faire, avec des cases \u00e0 cocher pour s\u2019assurer que tout ce qui est n\u00e9cessaire a bien \u00e9t\u00e9 r\u00e9alis\u00e9. D\u2019aucuns appellent cela une \u00ab&nbsp;check-list&nbsp;\u00bb. C\u2019est un moyen valid\u00e9 de transmettre une certaine exp\u00e9rience, un standard. Soit, mais quel standard&nbsp;? S\u2019il s\u2019agit de choses [&hellip;]\" \/>\n<meta property=\"og:url\" content=\"https:\/\/gr.intertel.club\/nduvernois\/peut-on-faire-des-economies-denergie-en-cochant-des-cases\/\" \/>\n<meta property=\"og:site_name\" content=\"Nicolas Duvernois personal web site\" \/>\n<meta property=\"article:modified_time\" content=\"2026-01-23T23:17:28+00:00\" \/>\n<meta name=\"twitter:card\" content=\"summary_large_image\" \/>\n<meta name=\"twitter:label1\" content=\"Dur\u00e9e de lecture estim\u00e9e\" \/>\n\t<meta name=\"twitter:data1\" content=\"2 minutes\" \/>\n<script type=\"application\/ld+json\" class=\"yoast-schema-graph\">{\"@context\":\"https:\/\/schema.org\",\"@graph\":[{\"@type\":\"WebPage\",\"@id\":\"https:\/\/gr.intertel.club\/nduvernois\/peut-on-faire-des-economies-denergie-en-cochant-des-cases\/\",\"url\":\"https:\/\/gr.intertel.club\/nduvernois\/peut-on-faire-des-economies-denergie-en-cochant-des-cases\/\",\"name\":\"Peut-on faire des \u00e9conomies d\u2019\u00e9nergie en cochant des cases\u00a0? - Nicolas Duvernois personal web site\",\"isPartOf\":{\"@id\":\"https:\/\/gr.intertel.club\/nduvernois\/#website\"},\"datePublished\":\"2026-01-23T23:17:27+00:00\",\"dateModified\":\"2026-01-23T23:17:28+00:00\",\"breadcrumb\":{\"@id\":\"https:\/\/gr.intertel.club\/nduvernois\/peut-on-faire-des-economies-denergie-en-cochant-des-cases\/#breadcrumb\"},\"inLanguage\":\"fr-FR\",\"potentialAction\":[{\"@type\":\"ReadAction\",\"target\":[\"https:\/\/gr.intertel.club\/nduvernois\/peut-on-faire-des-economies-denergie-en-cochant-des-cases\/\"]}]},{\"@type\":\"BreadcrumbList\",\"@id\":\"https:\/\/gr.intertel.club\/nduvernois\/peut-on-faire-des-economies-denergie-en-cochant-des-cases\/#breadcrumb\",\"itemListElement\":[{\"@type\":\"ListItem\",\"position\":1,\"name\":\"Home\",\"item\":\"https:\/\/gr.intertel.club\/nduvernois\/\"},{\"@type\":\"ListItem\",\"position\":2,\"name\":\"Peut-on faire des \u00e9conomies d\u2019\u00e9nergie en cochant des cases\u00a0?\"}]},{\"@type\":\"WebSite\",\"@id\":\"https:\/\/gr.intertel.club\/nduvernois\/#website\",\"url\":\"https:\/\/gr.intertel.club\/nduvernois\/\",\"name\":\"Nicolas Duvernois personal web site\",\"description\":\"\",\"potentialAction\":[{\"@type\":\"SearchAction\",\"target\":{\"@type\":\"EntryPoint\",\"urlTemplate\":\"https:\/\/gr.intertel.club\/nduvernois\/?s={search_term_string}\"},\"query-input\":{\"@type\":\"PropertyValueSpecification\",\"valueRequired\":true,\"valueName\":\"search_term_string\"}}],\"inLanguage\":\"fr-FR\"}]}<\/script>\n<!-- \/ Yoast SEO plugin. -->","yoast_head_json":{"title":"Peut-on faire des \u00e9conomies d\u2019\u00e9nergie en cochant des cases\u00a0? - Nicolas Duvernois personal web site","robots":{"index":"index","follow":"follow","max-snippet":"max-snippet:-1","max-image-preview":"max-image-preview:large","max-video-preview":"max-video-preview:-1"},"canonical":"https:\/\/gr.intertel.club\/nduvernois\/peut-on-faire-des-economies-denergie-en-cochant-des-cases\/","og_locale":"fr_FR","og_type":"article","og_title":"Peut-on faire des \u00e9conomies d\u2019\u00e9nergie en cochant des cases\u00a0? - Nicolas Duvernois personal web site","og_description":"Dans l\u2019industrie, et probablement ailleurs, nous aimons bien les listes de choses \u00e0 faire, avec des cases \u00e0 cocher pour s\u2019assurer que tout ce qui est n\u00e9cessaire a bien \u00e9t\u00e9 r\u00e9alis\u00e9. D\u2019aucuns appellent cela une \u00ab&nbsp;check-list&nbsp;\u00bb. C\u2019est un moyen valid\u00e9 de transmettre une certaine exp\u00e9rience, un standard. Soit, mais quel standard&nbsp;? S\u2019il s\u2019agit de choses [&hellip;]","og_url":"https:\/\/gr.intertel.club\/nduvernois\/peut-on-faire-des-economies-denergie-en-cochant-des-cases\/","og_site_name":"Nicolas Duvernois personal web site","article_modified_time":"2026-01-23T23:17:28+00:00","twitter_card":"summary_large_image","twitter_misc":{"Dur\u00e9e de lecture estim\u00e9e":"2 minutes"},"schema":{"@context":"https:\/\/schema.org","@graph":[{"@type":"WebPage","@id":"https:\/\/gr.intertel.club\/nduvernois\/peut-on-faire-des-economies-denergie-en-cochant-des-cases\/","url":"https:\/\/gr.intertel.club\/nduvernois\/peut-on-faire-des-economies-denergie-en-cochant-des-cases\/","name":"Peut-on faire des \u00e9conomies d\u2019\u00e9nergie en cochant des cases\u00a0? - Nicolas Duvernois personal web site","isPartOf":{"@id":"https:\/\/gr.intertel.club\/nduvernois\/#website"},"datePublished":"2026-01-23T23:17:27+00:00","dateModified":"2026-01-23T23:17:28+00:00","breadcrumb":{"@id":"https:\/\/gr.intertel.club\/nduvernois\/peut-on-faire-des-economies-denergie-en-cochant-des-cases\/#breadcrumb"},"inLanguage":"fr-FR","potentialAction":[{"@type":"ReadAction","target":["https:\/\/gr.intertel.club\/nduvernois\/peut-on-faire-des-economies-denergie-en-cochant-des-cases\/"]}]},{"@type":"BreadcrumbList","@id":"https:\/\/gr.intertel.club\/nduvernois\/peut-on-faire-des-economies-denergie-en-cochant-des-cases\/#breadcrumb","itemListElement":[{"@type":"ListItem","position":1,"name":"Home","item":"https:\/\/gr.intertel.club\/nduvernois\/"},{"@type":"ListItem","position":2,"name":"Peut-on faire des \u00e9conomies d\u2019\u00e9nergie en cochant des cases\u00a0?"}]},{"@type":"WebSite","@id":"https:\/\/gr.intertel.club\/nduvernois\/#website","url":"https:\/\/gr.intertel.club\/nduvernois\/","name":"Nicolas Duvernois personal web site","description":"","potentialAction":[{"@type":"SearchAction","target":{"@type":"EntryPoint","urlTemplate":"https:\/\/gr.intertel.club\/nduvernois\/?s={search_term_string}"},"query-input":{"@type":"PropertyValueSpecification","valueRequired":true,"valueName":"search_term_string"}}],"inLanguage":"fr-FR"}]}},"_links":{"self":[{"href":"https:\/\/gr.intertel.club\/nduvernois\/wp-json\/wp\/v2\/pages\/152","targetHints":{"allow":["GET"]}}],"collection":[{"href":"https:\/\/gr.intertel.club\/nduvernois\/wp-json\/wp\/v2\/pages"}],"about":[{"href":"https:\/\/gr.intertel.club\/nduvernois\/wp-json\/wp\/v2\/types\/page"}],"author":[{"embeddable":true,"href":"https:\/\/gr.intertel.club\/nduvernois\/wp-json\/wp\/v2\/users\/2"}],"replies":[{"embeddable":true,"href":"https:\/\/gr.intertel.club\/nduvernois\/wp-json\/wp\/v2\/comments?post=152"}],"version-history":[{"count":1,"href":"https:\/\/gr.intertel.club\/nduvernois\/wp-json\/wp\/v2\/pages\/152\/revisions"}],"predecessor-version":[{"id":154,"href":"https:\/\/gr.intertel.club\/nduvernois\/wp-json\/wp\/v2\/pages\/152\/revisions\/154"}],"wp:attachment":[{"href":"https:\/\/gr.intertel.club\/nduvernois\/wp-json\/wp\/v2\/media?parent=152"}],"curies":[{"name":"wp","href":"https:\/\/api.w.org\/{rel}","templated":true}]}}