{"id":12,"date":"2025-05-05T08:36:45","date_gmt":"2025-05-05T08:36:45","guid":{"rendered":"https:\/\/gr.intertel.club\/nduvernois\/?page_id=12"},"modified":"2025-10-16T20:07:53","modified_gmt":"2025-10-16T20:07:53","slug":"economies-denergie-a-la-maison-vous-pompiez-jen-suis-fort-aise-eh-bien-regulez-maintenant","status":"publish","type":"page","link":"https:\/\/gr.intertel.club\/nduvernois\/economies-denergie-a-la-maison-vous-pompiez-jen-suis-fort-aise-eh-bien-regulez-maintenant\/","title":{"rendered":"Vous pompiez\u00a0? J\u2019en suis fort aise. Eh bien\u00a0! r\u00e9gulez maintenant"},"content":{"rendered":"\n<p id=\"ember4534\">Le concept d\u2019un syst\u00e8me de chauffage hydraulique avec radiateurs et\/ou plancher chauffant, c\u2019est de faire circuler de l\u2019eau, donc il faut une pompe, \u00e9galement appel\u00e9e circulateur.<\/p>\n\n\n\n<figure class=\"wp-block-image size-large\"><img loading=\"lazy\" decoding=\"async\" width=\"1024\" height=\"576\" src=\"https:\/\/gr.intertel.club\/nduvernois\/wp-content\/uploads\/sites\/2\/2025\/05\/image-6-1024x576.png\" alt=\"\" class=\"wp-image-18\" srcset=\"https:\/\/gr.intertel.club\/nduvernois\/wp-content\/uploads\/sites\/2\/2025\/05\/image-6-1024x576.png 1024w, https:\/\/gr.intertel.club\/nduvernois\/wp-content\/uploads\/sites\/2\/2025\/05\/image-6-300x169.png 300w, https:\/\/gr.intertel.club\/nduvernois\/wp-content\/uploads\/sites\/2\/2025\/05\/image-6-768x432.png 768w, https:\/\/gr.intertel.club\/nduvernois\/wp-content\/uploads\/sites\/2\/2025\/05\/image-6.png 1280w\" sizes=\"auto, (max-width: 1024px) 100vw, 1024px\" \/><\/figure>\n\n\n\n<p id=\"ember4535\">Son boulot, c\u2019est de convoyer la chaleur. La puissance thermique convoy\u00e9e par un tuyau d\u2019eau chaude se calcule ainsi<\/p>\n\n\n\n<p id=\"ember4536\">Puissance = Coef1 x <em>D\u00e9bit_eau x <\/em>Teau = Coef2 x<em> Diam\u00e8tre\u00b2<\/em> x Vitesse_eau x Teau<\/p>\n\n\n\n<p id=\"ember4537\">Une fois la temp\u00e9rature de l\u2019eau choisie, la puissance totale permet de d\u00e9terminer le d\u00e9bit d\u2019eau n\u00e9cessaire. Il ne faut pas d\u00e9passer une certaine vitesse dans les tuyaux (usure, bruit), ce qui va fixer un diam\u00e8tre minimum pour les tuyaux. Le choix des radiateurs, du diam\u00e8tre des tuyaux et de l\u2019implantation va d\u00e9terminer une relation entre d\u00e9bit et perte de charge.<\/p>\n\n\n\n<p id=\"ember4538\">Il reste ensuite \u00e0 choisir une pompe qui permette d\u2019assurer le d\u00e9bit cible avec la perte de charge li\u00e9e au circuit, donc la pompe qui, dans le catalogue, est au-dessus de cette valeur. La pompe de base, pas trop ch\u00e8re, ne fonctionne qu\u2019en on\/off.<\/p>\n\n\n\n<p id=\"ember4539\">Poussons le raisonnement un peu plus loin&nbsp;: si vous avez des vannes thermostatiques, lorsque la temp\u00e9rature ambiante augmente, la perte de charge va augmenter. Donc la pompe va sortir un peu moins de d\u00e9bit, et la pression dans le circuit va augmenter.<\/p>\n\n\n\n<p id=\"ember4540\">Mais pourquoi faudrait-il se condamner \u00e0 d\u00e9penser l\u2019\u00e9lectricit\u00e9 n\u00e9cessaire \u00e0 cr\u00e9er un d\u00e9bit sup\u00e9rieur au besoin&nbsp;? C\u2019est pourtant ce qui arrive immanquablement avec les pompes habituelles, qui fonctionnent en on\/off.<\/p>\n\n\n\n<p id=\"ember4541\">La solution technique existe&nbsp;: la pompe de circulation \u00e0 r\u00e9gulation de pression int\u00e9gr\u00e9e. Si vous choisissez le mode de contr\u00f4le de d\u00e9bit adapt\u00e9, la pompe va r\u00e9duire sa puissance en fonction du besoin r\u00e9el. Concr\u00e8tement, allez voir par exemple chez Wilo ou Grundfos (comme d&rsquo;habitude, je cite ces marques \u00e0 titre d&rsquo;illustration, pas de recommandation). Une pompe r\u00e9gul\u00e9e ressemble \u00e0 ceci :<\/p>\n\n\n\n<figure class=\"wp-block-image aligncenter size-full is-resized has-custom-border\"><img loading=\"lazy\" decoding=\"async\" width=\"205\" height=\"261\" src=\"https:\/\/gr.intertel.club\/nduvernois\/wp-content\/uploads\/sites\/2\/2025\/05\/image-1.png\" alt=\"\" class=\"wp-image-13\" style=\"border-width:1px;width:478px;height:auto\" \/><figcaption class=\"wp-element-caption\">Cr\u00e9dit : Grundfos<\/figcaption><\/figure>\n\n\n\n<p>ou cela :<\/p>\n\n\n\n<figure class=\"wp-block-image aligncenter size-full is-resized has-custom-border\"><img loading=\"lazy\" decoding=\"async\" width=\"116\" height=\"155\" src=\"https:\/\/gr.intertel.club\/nduvernois\/wp-content\/uploads\/sites\/2\/2025\/05\/image-4.png\" alt=\"\" class=\"wp-image-16\" style=\"border-width:1px;width:391px;height:auto\" \/><figcaption class=\"wp-element-caption\">Cr\u00e9dit : Wilo<\/figcaption><\/figure>\n\n\n\n<p id=\"ember4548\">Par ailleurs, si vous avez une chaudi\u00e8re \u00e0 condensation, sachez que la condensation marchera d\u2019autant mieux que la temp\u00e9rature de retour depuis vos radiateurs sera froide. Donc, \u00e0 consommation de chaleur identique, vous avez int\u00e9r\u00eat \u00e0 diminuer votre d\u00e9bit. Les fabricants proposent ainsi des pompes qui r\u00e9gulent le d\u00e9bit pour maintenir une diff\u00e9rence de temp\u00e9rature constante entre l\u2019aller et le retour du chauffage, en tout cas en gamme \u00ab&nbsp;pro&nbsp;\u00bb. En gamme \u00ab&nbsp;domestique&nbsp;\u00bb, je n\u2019en ai pas vu (en tout cas pour l&rsquo;instant).<\/p>\n\n\n\n<p id=\"ember4549\">Quel gain attendre de tout cela ? \u00c0 la lumi\u00e8re de ce que j&rsquo;ai constat\u00e9 au travail sur diff\u00e9rents r\u00e9seaux (pas que du chauffage), je dirais environ 50% sur la consommation \u00e9lectrique de la pompe.<\/p>\n\n\n\n<p id=\"ember4550\">Et maintenant que je vous ai expliqu\u00e9 que c\u2019est int\u00e9ressant de r\u00e9duire le d\u00e9bit, vous allez attendre le prochain article pour que je vous explique que, dans une certaine mesure, il peut aussi \u00eatre int\u00e9ressant de l\u2019augmenter (non, ce n\u2019est pas une blague).<br><br>J&rsquo;aurais bien aim\u00e9 trouv\u00e9 une vid\u00e9o de Fabrice Luchini r\u00e9citant \u00ab\u00a0La cigale et la fourmi\u00a0\u00bb, mais malheureusement non. En revanche, j&rsquo;ai trouv\u00e9 ceci : <a href=\"https:\/\/www.youtube.com\/watch?v=SwRtSh4rczo\">https:\/\/www.youtube.com\/watch?v=SwRtSh4rczo<\/a><\/p>\n","protected":false},"excerpt":{"rendered":"<p>Le concept d\u2019un syst\u00e8me de chauffage hydraulique avec radiateurs et\/ou plancher chauffant, c\u2019est de faire circuler de l\u2019eau, donc il faut une pompe, \u00e9galement appel\u00e9e circulateur. Son boulot, c\u2019est de convoyer la chaleur. La puissance thermique convoy\u00e9e par un tuyau d\u2019eau chaude se calcule ainsi Puissance = Coef1 x D\u00e9bit_eau x Teau = Coef2 x [&hellip;]<\/p>\n","protected":false},"author":1,"featured_media":0,"parent":0,"menu_order":0,"comment_status":"closed","ping_status":"closed","template":"","meta":{"footnotes":""},"class_list":["post-12","page","type-page","status-publish","hentry"],"yoast_head":"<!-- This site is optimized with the Yoast SEO plugin v25.8 - https:\/\/yoast.com\/wordpress\/plugins\/seo\/ -->\n<title>Vous pompiez\u00a0? J\u2019en suis fort aise. Eh bien\u00a0! r\u00e9gulez maintenant - Nicolas Duvernois personal web site<\/title>\n<meta name=\"robots\" content=\"index, follow, max-snippet:-1, max-image-preview:large, max-video-preview:-1\" \/>\n<link rel=\"canonical\" href=\"https:\/\/gr.intertel.club\/nduvernois\/economies-denergie-a-la-maison-vous-pompiez-jen-suis-fort-aise-eh-bien-regulez-maintenant\/\" \/>\n<meta property=\"og:locale\" content=\"fr_FR\" \/>\n<meta property=\"og:type\" content=\"article\" \/>\n<meta property=\"og:title\" content=\"Vous pompiez\u00a0? J\u2019en suis fort aise. Eh bien\u00a0! r\u00e9gulez maintenant - Nicolas Duvernois personal web site\" \/>\n<meta property=\"og:description\" content=\"Le concept d\u2019un syst\u00e8me de chauffage hydraulique avec radiateurs et\/ou plancher chauffant, c\u2019est de faire circuler de l\u2019eau, donc il faut une pompe, \u00e9galement appel\u00e9e circulateur. Son boulot, c\u2019est de convoyer la chaleur. La puissance thermique convoy\u00e9e par un tuyau d\u2019eau chaude se calcule ainsi Puissance = Coef1 x D\u00e9bit_eau x Teau = Coef2 x [&hellip;]\" \/>\n<meta property=\"og:url\" content=\"https:\/\/gr.intertel.club\/nduvernois\/economies-denergie-a-la-maison-vous-pompiez-jen-suis-fort-aise-eh-bien-regulez-maintenant\/\" \/>\n<meta property=\"og:site_name\" content=\"Nicolas Duvernois personal web site\" \/>\n<meta property=\"article:modified_time\" content=\"2025-10-16T20:07:53+00:00\" \/>\n<meta property=\"og:image\" content=\"https:\/\/gr.intertel.club\/nduvernois\/wp-content\/uploads\/sites\/2\/2025\/05\/image-6.png\" \/>\n\t<meta property=\"og:image:width\" content=\"1280\" \/>\n\t<meta property=\"og:image:height\" content=\"720\" \/>\n\t<meta property=\"og:image:type\" content=\"image\/png\" \/>\n<meta name=\"twitter:card\" content=\"summary_large_image\" \/>\n<meta name=\"twitter:label1\" content=\"Dur\u00e9e de lecture estim\u00e9e\" \/>\n\t<meta name=\"twitter:data1\" content=\"4 minutes\" \/>\n<script type=\"application\/ld+json\" class=\"yoast-schema-graph\">{\"@context\":\"https:\/\/schema.org\",\"@graph\":[{\"@type\":\"WebPage\",\"@id\":\"https:\/\/gr.intertel.club\/nduvernois\/economies-denergie-a-la-maison-vous-pompiez-jen-suis-fort-aise-eh-bien-regulez-maintenant\/\",\"url\":\"https:\/\/gr.intertel.club\/nduvernois\/economies-denergie-a-la-maison-vous-pompiez-jen-suis-fort-aise-eh-bien-regulez-maintenant\/\",\"name\":\"Vous pompiez\u00a0? J\u2019en suis fort aise. Eh bien\u00a0! r\u00e9gulez maintenant - Nicolas Duvernois personal web site\",\"isPartOf\":{\"@id\":\"https:\/\/gr.intertel.club\/nduvernois\/#website\"},\"primaryImageOfPage\":{\"@id\":\"https:\/\/gr.intertel.club\/nduvernois\/economies-denergie-a-la-maison-vous-pompiez-jen-suis-fort-aise-eh-bien-regulez-maintenant\/#primaryimage\"},\"image\":{\"@id\":\"https:\/\/gr.intertel.club\/nduvernois\/economies-denergie-a-la-maison-vous-pompiez-jen-suis-fort-aise-eh-bien-regulez-maintenant\/#primaryimage\"},\"thumbnailUrl\":\"https:\/\/gr.intertel.club\/nduvernois\/wp-content\/uploads\/sites\/2\/2025\/05\/image-6-1024x576.png\",\"datePublished\":\"2025-05-05T08:36:45+00:00\",\"dateModified\":\"2025-10-16T20:07:53+00:00\",\"breadcrumb\":{\"@id\":\"https:\/\/gr.intertel.club\/nduvernois\/economies-denergie-a-la-maison-vous-pompiez-jen-suis-fort-aise-eh-bien-regulez-maintenant\/#breadcrumb\"},\"inLanguage\":\"fr-FR\",\"potentialAction\":[{\"@type\":\"ReadAction\",\"target\":[\"https:\/\/gr.intertel.club\/nduvernois\/economies-denergie-a-la-maison-vous-pompiez-jen-suis-fort-aise-eh-bien-regulez-maintenant\/\"]}]},{\"@type\":\"ImageObject\",\"inLanguage\":\"fr-FR\",\"@id\":\"https:\/\/gr.intertel.club\/nduvernois\/economies-denergie-a-la-maison-vous-pompiez-jen-suis-fort-aise-eh-bien-regulez-maintenant\/#primaryimage\",\"url\":\"https:\/\/gr.intertel.club\/nduvernois\/wp-content\/uploads\/sites\/2\/2025\/05\/image-6.png\",\"contentUrl\":\"https:\/\/gr.intertel.club\/nduvernois\/wp-content\/uploads\/sites\/2\/2025\/05\/image-6.png\",\"width\":1280,\"height\":720},{\"@type\":\"BreadcrumbList\",\"@id\":\"https:\/\/gr.intertel.club\/nduvernois\/economies-denergie-a-la-maison-vous-pompiez-jen-suis-fort-aise-eh-bien-regulez-maintenant\/#breadcrumb\",\"itemListElement\":[{\"@type\":\"ListItem\",\"position\":1,\"name\":\"Home\",\"item\":\"https:\/\/gr.intertel.club\/nduvernois\/\"},{\"@type\":\"ListItem\",\"position\":2,\"name\":\"Vous pompiez\u00a0? J\u2019en suis fort aise. Eh bien\u00a0! r\u00e9gulez maintenant\"}]},{\"@type\":\"WebSite\",\"@id\":\"https:\/\/gr.intertel.club\/nduvernois\/#website\",\"url\":\"https:\/\/gr.intertel.club\/nduvernois\/\",\"name\":\"Nicolas Duvernois personal web site\",\"description\":\"\",\"potentialAction\":[{\"@type\":\"SearchAction\",\"target\":{\"@type\":\"EntryPoint\",\"urlTemplate\":\"https:\/\/gr.intertel.club\/nduvernois\/?s={search_term_string}\"},\"query-input\":{\"@type\":\"PropertyValueSpecification\",\"valueRequired\":true,\"valueName\":\"search_term_string\"}}],\"inLanguage\":\"fr-FR\"}]}<\/script>\n<!-- \/ Yoast SEO plugin. -->","yoast_head_json":{"title":"Vous pompiez\u00a0? J\u2019en suis fort aise. Eh bien\u00a0! r\u00e9gulez maintenant - Nicolas Duvernois personal web site","robots":{"index":"index","follow":"follow","max-snippet":"max-snippet:-1","max-image-preview":"max-image-preview:large","max-video-preview":"max-video-preview:-1"},"canonical":"https:\/\/gr.intertel.club\/nduvernois\/economies-denergie-a-la-maison-vous-pompiez-jen-suis-fort-aise-eh-bien-regulez-maintenant\/","og_locale":"fr_FR","og_type":"article","og_title":"Vous pompiez\u00a0? J\u2019en suis fort aise. Eh bien\u00a0! r\u00e9gulez maintenant - Nicolas Duvernois personal web site","og_description":"Le concept d\u2019un syst\u00e8me de chauffage hydraulique avec radiateurs et\/ou plancher chauffant, c\u2019est de faire circuler de l\u2019eau, donc il faut une pompe, \u00e9galement appel\u00e9e circulateur. Son boulot, c\u2019est de convoyer la chaleur. La puissance thermique convoy\u00e9e par un tuyau d\u2019eau chaude se calcule ainsi Puissance = Coef1 x D\u00e9bit_eau x Teau = Coef2 x [&hellip;]","og_url":"https:\/\/gr.intertel.club\/nduvernois\/economies-denergie-a-la-maison-vous-pompiez-jen-suis-fort-aise-eh-bien-regulez-maintenant\/","og_site_name":"Nicolas Duvernois personal web site","article_modified_time":"2025-10-16T20:07:53+00:00","og_image":[{"width":1280,"height":720,"url":"https:\/\/gr.intertel.club\/nduvernois\/wp-content\/uploads\/sites\/2\/2025\/05\/image-6.png","type":"image\/png"}],"twitter_card":"summary_large_image","twitter_misc":{"Dur\u00e9e de lecture estim\u00e9e":"4 minutes"},"schema":{"@context":"https:\/\/schema.org","@graph":[{"@type":"WebPage","@id":"https:\/\/gr.intertel.club\/nduvernois\/economies-denergie-a-la-maison-vous-pompiez-jen-suis-fort-aise-eh-bien-regulez-maintenant\/","url":"https:\/\/gr.intertel.club\/nduvernois\/economies-denergie-a-la-maison-vous-pompiez-jen-suis-fort-aise-eh-bien-regulez-maintenant\/","name":"Vous pompiez\u00a0? J\u2019en suis fort aise. Eh bien\u00a0! r\u00e9gulez maintenant - Nicolas Duvernois personal web site","isPartOf":{"@id":"https:\/\/gr.intertel.club\/nduvernois\/#website"},"primaryImageOfPage":{"@id":"https:\/\/gr.intertel.club\/nduvernois\/economies-denergie-a-la-maison-vous-pompiez-jen-suis-fort-aise-eh-bien-regulez-maintenant\/#primaryimage"},"image":{"@id":"https:\/\/gr.intertel.club\/nduvernois\/economies-denergie-a-la-maison-vous-pompiez-jen-suis-fort-aise-eh-bien-regulez-maintenant\/#primaryimage"},"thumbnailUrl":"https:\/\/gr.intertel.club\/nduvernois\/wp-content\/uploads\/sites\/2\/2025\/05\/image-6-1024x576.png","datePublished":"2025-05-05T08:36:45+00:00","dateModified":"2025-10-16T20:07:53+00:00","breadcrumb":{"@id":"https:\/\/gr.intertel.club\/nduvernois\/economies-denergie-a-la-maison-vous-pompiez-jen-suis-fort-aise-eh-bien-regulez-maintenant\/#breadcrumb"},"inLanguage":"fr-FR","potentialAction":[{"@type":"ReadAction","target":["https:\/\/gr.intertel.club\/nduvernois\/economies-denergie-a-la-maison-vous-pompiez-jen-suis-fort-aise-eh-bien-regulez-maintenant\/"]}]},{"@type":"ImageObject","inLanguage":"fr-FR","@id":"https:\/\/gr.intertel.club\/nduvernois\/economies-denergie-a-la-maison-vous-pompiez-jen-suis-fort-aise-eh-bien-regulez-maintenant\/#primaryimage","url":"https:\/\/gr.intertel.club\/nduvernois\/wp-content\/uploads\/sites\/2\/2025\/05\/image-6.png","contentUrl":"https:\/\/gr.intertel.club\/nduvernois\/wp-content\/uploads\/sites\/2\/2025\/05\/image-6.png","width":1280,"height":720},{"@type":"BreadcrumbList","@id":"https:\/\/gr.intertel.club\/nduvernois\/economies-denergie-a-la-maison-vous-pompiez-jen-suis-fort-aise-eh-bien-regulez-maintenant\/#breadcrumb","itemListElement":[{"@type":"ListItem","position":1,"name":"Home","item":"https:\/\/gr.intertel.club\/nduvernois\/"},{"@type":"ListItem","position":2,"name":"Vous pompiez\u00a0? J\u2019en suis fort aise. Eh bien\u00a0! r\u00e9gulez maintenant"}]},{"@type":"WebSite","@id":"https:\/\/gr.intertel.club\/nduvernois\/#website","url":"https:\/\/gr.intertel.club\/nduvernois\/","name":"Nicolas Duvernois personal web site","description":"","potentialAction":[{"@type":"SearchAction","target":{"@type":"EntryPoint","urlTemplate":"https:\/\/gr.intertel.club\/nduvernois\/?s={search_term_string}"},"query-input":{"@type":"PropertyValueSpecification","valueRequired":true,"valueName":"search_term_string"}}],"inLanguage":"fr-FR"}]}},"_links":{"self":[{"href":"https:\/\/gr.intertel.club\/nduvernois\/wp-json\/wp\/v2\/pages\/12","targetHints":{"allow":["GET"]}}],"collection":[{"href":"https:\/\/gr.intertel.club\/nduvernois\/wp-json\/wp\/v2\/pages"}],"about":[{"href":"https:\/\/gr.intertel.club\/nduvernois\/wp-json\/wp\/v2\/types\/page"}],"author":[{"embeddable":true,"href":"https:\/\/gr.intertel.club\/nduvernois\/wp-json\/wp\/v2\/users\/1"}],"replies":[{"embeddable":true,"href":"https:\/\/gr.intertel.club\/nduvernois\/wp-json\/wp\/v2\/comments?post=12"}],"version-history":[{"count":3,"href":"https:\/\/gr.intertel.club\/nduvernois\/wp-json\/wp\/v2\/pages\/12\/revisions"}],"predecessor-version":[{"id":136,"href":"https:\/\/gr.intertel.club\/nduvernois\/wp-json\/wp\/v2\/pages\/12\/revisions\/136"}],"wp:attachment":[{"href":"https:\/\/gr.intertel.club\/nduvernois\/wp-json\/wp\/v2\/media?parent=12"}],"curies":[{"name":"wp","href":"https:\/\/api.w.org\/{rel}","templated":true}]}}