{"id":102,"date":"2025-09-09T19:59:52","date_gmt":"2025-09-09T19:59:52","guid":{"rendered":"https:\/\/gr.intertel.club\/nduvernois\/?page_id=102"},"modified":"2025-10-16T19:57:28","modified_gmt":"2025-10-16T19:57:28","slug":"economies-denergie-a-la-maison-de-lair","status":"publish","type":"page","link":"https:\/\/gr.intertel.club\/nduvernois\/economies-denergie-a-la-maison-de-lair\/","title":{"rendered":"De l&rsquo;air !"},"content":{"rendered":"\n<p id=\"ember8256\"><img loading=\"lazy\" decoding=\"async\" width=\"1536\" height=\"1024\" class=\"wp-image-103\" style=\"width: 600px\" src=\"https:\/\/gr.intertel.club\/nduvernois\/wp-content\/uploads\/sites\/2\/2025\/09\/250825-de-lair-agreable.png\" alt=\"\" srcset=\"https:\/\/gr.intertel.club\/nduvernois\/wp-content\/uploads\/sites\/2\/2025\/09\/250825-de-lair-agreable.png 1536w, https:\/\/gr.intertel.club\/nduvernois\/wp-content\/uploads\/sites\/2\/2025\/09\/250825-de-lair-agreable-300x200.png 300w, https:\/\/gr.intertel.club\/nduvernois\/wp-content\/uploads\/sites\/2\/2025\/09\/250825-de-lair-agreable-1024x683.png 1024w, https:\/\/gr.intertel.club\/nduvernois\/wp-content\/uploads\/sites\/2\/2025\/09\/250825-de-lair-agreable-768x512.png 768w\" sizes=\"auto, (max-width: 1536px) 100vw, 1536px\" \/><\/p>\n\n\n\n<p id=\"ember8262\">J\u2019en ai parl\u00e9 pr\u00e9c\u00e9demment, le renouvellement d\u2019air des logements est important.<\/p>\n\n\n\n<p id=\"ember2748\">Commen\u00e7ons par un probl\u00e8me s\u00e9curitaire&nbsp;: les installations de chauffage par combustion (chemin\u00e9e, po\u00eale, chaudi\u00e8re, \u2026) doivent disposer d\u2019une entr\u00e9e d\u2019air suffisante. Ce n\u2019est pas une parole en l\u2019air, regardez <a href=\"https:\/\/sante.gouv.fr\/sante-et-environnement\/batiments\/article\/intoxications-au-monoxyde-de-carbone\">ici<\/a> si vous avez un doute.<\/p>\n\n\n\n<p id=\"ember8262\">Passons au confort. En vivant dans votre logement, vous \u00e9mettez du CO2 et de l\u2019humidit\u00e9\u00a0: respiration, cuisine, s\u00e9chage du linge, salle de bains, \u2026 Le logement doit donc \u00eatre con\u00e7u pour \u00e9vacuer tout cela, dans les quantit\u00e9s pr\u00e9vues. Pour les logements r\u00e9cents, la VMC fait le n\u00e9cessaire. Pour les logements \u00ab\u00a0anciens\u00a0\u00bb, le manque d\u2019\u00e9tanch\u00e9it\u00e9 faisait l\u2019affaire, avec les usages pr\u00e9vus \u00e0 l\u2019\u00e9poque de la construction, qui ne sont pas forc\u00e9ment les m\u00eames qu\u2019aujourd\u2019hui. Dans ce cas, si vous n\u2019avez pas de VMC, il est probablement temps d\u2019y songer, ainsi que d\u2019\u00e9tanch\u00e9ifier. Alors, non, ce n\u2019est pas contradictoire de commencer par \u00e9tanch\u00e9ifier avant d\u2019installer une VMC\u00a0: le C de VMC signifie Contr\u00f4l\u00e9. Si votre enveloppe n\u2019est pas \u00e9tanche (et c\u2019est un vrai sujet, pas si simple), alors vous n\u2019aurez pas les performances souhait\u00e9es.<\/p>\n\n\n\n<p id=\"ember8262\">En simplifiant un peu, il y a 2 types de VMC&nbsp;: simple flux (= un moteur pour aspirer l\u2019air dans les pi\u00e8ces humides, des ouvertures sur les fen\u00eatres ou les coffres de volet dans les pi\u00e8ces s\u00e8ches), ou double flux (= un moteur pour aspirer l\u2019air ext\u00e9rieur et le pousser dans chaque pi\u00e8ce + un moteur pour aspirer l\u2019air dans chaque pi\u00e8ce).<\/p>\n\n\n\n<p id=\"ember8262\">L\u2019installation des simples flux est standard, m\u00eame si une recherche dans LinkedIn vous permettra de tomber sur des b\u00eatisiers. C\u00f4t\u00e9 entr\u00e9e d\u2019air, il y a des basiques, et d\u2019autres qui permettent d\u2019att\u00e9nuer le bruit ext\u00e9rieur (ce ne sont pas celles-ci qui sont mont\u00e9es en standard, vous les trouverez chez les grossistes \u00ab\u00a0pro\u00a0\u00bb plut\u00f4t que chez Brico-Truc). Et n\u2019oubliez, au moins 1 fois par trimestre, de nettoyer les clapets d\u00e9montables sur les extractions d\u2019air, ainsi que de v\u00e9rifier que la pile 9V a encore du jus.<\/p>\n\n\n\n<p id=\"ember8262\">Pour la double flux, c\u2019est beaucoup plus compliqu\u00e9, et il faut vraiment quelqu\u2019un qui sache faire correctement ce job, sinon le r\u00e9sultat \u00e0 l\u2019utilisation peut vraiment \u00eatre catastrophique. Quels avantages pour le double flux&nbsp;? Vous pouvez avoir de la r\u00e9cup\u00e9ration de chaleur (pas d\u2019entr\u00e9e d\u2019air froid en hiver = moins de consommation de chauffage, ni d&rsquo;air chaud en \u00e9t\u00e9 = moins de surchauffe), de la filtration de l\u2019air ext\u00e9rieur (donc des filtres \u00e0 changer r\u00e9guli\u00e8rement, mais les allergiques aux pollens vont appr\u00e9cier), et en option une modulation du d\u00e9bit d\u2019air en fonction de la qualit\u00e9 d\u2019air int\u00e9rieur (moins de consommation \u00e9lectrique). Mais, \u00e9videmment, c\u2019est plus cher qu\u2019une simple flux. Ah, j\u2019oubliais, finis les traces noires sur les voilages devant l\u2019entr\u00e9e d\u2019air sur la fen\u00eatre, la transmission du bruit ext\u00e9rieur et ce \u00ab&nbsp;clac-clac&nbsp;\u00bb si harmonieux quand le vent souffle pile-poil dans l\u2019axe de l\u2019entr\u00e9e d\u2019air hygro-r\u00e9gul\u00e9e.<\/p>\n\n\n\n<p id=\"ember8262\">Et pour finir, cela vous dit un peu de <a href=\"https:\/\/www.youtube.com\/watch?v=BRTDC9Z5UdE&amp;list=RDBRTDC9Z5UdE&amp;start_radio=1\">vent<\/a> ?<\/p>\n\n\n\n<p><\/p>\n","protected":false},"excerpt":{"rendered":"<p>J\u2019en ai parl\u00e9 pr\u00e9c\u00e9demment, le renouvellement d\u2019air des logements est important. Commen\u00e7ons par un probl\u00e8me s\u00e9curitaire&nbsp;: les installations de chauffage par combustion (chemin\u00e9e, po\u00eale, chaudi\u00e8re, \u2026) doivent disposer d\u2019une entr\u00e9e d\u2019air suffisante. Ce n\u2019est pas une parole en l\u2019air, regardez ici si vous avez un doute. Passons au confort. En vivant dans votre logement, vous [&hellip;]<\/p>\n","protected":false},"author":2,"featured_media":0,"parent":0,"menu_order":0,"comment_status":"closed","ping_status":"closed","template":"","meta":{"footnotes":""},"class_list":["post-102","page","type-page","status-publish","hentry"],"yoast_head":"<!-- This site is optimized with the Yoast SEO plugin v25.8 - https:\/\/yoast.com\/wordpress\/plugins\/seo\/ -->\n<title>De l&#039;air ! - Nicolas Duvernois personal web site<\/title>\n<meta name=\"robots\" content=\"index, follow, max-snippet:-1, max-image-preview:large, max-video-preview:-1\" \/>\n<link rel=\"canonical\" href=\"https:\/\/gr.intertel.club\/nduvernois\/economies-denergie-a-la-maison-de-lair\/\" \/>\n<meta property=\"og:locale\" content=\"fr_FR\" \/>\n<meta property=\"og:type\" content=\"article\" \/>\n<meta property=\"og:title\" content=\"De l&#039;air ! - Nicolas Duvernois personal web site\" \/>\n<meta property=\"og:description\" content=\"J\u2019en ai parl\u00e9 pr\u00e9c\u00e9demment, le renouvellement d\u2019air des logements est important. Commen\u00e7ons par un probl\u00e8me s\u00e9curitaire&nbsp;: les installations de chauffage par combustion (chemin\u00e9e, po\u00eale, chaudi\u00e8re, \u2026) doivent disposer d\u2019une entr\u00e9e d\u2019air suffisante. Ce n\u2019est pas une parole en l\u2019air, regardez ici si vous avez un doute. Passons au confort. En vivant dans votre logement, vous [&hellip;]\" \/>\n<meta property=\"og:url\" content=\"https:\/\/gr.intertel.club\/nduvernois\/economies-denergie-a-la-maison-de-lair\/\" \/>\n<meta property=\"og:site_name\" content=\"Nicolas Duvernois personal web site\" \/>\n<meta property=\"article:modified_time\" content=\"2025-10-16T19:57:28+00:00\" \/>\n<meta property=\"og:image\" content=\"https:\/\/gr.intertel.club\/nduvernois\/wp-content\/uploads\/sites\/2\/2025\/09\/250825-de-lair-agreable-1024x683.png\" \/>\n\t<meta property=\"og:image:width\" content=\"1024\" \/>\n\t<meta property=\"og:image:height\" content=\"683\" \/>\n\t<meta property=\"og:image:type\" content=\"image\/png\" \/>\n<meta name=\"twitter:card\" content=\"summary_large_image\" \/>\n<meta name=\"twitter:label1\" content=\"Dur\u00e9e de lecture estim\u00e9e\" \/>\n\t<meta name=\"twitter:data1\" content=\"3 minutes\" \/>\n<script type=\"application\/ld+json\" class=\"yoast-schema-graph\">{\"@context\":\"https:\/\/schema.org\",\"@graph\":[{\"@type\":\"WebPage\",\"@id\":\"https:\/\/gr.intertel.club\/nduvernois\/economies-denergie-a-la-maison-de-lair\/\",\"url\":\"https:\/\/gr.intertel.club\/nduvernois\/economies-denergie-a-la-maison-de-lair\/\",\"name\":\"De l'air ! - Nicolas Duvernois personal web site\",\"isPartOf\":{\"@id\":\"https:\/\/gr.intertel.club\/nduvernois\/#website\"},\"primaryImageOfPage\":{\"@id\":\"https:\/\/gr.intertel.club\/nduvernois\/economies-denergie-a-la-maison-de-lair\/#primaryimage\"},\"image\":{\"@id\":\"https:\/\/gr.intertel.club\/nduvernois\/economies-denergie-a-la-maison-de-lair\/#primaryimage\"},\"thumbnailUrl\":\"https:\/\/gr.intertel.club\/nduvernois\/wp-content\/uploads\/sites\/2\/2025\/09\/250825-de-lair-agreable.png\",\"datePublished\":\"2025-09-09T19:59:52+00:00\",\"dateModified\":\"2025-10-16T19:57:28+00:00\",\"breadcrumb\":{\"@id\":\"https:\/\/gr.intertel.club\/nduvernois\/economies-denergie-a-la-maison-de-lair\/#breadcrumb\"},\"inLanguage\":\"fr-FR\",\"potentialAction\":[{\"@type\":\"ReadAction\",\"target\":[\"https:\/\/gr.intertel.club\/nduvernois\/economies-denergie-a-la-maison-de-lair\/\"]}]},{\"@type\":\"ImageObject\",\"inLanguage\":\"fr-FR\",\"@id\":\"https:\/\/gr.intertel.club\/nduvernois\/economies-denergie-a-la-maison-de-lair\/#primaryimage\",\"url\":\"https:\/\/gr.intertel.club\/nduvernois\/wp-content\/uploads\/sites\/2\/2025\/09\/250825-de-lair-agreable.png\",\"contentUrl\":\"https:\/\/gr.intertel.club\/nduvernois\/wp-content\/uploads\/sites\/2\/2025\/09\/250825-de-lair-agreable.png\",\"width\":1536,\"height\":1024},{\"@type\":\"BreadcrumbList\",\"@id\":\"https:\/\/gr.intertel.club\/nduvernois\/economies-denergie-a-la-maison-de-lair\/#breadcrumb\",\"itemListElement\":[{\"@type\":\"ListItem\",\"position\":1,\"name\":\"Home\",\"item\":\"https:\/\/gr.intertel.club\/nduvernois\/\"},{\"@type\":\"ListItem\",\"position\":2,\"name\":\"De l&rsquo;air !\"}]},{\"@type\":\"WebSite\",\"@id\":\"https:\/\/gr.intertel.club\/nduvernois\/#website\",\"url\":\"https:\/\/gr.intertel.club\/nduvernois\/\",\"name\":\"Nicolas Duvernois personal web site\",\"description\":\"\",\"potentialAction\":[{\"@type\":\"SearchAction\",\"target\":{\"@type\":\"EntryPoint\",\"urlTemplate\":\"https:\/\/gr.intertel.club\/nduvernois\/?s={search_term_string}\"},\"query-input\":{\"@type\":\"PropertyValueSpecification\",\"valueRequired\":true,\"valueName\":\"search_term_string\"}}],\"inLanguage\":\"fr-FR\"}]}<\/script>\n<!-- \/ Yoast SEO plugin. -->","yoast_head_json":{"title":"De l'air ! - Nicolas Duvernois personal web site","robots":{"index":"index","follow":"follow","max-snippet":"max-snippet:-1","max-image-preview":"max-image-preview:large","max-video-preview":"max-video-preview:-1"},"canonical":"https:\/\/gr.intertel.club\/nduvernois\/economies-denergie-a-la-maison-de-lair\/","og_locale":"fr_FR","og_type":"article","og_title":"De l'air ! - Nicolas Duvernois personal web site","og_description":"J\u2019en ai parl\u00e9 pr\u00e9c\u00e9demment, le renouvellement d\u2019air des logements est important. Commen\u00e7ons par un probl\u00e8me s\u00e9curitaire&nbsp;: les installations de chauffage par combustion (chemin\u00e9e, po\u00eale, chaudi\u00e8re, \u2026) doivent disposer d\u2019une entr\u00e9e d\u2019air suffisante. Ce n\u2019est pas une parole en l\u2019air, regardez ici si vous avez un doute. Passons au confort. En vivant dans votre logement, vous [&hellip;]","og_url":"https:\/\/gr.intertel.club\/nduvernois\/economies-denergie-a-la-maison-de-lair\/","og_site_name":"Nicolas Duvernois personal web site","article_modified_time":"2025-10-16T19:57:28+00:00","og_image":[{"width":1024,"height":683,"url":"https:\/\/gr.intertel.club\/nduvernois\/wp-content\/uploads\/sites\/2\/2025\/09\/250825-de-lair-agreable-1024x683.png","type":"image\/png"}],"twitter_card":"summary_large_image","twitter_misc":{"Dur\u00e9e de lecture estim\u00e9e":"3 minutes"},"schema":{"@context":"https:\/\/schema.org","@graph":[{"@type":"WebPage","@id":"https:\/\/gr.intertel.club\/nduvernois\/economies-denergie-a-la-maison-de-lair\/","url":"https:\/\/gr.intertel.club\/nduvernois\/economies-denergie-a-la-maison-de-lair\/","name":"De l'air ! - Nicolas Duvernois personal web site","isPartOf":{"@id":"https:\/\/gr.intertel.club\/nduvernois\/#website"},"primaryImageOfPage":{"@id":"https:\/\/gr.intertel.club\/nduvernois\/economies-denergie-a-la-maison-de-lair\/#primaryimage"},"image":{"@id":"https:\/\/gr.intertel.club\/nduvernois\/economies-denergie-a-la-maison-de-lair\/#primaryimage"},"thumbnailUrl":"https:\/\/gr.intertel.club\/nduvernois\/wp-content\/uploads\/sites\/2\/2025\/09\/250825-de-lair-agreable.png","datePublished":"2025-09-09T19:59:52+00:00","dateModified":"2025-10-16T19:57:28+00:00","breadcrumb":{"@id":"https:\/\/gr.intertel.club\/nduvernois\/economies-denergie-a-la-maison-de-lair\/#breadcrumb"},"inLanguage":"fr-FR","potentialAction":[{"@type":"ReadAction","target":["https:\/\/gr.intertel.club\/nduvernois\/economies-denergie-a-la-maison-de-lair\/"]}]},{"@type":"ImageObject","inLanguage":"fr-FR","@id":"https:\/\/gr.intertel.club\/nduvernois\/economies-denergie-a-la-maison-de-lair\/#primaryimage","url":"https:\/\/gr.intertel.club\/nduvernois\/wp-content\/uploads\/sites\/2\/2025\/09\/250825-de-lair-agreable.png","contentUrl":"https:\/\/gr.intertel.club\/nduvernois\/wp-content\/uploads\/sites\/2\/2025\/09\/250825-de-lair-agreable.png","width":1536,"height":1024},{"@type":"BreadcrumbList","@id":"https:\/\/gr.intertel.club\/nduvernois\/economies-denergie-a-la-maison-de-lair\/#breadcrumb","itemListElement":[{"@type":"ListItem","position":1,"name":"Home","item":"https:\/\/gr.intertel.club\/nduvernois\/"},{"@type":"ListItem","position":2,"name":"De l&rsquo;air !"}]},{"@type":"WebSite","@id":"https:\/\/gr.intertel.club\/nduvernois\/#website","url":"https:\/\/gr.intertel.club\/nduvernois\/","name":"Nicolas Duvernois personal web site","description":"","potentialAction":[{"@type":"SearchAction","target":{"@type":"EntryPoint","urlTemplate":"https:\/\/gr.intertel.club\/nduvernois\/?s={search_term_string}"},"query-input":{"@type":"PropertyValueSpecification","valueRequired":true,"valueName":"search_term_string"}}],"inLanguage":"fr-FR"}]}},"_links":{"self":[{"href":"https:\/\/gr.intertel.club\/nduvernois\/wp-json\/wp\/v2\/pages\/102","targetHints":{"allow":["GET"]}}],"collection":[{"href":"https:\/\/gr.intertel.club\/nduvernois\/wp-json\/wp\/v2\/pages"}],"about":[{"href":"https:\/\/gr.intertel.club\/nduvernois\/wp-json\/wp\/v2\/types\/page"}],"author":[{"embeddable":true,"href":"https:\/\/gr.intertel.club\/nduvernois\/wp-json\/wp\/v2\/users\/2"}],"replies":[{"embeddable":true,"href":"https:\/\/gr.intertel.club\/nduvernois\/wp-json\/wp\/v2\/comments?post=102"}],"version-history":[{"count":2,"href":"https:\/\/gr.intertel.club\/nduvernois\/wp-json\/wp\/v2\/pages\/102\/revisions"}],"predecessor-version":[{"id":122,"href":"https:\/\/gr.intertel.club\/nduvernois\/wp-json\/wp\/v2\/pages\/102\/revisions\/122"}],"wp:attachment":[{"href":"https:\/\/gr.intertel.club\/nduvernois\/wp-json\/wp\/v2\/media?parent=102"}],"curies":[{"name":"wp","href":"https:\/\/api.w.org\/{rel}","templated":true}]}}