{"id":27,"date":"2025-10-08T20:09:56","date_gmt":"2025-10-08T19:09:56","guid":{"rendered":"https:\/\/gr.intertel.club\/alex\/?page_id=27"},"modified":"2025-10-28T10:53:26","modified_gmt":"2025-10-28T10:53:26","slug":"documents-de-vente","status":"publish","type":"page","link":"https:\/\/gr.intertel.club\/alex\/documents-de-vente\/","title":{"rendered":"Entretiens et factures r\u00e9centes"},"content":{"rendered":"\n<p>Les &#8220;accessoires&#8221; (pompe \u00e0 eau, &#8230;) ont \u00e9t\u00e9 remplac\u00e9s<br>L&#8217;embrayage a \u00e9t\u00e9 remplac\u00e9<br>Le radiateur a \u00e9t\u00e9 remplac\u00e9<br>La distribution a \u00e9t\u00e9 faite, ainsi que<br>Le joint de culasse<br>Et la suspension avant (amortisseurs, &#8230;)<\/p>\n\n\n\n<div data-wp-interactive=\"core\/file\" class=\"wp-block-file\"><object data-wp-bind--hidden=\"!state.hasPdfPreview\" hidden class=\"wp-block-file__embed\" data=\"https:\/\/gr.intertel.club\/alex\/wp-content\/uploads\/sites\/9\/2025\/10\/Facture-dernier-entretien.pdf\" type=\"application\/pdf\" style=\"width:100%;height:600px\" aria-label=\"Embed of Facture dernier entretien.\"><\/object><a id=\"wp-block-file--media-fe414c2c-a498-42ee-818a-92dd635463f0\" href=\"https:\/\/gr.intertel.club\/alex\/wp-content\/uploads\/sites\/9\/2025\/10\/Facture-dernier-entretien.pdf\">Facture dernier entretien<\/a><a href=\"https:\/\/gr.intertel.club\/alex\/wp-content\/uploads\/sites\/9\/2025\/10\/Facture-dernier-entretien.pdf\" class=\"wp-block-file__button wp-element-button\" download aria-describedby=\"wp-block-file--media-fe414c2c-a498-42ee-818a-92dd635463f0\">Download<\/a><\/div>\n\n\n\n<div data-wp-interactive=\"core\/file\" class=\"wp-block-file\"><object data-wp-bind--hidden=\"!state.hasPdfPreview\" hidden class=\"wp-block-file__embed\" data=\"https:\/\/gr.intertel.club\/alex\/wp-content\/uploads\/sites\/9\/2025\/10\/Facture-distribution-et-accessoires.pdf\" type=\"application\/pdf\" style=\"width:100%;height:600px\" aria-label=\"Embed of Facture distribution et accessoires.\"><\/object><a id=\"wp-block-file--media-c8fb89cf-ed5e-4cc8-8167-20034496e086\" href=\"https:\/\/gr.intertel.club\/alex\/wp-content\/uploads\/sites\/9\/2025\/10\/Facture-distribution-et-accessoires.pdf\">Facture distribution et accessoires<\/a><a href=\"https:\/\/gr.intertel.club\/alex\/wp-content\/uploads\/sites\/9\/2025\/10\/Facture-distribution-et-accessoires.pdf\" class=\"wp-block-file__button wp-element-button\" download aria-describedby=\"wp-block-file--media-c8fb89cf-ed5e-4cc8-8167-20034496e086\">Download<\/a><\/div>\n\n\n\n<div data-wp-interactive=\"core\/file\" class=\"wp-block-file\"><object data-wp-bind--hidden=\"!state.hasPdfPreview\" hidden class=\"wp-block-file__embed\" data=\"https:\/\/gr.intertel.club\/alex\/wp-content\/uploads\/sites\/9\/2025\/10\/Facture-suspension-avant.pdf\" type=\"application\/pdf\" style=\"width:100%;height:600px\" aria-label=\"Embed of Facture suspension avant.\"><\/object><a id=\"wp-block-file--media-a602c2d9-c181-43c3-b20c-5f2b42f48178\" href=\"https:\/\/gr.intertel.club\/alex\/wp-content\/uploads\/sites\/9\/2025\/10\/Facture-suspension-avant.pdf\">Facture suspension avant<\/a><a href=\"https:\/\/gr.intertel.club\/alex\/wp-content\/uploads\/sites\/9\/2025\/10\/Facture-suspension-avant.pdf\" class=\"wp-block-file__button wp-element-button\" download aria-describedby=\"wp-block-file--media-a602c2d9-c181-43c3-b20c-5f2b42f48178\">Download<\/a><\/div>\n","protected":false},"excerpt":{"rendered":"<p>Les &#8220;accessoires&#8221; (pompe \u00e0 eau, &#8230;) ont \u00e9t\u00e9 remplac\u00e9sL&#8217;embrayage a \u00e9t\u00e9 remplac\u00e9Le radiateur a \u00e9t\u00e9 remplac\u00e9La distribution a \u00e9t\u00e9 faite, ainsi queLe joint de culasseEt la suspension avant (amortisseurs, &#8230;)<\/p>\n","protected":false},"author":1,"featured_media":0,"parent":0,"menu_order":0,"comment_status":"closed","ping_status":"closed","template":"","meta":{"footnotes":""},"class_list":["post-27","page","type-page","status-publish","hentry"],"yoast_head":"<!-- This site is optimized with the Yoast SEO plugin v25.8 - https:\/\/yoast.com\/wordpress\/plugins\/seo\/ -->\n<title>Entretiens et factures r\u00e9centes - Alex personal pages<\/title>\n<meta name=\"robots\" content=\"index, follow, max-snippet:-1, max-image-preview:large, max-video-preview:-1\" \/>\n<link rel=\"canonical\" href=\"https:\/\/gr.intertel.club\/alex\/documents-de-vente\/\" \/>\n<meta property=\"og:locale\" content=\"en_GB\" \/>\n<meta property=\"og:type\" content=\"article\" \/>\n<meta property=\"og:title\" content=\"Entretiens et factures r\u00e9centes - Alex personal pages\" \/>\n<meta property=\"og:description\" content=\"Les &#8220;accessoires&#8221; (pompe \u00e0 eau, &#8230;) ont \u00e9t\u00e9 remplac\u00e9sL&#8217;embrayage a \u00e9t\u00e9 remplac\u00e9Le radiateur a \u00e9t\u00e9 remplac\u00e9La distribution a \u00e9t\u00e9 faite, ainsi queLe joint de culasseEt la suspension avant (amortisseurs, &#8230;)\" \/>\n<meta property=\"og:url\" content=\"https:\/\/gr.intertel.club\/alex\/documents-de-vente\/\" \/>\n<meta property=\"og:site_name\" content=\"Alex personal pages\" \/>\n<meta property=\"article:modified_time\" content=\"2025-10-28T10:53:26+00:00\" \/>\n<meta name=\"twitter:card\" content=\"summary_large_image\" \/>\n<meta name=\"twitter:label1\" content=\"Estimated reading time\" \/>\n\t<meta name=\"twitter:data1\" content=\"1 minute\" \/>\n<script type=\"application\/ld+json\" class=\"yoast-schema-graph\">{\"@context\":\"https:\/\/schema.org\",\"@graph\":[{\"@type\":\"WebPage\",\"@id\":\"https:\/\/gr.intertel.club\/alex\/documents-de-vente\/\",\"url\":\"https:\/\/gr.intertel.club\/alex\/documents-de-vente\/\",\"name\":\"Entretiens et factures r\u00e9centes - Alex personal pages\",\"isPartOf\":{\"@id\":\"https:\/\/gr.intertel.club\/alex\/#website\"},\"datePublished\":\"2025-10-08T19:09:56+00:00\",\"dateModified\":\"2025-10-28T10:53:26+00:00\",\"breadcrumb\":{\"@id\":\"https:\/\/gr.intertel.club\/alex\/documents-de-vente\/#breadcrumb\"},\"inLanguage\":\"en-GB\",\"potentialAction\":[{\"@type\":\"ReadAction\",\"target\":[\"https:\/\/gr.intertel.club\/alex\/documents-de-vente\/\"]}]},{\"@type\":\"BreadcrumbList\",\"@id\":\"https:\/\/gr.intertel.club\/alex\/documents-de-vente\/#breadcrumb\",\"itemListElement\":[{\"@type\":\"ListItem\",\"position\":1,\"name\":\"Home\",\"item\":\"https:\/\/gr.intertel.club\/alex\/\"},{\"@type\":\"ListItem\",\"position\":2,\"name\":\"Entretiens et factures r\u00e9centes\"}]},{\"@type\":\"WebSite\",\"@id\":\"https:\/\/gr.intertel.club\/alex\/#website\",\"url\":\"https:\/\/gr.intertel.club\/alex\/\",\"name\":\"Alex personal pages\",\"description\":\"\",\"potentialAction\":[{\"@type\":\"SearchAction\",\"target\":{\"@type\":\"EntryPoint\",\"urlTemplate\":\"https:\/\/gr.intertel.club\/alex\/?s={search_term_string}\"},\"query-input\":{\"@type\":\"PropertyValueSpecification\",\"valueRequired\":true,\"valueName\":\"search_term_string\"}}],\"inLanguage\":\"en-GB\"}]}<\/script>\n<!-- \/ Yoast SEO plugin. -->","yoast_head_json":{"title":"Entretiens et factures r\u00e9centes - Alex personal pages","robots":{"index":"index","follow":"follow","max-snippet":"max-snippet:-1","max-image-preview":"max-image-preview:large","max-video-preview":"max-video-preview:-1"},"canonical":"https:\/\/gr.intertel.club\/alex\/documents-de-vente\/","og_locale":"en_GB","og_type":"article","og_title":"Entretiens et factures r\u00e9centes - Alex personal pages","og_description":"Les &#8220;accessoires&#8221; (pompe \u00e0 eau, &#8230;) ont \u00e9t\u00e9 remplac\u00e9sL&#8217;embrayage a \u00e9t\u00e9 remplac\u00e9Le radiateur a \u00e9t\u00e9 remplac\u00e9La distribution a \u00e9t\u00e9 faite, ainsi queLe joint de culasseEt la suspension avant (amortisseurs, &#8230;)","og_url":"https:\/\/gr.intertel.club\/alex\/documents-de-vente\/","og_site_name":"Alex personal pages","article_modified_time":"2025-10-28T10:53:26+00:00","twitter_card":"summary_large_image","twitter_misc":{"Estimated reading time":"1 minute"},"schema":{"@context":"https:\/\/schema.org","@graph":[{"@type":"WebPage","@id":"https:\/\/gr.intertel.club\/alex\/documents-de-vente\/","url":"https:\/\/gr.intertel.club\/alex\/documents-de-vente\/","name":"Entretiens et factures r\u00e9centes - Alex personal pages","isPartOf":{"@id":"https:\/\/gr.intertel.club\/alex\/#website"},"datePublished":"2025-10-08T19:09:56+00:00","dateModified":"2025-10-28T10:53:26+00:00","breadcrumb":{"@id":"https:\/\/gr.intertel.club\/alex\/documents-de-vente\/#breadcrumb"},"inLanguage":"en-GB","potentialAction":[{"@type":"ReadAction","target":["https:\/\/gr.intertel.club\/alex\/documents-de-vente\/"]}]},{"@type":"BreadcrumbList","@id":"https:\/\/gr.intertel.club\/alex\/documents-de-vente\/#breadcrumb","itemListElement":[{"@type":"ListItem","position":1,"name":"Home","item":"https:\/\/gr.intertel.club\/alex\/"},{"@type":"ListItem","position":2,"name":"Entretiens et factures r\u00e9centes"}]},{"@type":"WebSite","@id":"https:\/\/gr.intertel.club\/alex\/#website","url":"https:\/\/gr.intertel.club\/alex\/","name":"Alex personal pages","description":"","potentialAction":[{"@type":"SearchAction","target":{"@type":"EntryPoint","urlTemplate":"https:\/\/gr.intertel.club\/alex\/?s={search_term_string}"},"query-input":{"@type":"PropertyValueSpecification","valueRequired":true,"valueName":"search_term_string"}}],"inLanguage":"en-GB"}]}},"_links":{"self":[{"href":"https:\/\/gr.intertel.club\/alex\/wp-json\/wp\/v2\/pages\/27","targetHints":{"allow":["GET"]}}],"collection":[{"href":"https:\/\/gr.intertel.club\/alex\/wp-json\/wp\/v2\/pages"}],"about":[{"href":"https:\/\/gr.intertel.club\/alex\/wp-json\/wp\/v2\/types\/page"}],"author":[{"embeddable":true,"href":"https:\/\/gr.intertel.club\/alex\/wp-json\/wp\/v2\/users\/1"}],"replies":[{"embeddable":true,"href":"https:\/\/gr.intertel.club\/alex\/wp-json\/wp\/v2\/comments?post=27"}],"version-history":[{"count":2,"href":"https:\/\/gr.intertel.club\/alex\/wp-json\/wp\/v2\/pages\/27\/revisions"}],"predecessor-version":[{"id":41,"href":"https:\/\/gr.intertel.club\/alex\/wp-json\/wp\/v2\/pages\/27\/revisions\/41"}],"wp:attachment":[{"href":"https:\/\/gr.intertel.club\/alex\/wp-json\/wp\/v2\/media?parent=27"}],"curies":[{"name":"wp","href":"https:\/\/api.w.org\/{rel}","templated":true}]}}